{"id":6573,"date":"2025-05-30T00:05:46","date_gmt":"2025-05-29T22:05:46","guid":{"rendered":"https:\/\/www.ngdcare.nl\/product\/ukategorisert\/5-greener\/"},"modified":"2025-11-26T22:43:31","modified_gmt":"2025-11-26T21:43:31","slug":"5-greener","status":"publish","type":"product","link":"https:\/\/www.ngdcare.nl\/no\/product\/veterinary-health\/anriking\/mat-palegg\/5-greener\/","title":{"rendered":"Fem greener"},"content":{"rendered":"<p data-start=\"3693\" data-end=\"4089\"><strong>Five Greens<\/strong> best\u00e5r av fem klorofyllrike gressarter: <strong>Kamut<\/strong> (gammel hvetegress), <strong>bygggress<\/strong>, <strong>havregress<\/strong>, <strong>hvetegress<\/strong> og <strong>alfalfa<\/strong>. Disse ingrediensene gir naturlige mineraler, fyton\u00e6ringsstoffer og vegetabilske fargestoffer som tradisjonelt har blitt brukt som tilskudd til det daglige kostholdet. Gr\u00f8nne planter inneholder ogs\u00e5 fiber og mikron\u00e6ringsstoffer som passer til et variert og naturlig kosthold. De presses kaldt for \u00e5 sikre kvalitet og inneholder mange vitaminer (ulike B-vitaminer), mineraler (jern, sink, magnesium og fosfor) og enzymer. Den inneholder en h\u00f8y konsentrasjon av klorofyll.    <\/p>\n<p data-start=\"4091\" data-end=\"4509\">Kombinasjonen av disse fem gressene gir en ren og n\u00f8ytral smak som passer godt til nesten ethvert m\u00e5ltid. Five Greens er lett \u00e5 tilsette i smoothies, yoghurt, vann, hjemmelagde snacks, ferskt kj\u00f8tt, hermetikk eller t\u00f8rrf\u00f4r. Blandingen er en enkel m\u00e5te \u00e5 \u00f8ke inntaket av gr\u00f8nne planter p\u00e5, b\u00e5de hos aktive individer og i situasjoner hvor ekstra st\u00f8tte eller variasjon \u00f8nskes.  <\/p>\n<p data-start=\"4511\" data-end=\"4780\">Denne supermatblandingen passer inn i daglige rutiner for mennesker og dyr og kan brukes hele \u00e5ret. Balansen mellom ulike gr\u00f8nne planter skaper en allsidig og komplett gr\u00f8nn blanding som egner seg for langvarig, mild st\u00f8tte. <\/p>\n","protected":false},"excerpt":{"rendered":"<p data-start=\"7392\" data-end=\"7532\">Five Greens er en ren gr\u00f8nn supermatblanding med fem klorofyllrike gressarter for daglige mineraler, antioksidanter og naturlig energi.<\/p>\n","protected":false},"featured_media":11169,"comment_status":"open","ping_status":"closed","template":"","meta":{"wds_primary_product_brand":0,"wds_primary_product_cat":15,"wds_primary_merken":0},"product_brand":[],"product_cat":[2530,4772],"product_tag":[],"merken":[],"class_list":{"0":"post-6573","1":"product","2":"type-product","3":"status-publish","4":"has-post-thumbnail","6":"product_cat-mat-palegg","7":"product_cat-supermat","8":"infinite-scroll-item","9":"sales-flash-overlay","10":"woocommerce-text-align-center","11":"woocommerce-image-align-center","12":"do-quantity-buttons","14":"first","15":"instock","16":"taxable","17":"shipping-taxable","18":"purchasable","19":"product-type-simple"},"_links":{"self":[{"href":"https:\/\/www.ngdcare.nl\/no\/wp-json\/wp\/v2\/product\/6573","targetHints":{"allow":["GET"]}}],"collection":[{"href":"https:\/\/www.ngdcare.nl\/no\/wp-json\/wp\/v2\/product"}],"about":[{"href":"https:\/\/www.ngdcare.nl\/no\/wp-json\/wp\/v2\/types\/product"}],"replies":[{"embeddable":true,"href":"https:\/\/www.ngdcare.nl\/no\/wp-json\/wp\/v2\/comments?post=6573"}],"wp:featuredmedia":[{"embeddable":true,"href":"https:\/\/www.ngdcare.nl\/no\/wp-json\/wp\/v2\/media\/11169"}],"wp:attachment":[{"href":"https:\/\/www.ngdcare.nl\/no\/wp-json\/wp\/v2\/media?parent=6573"}],"wp:term":[{"taxonomy":"product_brand","embeddable":true,"href":"https:\/\/www.ngdcare.nl\/no\/wp-json\/wp\/v2\/product_brand?post=6573"},{"taxonomy":"product_cat","embeddable":true,"href":"https:\/\/www.ngdcare.nl\/no\/wp-json\/wp\/v2\/product_cat?post=6573"},{"taxonomy":"product_tag","embeddable":true,"href":"https:\/\/www.ngdcare.nl\/no\/wp-json\/wp\/v2\/product_tag?post=6573"},{"taxonomy":"merken","embeddable":true,"href":"https:\/\/www.ngdcare.nl\/no\/wp-json\/wp\/v2\/merken?post=6573"}],"curies":[{"name":"wp","href":"https:\/\/api.w.org\/{rel}","templated":true}]}}