{"id":6584,"date":"2024-03-02T21:37:21","date_gmt":"2024-03-02T21:37:21","guid":{"rendered":"https:\/\/www.ngdcare.nl\/product\/ukategorisert\/aroma-sprayflaske\/"},"modified":"2024-03-02T21:37:21","modified_gmt":"2024-03-02T20:37:21","slug":"aroma-sprayflaske","status":"publish","type":"product","link":"https:\/\/www.ngdcare.nl\/no\/product\/aromaterapi-no\/aroma-sprayflaske\/","title":{"rendered":"Aroma sprayflaske"},"content":{"rendered":"<p>Sprayflasken er egnet for \u00e5 lage en fortynning av en eterisk oljeblanding selv. Du kan blande 1 ml eterisk olje med 100-200 ml vann. <\/p>\n<p>Sprayflasken kan brukes med NGD Care eteriske oljeblandinger loppe- og fl\u00e5ttst\u00f8tte, jordingsst\u00f8tte, stressst\u00f8tte og angstst\u00f8tte.<\/p>\n","protected":false},"excerpt":{"rendered":"<p>Sprayflasken er egnet for \u00e5 lage en fortynning av en eterisk oljeblanding selv. Du kan blande 1 ml eterisk olje med 100-200 ml vann. Sprayflasken kan brukes med NGD Care eteriske oljeblandinger loppe- og fl\u00e5ttst\u00f8tte, jordingsst\u00f8tte, stressst\u00f8tte og angstst\u00f8tte.<\/p>\n","protected":false},"featured_media":12590,"comment_status":"open","ping_status":"closed","template":"","meta":[],"product_brand":[],"product_cat":[2535],"product_tag":[],"merken":[],"class_list":{"0":"post-6584","1":"product","2":"type-product","3":"status-publish","4":"has-post-thumbnail","6":"product_cat-aromaterapi-no","7":"infinite-scroll-item","8":"sales-flash-overlay","9":"woocommerce-text-align-center","10":"woocommerce-image-align-center","11":"do-quantity-buttons","13":"first","14":"instock","15":"taxable","16":"shipping-taxable","17":"purchasable","18":"product-type-simple"},"_links":{"self":[{"href":"https:\/\/www.ngdcare.nl\/no\/wp-json\/wp\/v2\/product\/6584","targetHints":{"allow":["GET"]}}],"collection":[{"href":"https:\/\/www.ngdcare.nl\/no\/wp-json\/wp\/v2\/product"}],"about":[{"href":"https:\/\/www.ngdcare.nl\/no\/wp-json\/wp\/v2\/types\/product"}],"replies":[{"embeddable":true,"href":"https:\/\/www.ngdcare.nl\/no\/wp-json\/wp\/v2\/comments?post=6584"}],"wp:featuredmedia":[{"embeddable":true,"href":"https:\/\/www.ngdcare.nl\/no\/wp-json\/wp\/v2\/media\/12590"}],"wp:attachment":[{"href":"https:\/\/www.ngdcare.nl\/no\/wp-json\/wp\/v2\/media?parent=6584"}],"wp:term":[{"taxonomy":"product_brand","embeddable":true,"href":"https:\/\/www.ngdcare.nl\/no\/wp-json\/wp\/v2\/product_brand?post=6584"},{"taxonomy":"product_cat","embeddable":true,"href":"https:\/\/www.ngdcare.nl\/no\/wp-json\/wp\/v2\/product_cat?post=6584"},{"taxonomy":"product_tag","embeddable":true,"href":"https:\/\/www.ngdcare.nl\/no\/wp-json\/wp\/v2\/product_tag?post=6584"},{"taxonomy":"merken","embeddable":true,"href":"https:\/\/www.ngdcare.nl\/no\/wp-json\/wp\/v2\/merken?post=6584"}],"curies":[{"name":"wp","href":"https:\/\/api.w.org\/{rel}","templated":true}]}}