{"id":6627,"date":"2025-10-01T13:11:35","date_gmt":"2025-10-01T11:11:35","guid":{"rendered":"https:\/\/www.ngdcare.nl\/product\/ukategorisert\/hostte-immun-og-ro\/"},"modified":"2025-10-03T21:18:35","modified_gmt":"2025-10-03T19:18:35","slug":"hostte-immun-og-ro","status":"publish","type":"product","link":"https:\/\/www.ngdcare.nl\/no\/product\/anriking\/te\/hostte-immun-og-ro\/","title":{"rendered":"H\u00f8stte \u2013 Immun og ro"},"content":{"rendered":"<p class=\"p1\">NGD Care <span class=\"s1\"><br \/>\n  <b>Autumn Tea \u2013 Immune &amp; Calm<\/b><br \/>\n<\/span> er en harmonisk blanding av varmende og beroligende urter som passer perfekt til h\u00f8stens energi. Denne blandingen kombinerer friskheten til nype med mykheten til lindeblomst og kamille, supplert med hylleblomst for motstand og et hint av ingef\u00e6r for subtil varme. T\u00f8rkede eplebiter gj\u00f8r teen rund og myk s\u00f8t, noe som gj\u00f8r den ikke bare funksjonell, men ogs\u00e5 deilig \u00e5 drikke daglig.  <\/p>\n<ul>\n<li class=\"p1\"><span class=\"s1\"><br \/>\n  <b>Synergistisk sammensetning<\/b><br \/>\n<\/span>: balanse mellom motstand, luftveier, ford\u00f8yelse og avslapning<\/li>\n<li class=\"p1\"><span class=\"s1\"><br \/>\n  <b>Myk smak<\/b><br \/>\n<\/span>: fruktig, floral og litt varmende<\/li>\n<li class=\"p1\"><span class=\"s1\"><br \/>\n  <b>Barne- og dyrevennlig<\/b><br \/>\n<\/span>: mildt utvalgte urter, ogs\u00e5 egnet for sensitive mager<\/li>\n<li class=\"p1\"><span class=\"s1\"><br \/>\n  <b>Naturlig sesongvariasjon<\/b><br \/>\n<\/span>: st\u00f8tter overgangen til kaldere dager<\/li>\n<li class=\"p1\"><span class=\"s1\"><br \/>\n  <b>Daglig \u00f8yeblikk av nytelse for deg selv og kj\u00e6ledyret ditt<\/b><br \/>\n<\/span>: rent, 100 % naturlig og koffeinfritt<\/li>\n<\/ul>\n<p>Autumn Tea kommer i en gjenlukkbar pose med <span class=\"s1\"><br \/>\n  <b>50 gram<\/b><br \/>\n<\/span> l\u00f8se urter, god til ca. 25\u201330 kopper te<\/p>\n","protected":false},"excerpt":{"rendered":"<p class=\"p1\">En myk og varmende urtete med eple, nype, hylleb\u00e6r og lindeblomst, kamille og et hint av ingef\u00e6r. Spesielt formulert for \u00e5 st\u00f8tte kropp og sinn om h\u00f8sten, med oppmerksomhet p\u00e5 motstand, luftveier og indre balanse. <\/p>\n","protected":false},"featured_media":17681,"comment_status":"open","ping_status":"closed","template":"","meta":[],"product_brand":[],"product_cat":[2529,2549],"product_tag":[2551],"merken":[],"class_list":{"0":"post-6627","1":"product","2":"type-product","3":"status-publish","4":"has-post-thumbnail","6":"product_cat-anriking","7":"product_cat-te","8":"product_tag-hostte-motstandste-urtete-host-respiratorisk-te-barnevennlig-te-dyrevennlig-te-ngd-care-te-immunbalanse-sesongbasert-te","9":"infinite-scroll-item","10":"sales-flash-overlay","11":"woocommerce-text-align-center","12":"woocommerce-image-align-center","13":"do-quantity-buttons","15":"first","16":"instock","17":"taxable","18":"shipping-taxable","19":"purchasable","20":"product-type-simple"},"_links":{"self":[{"href":"https:\/\/www.ngdcare.nl\/no\/wp-json\/wp\/v2\/product\/6627","targetHints":{"allow":["GET"]}}],"collection":[{"href":"https:\/\/www.ngdcare.nl\/no\/wp-json\/wp\/v2\/product"}],"about":[{"href":"https:\/\/www.ngdcare.nl\/no\/wp-json\/wp\/v2\/types\/product"}],"replies":[{"embeddable":true,"href":"https:\/\/www.ngdcare.nl\/no\/wp-json\/wp\/v2\/comments?post=6627"}],"wp:featuredmedia":[{"embeddable":true,"href":"https:\/\/www.ngdcare.nl\/no\/wp-json\/wp\/v2\/media\/17681"}],"wp:attachment":[{"href":"https:\/\/www.ngdcare.nl\/no\/wp-json\/wp\/v2\/media?parent=6627"}],"wp:term":[{"taxonomy":"product_brand","embeddable":true,"href":"https:\/\/www.ngdcare.nl\/no\/wp-json\/wp\/v2\/product_brand?post=6627"},{"taxonomy":"product_cat","embeddable":true,"href":"https:\/\/www.ngdcare.nl\/no\/wp-json\/wp\/v2\/product_cat?post=6627"},{"taxonomy":"product_tag","embeddable":true,"href":"https:\/\/www.ngdcare.nl\/no\/wp-json\/wp\/v2\/product_tag?post=6627"},{"taxonomy":"merken","embeddable":true,"href":"https:\/\/www.ngdcare.nl\/no\/wp-json\/wp\/v2\/merken?post=6627"}],"curies":[{"name":"wp","href":"https:\/\/api.w.org\/{rel}","templated":true}]}}