{"id":6815,"date":"2025-04-01T16:24:29","date_gmt":"2025-04-01T14:24:29","guid":{"rendered":"https:\/\/www.ngdcare.nl\/product\/ukategorisert\/giardia-protokollen\/"},"modified":"2026-04-19T19:35:55","modified_gmt":"2026-04-19T17:35:55","slug":"giardia-protokollen","status":"publish","type":"product","link":"https:\/\/www.ngdcare.nl\/no\/product\/veterinary-health\/protokoller-no\/giardia-protokollen\/","title":{"rendered":"Giardia-protokollen"},"content":{"rendered":"<p style=\"font-weight: 400;\">Giardia er en tarmparasitt som kan for\u00e5rsake symptomer som diar\u00e9, svingende avf\u00f8ring og avmagring. NGD Care Giardia-protokollen tilbyr en naturlig l\u00f8sning og egnet for en akutt eller kronisk infeksjon.  I tillegg til en giardiainfeksjon kan protokollen brukes mot andre tarmparasitter.<\/p>\n<div><strong>Terapiplan Akutt Giardia<\/strong><\/div>\n<div>\n<ul>\n<li><strong>NAC\/berberin<\/strong>. NAC fjerner den parasittiske biofilmen med giardia. Berberin D\u00f8d Giardia.  <\/li>\n<li><strong>Orm st\u00f8tte<\/strong>. Eteriske oljer som dreper Giardia. <\/li>\n<li class=\"O3\"><strong>Prebiotika<\/strong>. Inneholder flere prebiotika og <em>Sacharomyces Boulardii<\/em>. Stimulerer mikrobiomet og skaper en symbiose.  <\/li>\n<li class=\"O3\"><strong>Probiotika<\/strong>. Vannkefiren inneholder 50 forskjellige bakterie- og gj\u00e6rstammer og s\u00f8rger for at tarmmikrobiomet stimuleres ytterligere. <\/li>\n<\/ul>\n<div><strong>Kronisk Giardia-terapiplan<\/strong><\/div>\n<div><\/div>\n<div>Ved en kronisk eller tilbakevendende Giardia-infeksjon anbefaler vi \u00e5 behandle giardia over lengre tid og ogs\u00e5 behandle konsekvensene av giardia. Vi gj\u00f8r dette med v\u00e5r tarmprotokoll. En pakke med denne omfattende protokollen er tilstrekkelig for 4 uker av fase 1 og 4 uker av fase 2 for en hund p\u00e5 10-30 kg. Hvis hunden din er tyngre eller \u00f8nsker\/trenger \u00e5 behandle i 8 uker per fase, trenger du flere pakker.   <\/div>\n<div><\/div>\n<div>\n<ul>\n<li>\n<\/li>\n<\/ul>\n<\/div>\n<\/div>\n","protected":false},"excerpt":{"rendered":"<p style=\"font-weight: 400;\">NGD Care Giardia-protokollen st\u00f8tter vedvarende parasittinfeksjon eller Giardia-infeksjon og vedvarende tarmplager som diar\u00e9, flatulens og redusert n\u00e6ringsopptak. Protokollen fokuserer p\u00e5 \u00e5 hemme parasittisk belastning, gjenopprette tarmfloraen og styrke tarmveggen i et n\u00f8ye konstruert 2-m\u00e5neders program. <\/p>\n","protected":false},"featured_media":12084,"comment_status":"open","ping_status":"closed","template":"","meta":{"wds_primary_product_brand":0,"wds_primary_product_cat":0,"wds_primary_merken":0},"product_brand":[],"product_cat":[2948],"product_tag":[3002,3004,2011,2999,3005,1817,1819,2998,3006,2957,3000,3001,3003,1833],"merken":[],"class_list":{"0":"post-6815","1":"product","2":"type-product","3":"status-publish","4":"has-post-thumbnail","6":"product_cat-protokoller-no","7":"product_tag-berberin-no","8":"product_tag-biofilm-no","9":"product_tag-diare","10":"product_tag-giardia-no","11":"product_tag-giardia-protokollen-no","12":"product_tag-hund-no","13":"product_tag-katt","14":"product_tag-nac-no","15":"product_tag-naturlig-behandling-no","16":"product_tag-ngd-care-protokoll","17":"product_tag-ormer","18":"product_tag-parasitter-no","19":"product_tag-tarm-reparasjon","20":"product_tag-tarmhelse","21":"infinite-scroll-item","22":"sales-flash-overlay","23":"woocommerce-text-align-center","24":"woocommerce-image-align-center","25":"do-quantity-buttons","27":"first","28":"instock","29":"sale","30":"taxable","31":"shipping-taxable","32":"purchasable","33":"product-type-simple"},"_links":{"self":[{"href":"https:\/\/www.ngdcare.nl\/no\/wp-json\/wp\/v2\/product\/6815","targetHints":{"allow":["GET"]}}],"collection":[{"href":"https:\/\/www.ngdcare.nl\/no\/wp-json\/wp\/v2\/product"}],"about":[{"href":"https:\/\/www.ngdcare.nl\/no\/wp-json\/wp\/v2\/types\/product"}],"replies":[{"embeddable":true,"href":"https:\/\/www.ngdcare.nl\/no\/wp-json\/wp\/v2\/comments?post=6815"}],"wp:featuredmedia":[{"embeddable":true,"href":"https:\/\/www.ngdcare.nl\/no\/wp-json\/wp\/v2\/media\/12084"}],"wp:attachment":[{"href":"https:\/\/www.ngdcare.nl\/no\/wp-json\/wp\/v2\/media?parent=6815"}],"wp:term":[{"taxonomy":"product_brand","embeddable":true,"href":"https:\/\/www.ngdcare.nl\/no\/wp-json\/wp\/v2\/product_brand?post=6815"},{"taxonomy":"product_cat","embeddable":true,"href":"https:\/\/www.ngdcare.nl\/no\/wp-json\/wp\/v2\/product_cat?post=6815"},{"taxonomy":"product_tag","embeddable":true,"href":"https:\/\/www.ngdcare.nl\/no\/wp-json\/wp\/v2\/product_tag?post=6815"},{"taxonomy":"merken","embeddable":true,"href":"https:\/\/www.ngdcare.nl\/no\/wp-json\/wp\/v2\/merken?post=6815"}],"curies":[{"name":"wp","href":"https:\/\/api.w.org\/{rel}","templated":true}]}}