{"id":6835,"date":"2024-11-11T22:02:42","date_gmt":"2024-11-11T21:02:42","guid":{"rendered":"https:\/\/www.ngdcare.nl\/product\/ukategorisert\/protokoll-for-fyrverkeri\/"},"modified":"2026-01-02T12:51:47","modified_gmt":"2026-01-02T11:51:47","slug":"protokoll-for-fyrverkeri","status":"publish","type":"product","link":"https:\/\/www.ngdcare.nl\/no\/veterinary-health\/protokoller-no\/protokoll-for-fyrverkeri\/protokoll-for-fyrverkeri\/","title":{"rendered":"Protokoll for fyrverkeri"},"content":{"rendered":"<p>NGD Care fyrverkeriprotokoll hjelper dyr med frykt for fyrverkeri b\u00e5de emosjonelt og fysisk. I tillegg til frykt for fyrverkeri kan denne protokollen brukes i tordenv\u00e6r og st\u00f8yf\u00f8lsomme stress- og panikksituasjoner.<\/p>\n<p style=\"font-weight: 400;\">Den <strong>lille pakken<\/strong> inneholder <strong>blomstermedisiner<\/strong> og en <strong>aromaterapispray<\/strong> og er egnet for mild angst. Blomstene senker stressniv\u00e5et, gir jording og reduserer angst og panikk p\u00e5 et f\u00f8lelsesmessig niv\u00e5. Kombinasjonen av eteriske oljer g\u00e5r ett niv\u00e5 dypere og sikrer ogs\u00e5 jording og reduksjon av stress og angst. R\u00e5det er \u00e5 starte dette i begynnelsen av desember.   <\/p>\n<p style=\"font-weight: 400;\">Den <strong>omfattende pakken<\/strong> inkluderer ogs\u00e5 <strong>liposomal ashwagandha\/rhodiola<\/strong>, <strong>soppblanding 2<\/strong> og <strong>CBD-olje<\/strong>, som st\u00f8tter nervesystemet, stressregulering og immunsystemet. Denne kombinasjonen gj\u00f8r dyret mer motstandsdyktig mot stressende stimuli som fyrverkerist\u00f8y. R\u00e5det er \u00e5 starte dette 2 m\u00e5neder i forveien.  <\/p>\n<p style=\"font-weight: 400;\">Ved alvorlig angst anbefaler vi \u00e5 starte tarmprotokollen og atferdsterapien 4 m\u00e5neder i forveien.<\/p>\n","protected":false},"excerpt":{"rendered":"<p style=\"font-weight: 400;\">NGD Care Fireworks Protocol er spesielt utviklet for \u00e5 st\u00f8tte dyr med fyrverkeri, angst og andre traumatiske panikksituasjoner. Den lille pakken gir f\u00f8lelsesmessig balanse med blomsteressenser og essensielle oljer. Den store pakken st\u00f8tter ogs\u00e5 det fysiske systemet med adaptogener og CBD-olje.  <\/p>\n","protected":false},"featured_media":9643,"comment_status":"open","ping_status":"closed","template":"","meta":{"wds_primary_product_brand":0,"wds_primary_product_cat":22,"wds_primary_merken":0},"product_brand":[],"product_cat":[2208,2948],"product_tag":[3106,3107,3098,3100,3104,3102,1817,1819,2957,3105,3099,2429,3103,3101,2218],"merken":[],"class_list":{"0":"post-6835","1":"product","2":"type-product","3":"status-publish","4":"has-post-thumbnail","6":"product_cat-oppforsel","7":"product_cat-protokoller-no","8":"product_tag-aromaterapi-no","9":"product_tag-blomsterterapi-no","10":"product_tag-cbd-olje","11":"product_tag-frykt","12":"product_tag-fyrverkeri-no","13":"product_tag-fyrverkeri-lyder","14":"product_tag-hund-no","15":"product_tag-katt","16":"product_tag-ngd-care-protokoll","17":"product_tag-panikk","18":"product_tag-protokoll-for-fyrverkeri","19":"product_tag-rekreasjon","20":"product_tag-smell","21":"product_tag-stoyforurensning","22":"product_tag-stress-no","23":"infinite-scroll-item","24":"sales-flash-overlay","25":"woocommerce-text-align-center","26":"woocommerce-image-align-center","27":"do-quantity-buttons","29":"first","30":"instock","31":"sale","32":"taxable","33":"shipping-taxable","34":"purchasable","35":"product-type-variable"},"_links":{"self":[{"href":"https:\/\/www.ngdcare.nl\/no\/wp-json\/wp\/v2\/product\/6835","targetHints":{"allow":["GET"]}}],"collection":[{"href":"https:\/\/www.ngdcare.nl\/no\/wp-json\/wp\/v2\/product"}],"about":[{"href":"https:\/\/www.ngdcare.nl\/no\/wp-json\/wp\/v2\/types\/product"}],"replies":[{"embeddable":true,"href":"https:\/\/www.ngdcare.nl\/no\/wp-json\/wp\/v2\/comments?post=6835"}],"wp:featuredmedia":[{"embeddable":true,"href":"https:\/\/www.ngdcare.nl\/no\/wp-json\/wp\/v2\/media\/9643"}],"wp:attachment":[{"href":"https:\/\/www.ngdcare.nl\/no\/wp-json\/wp\/v2\/media?parent=6835"}],"wp:term":[{"taxonomy":"product_brand","embeddable":true,"href":"https:\/\/www.ngdcare.nl\/no\/wp-json\/wp\/v2\/product_brand?post=6835"},{"taxonomy":"product_cat","embeddable":true,"href":"https:\/\/www.ngdcare.nl\/no\/wp-json\/wp\/v2\/product_cat?post=6835"},{"taxonomy":"product_tag","embeddable":true,"href":"https:\/\/www.ngdcare.nl\/no\/wp-json\/wp\/v2\/product_tag?post=6835"},{"taxonomy":"merken","embeddable":true,"href":"https:\/\/www.ngdcare.nl\/no\/wp-json\/wp\/v2\/merken?post=6835"}],"curies":[{"name":"wp","href":"https:\/\/api.w.org\/{rel}","templated":true}]}}