{"id":6885,"date":"2025-09-27T22:57:17","date_gmt":"2025-09-27T20:57:17","guid":{"rendered":"https:\/\/www.ngdcare.nl\/product\/ukategorisert\/forstehjelpsblomst-nodessens\/"},"modified":"2026-04-12T21:28:53","modified_gmt":"2026-04-12T19:28:53","slug":"forstehjelpsblomst-nodessens","status":"publish","type":"product","link":"https:\/\/www.ngdcare.nl\/no\/product\/veterinary-health\/blomster-rettsmidler\/forstehjelpsblomst-nodessens\/","title":{"rendered":"N\u00f8dessens \u2013 N\u00f8dst\u00f8tte"},"content":{"rendered":"<p style=\"font-weight: 400;\" data-start=\"682\" data-end=\"1018\">Denne kraftfulle, men milde <strong>Emergency Flower Remedy \u2013 Emergency Support er<\/strong> et energisk f\u00f8rstehjelpsmiddel for b\u00e5de mennesker og dyr. Behandlingen hjelper mot akutt stress, traumer, fysiske eller emosjonelle sjokk, plutselig sorg, panikk, ulykker eller intense opplevelser. Den fungerer gjennom energisystemet og tilbyr fred, komfort, beskyttelse og fornyet balanse.  <\/p>\n<p style=\"font-weight: 400;\" data-start=\"1020\" data-end=\"1166\">Kombinasjonen er inspirert av klassiske redningsmidler, men raffinert med moderne blomster som ogs\u00e5 st\u00f8tter dypere \u00e5ndelig integrasjon.<\/p>\n<p data-start=\"1456\" data-end=\"1501\"><strong data-start=\"1463\" data-end=\"1499\">Komposisjon<\/strong><\/p>\n<ul>\n<li data-start=\"1505\" data-end=\"1576\"><strong data-start=\"1505\" data-end=\"1526\">Betlehemsstjernen<\/strong> \u2013 traumel\u00f8sning, gjenoppretter energisk sjokk<\/li>\n<li data-start=\"1579\" data-end=\"1653\"><strong data-start=\"1579\" data-end=\"1593\">AnimalCare<\/strong> \u2013 F\u00f8rstehjelp ved sjokk, smerte og panikk (ogs\u00e5 for mennesker)<\/li>\n<li data-start=\"1656\" data-end=\"1727\"><strong data-start=\"1656\" data-end=\"1667\">Valmue<\/strong> \u2013 Overgi deg til stress eller nummenhet, beroliger dyp rastl\u00f8shet<\/li>\n<li data-start=\"1730\" data-end=\"1789\"><strong data-start=\"1730\" data-end=\"1745\">Mask Flower<\/strong> \u2013 Trygghet i frykt, gi slipp p\u00e5 kontrollen<\/li>\n<li data-start=\"1792\" data-end=\"1870\"><strong data-start=\"1792\" data-end=\"1805\">Kirseb\u00e6rplomme<\/strong> \u2013 Regulerer intense f\u00f8lelser, forhindrer f\u00f8lelsesmessig &laquo;eksplosjon&raquo;<\/li>\n<li data-start=\"1873\" data-end=\"1937\"><strong data-start=\"1873\" data-end=\"1890\">Kj\u00e6rlighet og h\u00e5p<\/strong> \u2013 Tr\u00f8st, mykhet, tilknytning i sorg<\/li>\n<li data-start=\"1940\" data-end=\"2010\"><strong data-start=\"1940\" data-end=\"1958\">Fringed Violet<\/strong> \u2013 Gjenoppretting av aura etter brudd (fysisk\/emosjonell)<\/li>\n<li data-start=\"2013\" data-end=\"2079\"><strong data-start=\"2013\" data-end=\"2025\">Sugulite<\/strong>\u2013 Beskyttelse mot HSP og energisk overbelastning<\/li>\n<li data-start=\"2082\" data-end=\"2141\"><strong data-start=\"2082\" data-end=\"2095\">Tilgivelse<\/strong> \u2013 Gi slipp p\u00e5 smerte og spenninger, \u00e5pne hjertet<\/li>\n<\/ul>\n","protected":false},"excerpt":{"rendered":"<p>Kombinasjon av blomster for umiddelbar st\u00f8tte i tilfelle traumer, sjokk, tristhet, panikk eller fysisk sjokk. For mennesker og dyr. <\/p>\n","protected":false},"featured_media":9663,"comment_status":"open","ping_status":"closed","template":"","meta":{"wds_primary_product_brand":0,"wds_primary_product_cat":0,"wds_primary_merken":0},"product_brand":[],"product_cat":[3239],"product_tag":[3248,3240,3242,3243,3245,3241,3105,3244,3247,7852,3246],"merken":[],"class_list":{"0":"post-6885","1":"product","2":"type-product","3":"status-publish","4":"has-post-thumbnail","6":"product_cat-blomster-rettsmidler","7":"product_tag-akutt-sjokk","8":"product_tag-blomst-essens","9":"product_tag-energisk-beskyttelse","10":"product_tag-forstehjelp-blomstrer","11":"product_tag-naturlig-ro","12":"product_tag-ngd-care-blomstrer","13":"product_tag-panikk","14":"product_tag-redningsmiddel","15":"product_tag-stress-hos-hunder-katter","16":"product_tag-stress-og-atferd","17":"product_tag-traumestotte","18":"infinite-scroll-item","19":"sales-flash-overlay","20":"woocommerce-text-align-center","21":"woocommerce-image-align-center","22":"do-quantity-buttons","24":"first","25":"instock","26":"taxable","27":"shipping-taxable","28":"purchasable","29":"product-type-simple"},"_links":{"self":[{"href":"https:\/\/www.ngdcare.nl\/no\/wp-json\/wp\/v2\/product\/6885","targetHints":{"allow":["GET"]}}],"collection":[{"href":"https:\/\/www.ngdcare.nl\/no\/wp-json\/wp\/v2\/product"}],"about":[{"href":"https:\/\/www.ngdcare.nl\/no\/wp-json\/wp\/v2\/types\/product"}],"replies":[{"embeddable":true,"href":"https:\/\/www.ngdcare.nl\/no\/wp-json\/wp\/v2\/comments?post=6885"}],"wp:featuredmedia":[{"embeddable":true,"href":"https:\/\/www.ngdcare.nl\/no\/wp-json\/wp\/v2\/media\/9663"}],"wp:attachment":[{"href":"https:\/\/www.ngdcare.nl\/no\/wp-json\/wp\/v2\/media?parent=6885"}],"wp:term":[{"taxonomy":"product_brand","embeddable":true,"href":"https:\/\/www.ngdcare.nl\/no\/wp-json\/wp\/v2\/product_brand?post=6885"},{"taxonomy":"product_cat","embeddable":true,"href":"https:\/\/www.ngdcare.nl\/no\/wp-json\/wp\/v2\/product_cat?post=6885"},{"taxonomy":"product_tag","embeddable":true,"href":"https:\/\/www.ngdcare.nl\/no\/wp-json\/wp\/v2\/product_tag?post=6885"},{"taxonomy":"merken","embeddable":true,"href":"https:\/\/www.ngdcare.nl\/no\/wp-json\/wp\/v2\/merken?post=6885"}],"curies":[{"name":"wp","href":"https:\/\/api.w.org\/{rel}","templated":true}]}}