{"id":6888,"date":"2025-09-27T21:51:08","date_gmt":"2025-09-27T19:51:08","guid":{"rendered":"https:\/\/www.ngdcare.nl\/product\/ukategorisert\/kirurgisk-stotte\/"},"modified":"2025-09-27T21:51:08","modified_gmt":"2025-09-27T19:51:08","slug":"kirurgisk-stotte","status":"publish","type":"product","link":"https:\/\/www.ngdcare.nl\/no\/product\/blomster-rettsmidler\/kirurgisk-stotte\/","title":{"rendered":"Kirurgisk st\u00f8tte"},"content":{"rendered":"<p><span style=\"font-size: inherit;\">V\u00e5r NGD Care <\/span><strong><br \/>\n  <span style=\"font-size: inherit;\">Assistance<\/span><br \/>\n<\/strong><strong style=\"font-weight: 400; font-size: inherit;\">Guidance \u2013 Kirurgisk st\u00f8tte<\/strong><span style=\"font-weight: 400; font-size: inherit;\">  er et n\u00f8ye sammensatt blomstermiddel for mennesker og dyr, rettet mot st\u00f8tte under og etter operasjoner, anestesi eller andre fysiske prosedyrer. Denne essensen fungerer p\u00e5 et dypt energisk niv\u00e5: den hjelper til med \u00e5 gjenbebo kroppen, beskytter mot energiske inntrengninger og fremmer hvile, selvtillit og restitusjon. <\/span><\/p>\n<p style=\"font-weight: 400;\">Kombinasjonen av australske og Star Remedies-blomster er rettet mot <strong>jording, traumebehandling, energisk restitusjon<\/strong> og <strong>emosjonell beskyttelse<\/strong>. Dette middelet er ideelt for: <\/p>\n<ul style=\"font-weight: 400;\">\n<li>Restitusjon etter anestesi<\/li>\n<li>arrvev eller energiske &laquo;lekkasjer&raquo;<\/li>\n<li>sjokk, frykt eller f\u00f8lelse av \u00e5 bli forlatt<\/li>\n<li>dyp rastl\u00f8shet under helingsprosessen<\/li>\n<\/ul>\n<p style=\"font-weight: 400;\">Kan brukes til \u00e5 st\u00f8tte s\u00e5rheling, restitusjon etter sykdom og fysisk eller f\u00f8lelsesmessig stress hos dyr og mennesker. Kombiner gjerne med sk\u00e5nsom pleie, hvile og trygge omgivelser. <\/p>\n<p style=\"font-weight: 400;\"><strong>Sammensetning og effekt<\/strong><\/p>\n<ul style=\"font-weight: 400;\">\n<li><strong>Terra<\/strong> \u2013 Restitusjon, jording og oppv\u00e5kning etter anestesi.<\/li>\n<li><strong>Englesverd<\/strong> \u2013 Beskyttelse mot \u00e5ndelig\/energetisk invasjon (som kutting eller sedasjon).<\/li>\n<li><strong>Frynset fiolett<\/strong> \u2013 Gjenoppretter aura og eterlegeme.<\/li>\n<li><strong>Rhodolitt granat<\/strong> \u2013 Hjelper med \u00e5 gjenbebo kroppen; gjenoppretting av energisk nett.<\/li>\n<li><strong>AnimalCare<\/strong> \u2013 F\u00f8rstehjelp ved sjokk, traumer eller forlatthet.<\/li>\n<li><strong>Kj\u00e6rlighet og h\u00e5p<\/strong> \u2013 Tr\u00f8st, kj\u00e6rlighet, mildhet og tillit.<\/li>\n<li><strong>Betlehemsstjernen<\/strong> \u2013 Traumerenser p\u00e5 celle- og sjelsniv\u00e5.<\/li>\n<li><strong>Valmue<\/strong> \u2013 St\u00f8tter overgivelse, prosessering og hvile under s\u00f8vn eller sedasjon.<\/li>\n<li><strong>Maskeblomst<\/strong> \u2013 Gi slipp p\u00e5 frykt, \u00f8k f\u00f8lelsen av trygghet.<\/li>\n<li><strong>Grace urt (Scutellaria)<\/strong> \u2013 Beroliger nervesystemet, fremmer fysisk restitusjon.<\/li>\n<\/ul>\n<p>For full veiledning anbefaler vi deg \u00e5 kj\u00f8pe post-op-pakken. I tillegg til blomstene inneholder dette ogs\u00e5 v\u00e5r liposomale curcumin og chlorella, spirulina og alfalfa. <\/p>\n","protected":false},"excerpt":{"rendered":"<p>Denne kraftige blomsterformelen st\u00f8tter dyr og mennesker f\u00f8r, under og etter operasjoner. Hjelper med jording, traumegjenoppretting, beskyttelse og gjenoppretting av den energiske kroppen. Ideell for anestesi, s\u00e5rheling, sjokk og f\u00f8lelsesmessig belastning.  <\/p>\n","protected":false},"featured_media":5488,"comment_status":"open","ping_status":"closed","template":"","meta":{"wds_primary_product_brand":0,"wds_primary_product_cat":0,"wds_primary_merken":0},"product_brand":[],"product_cat":[3239],"product_tag":[3273,3271,3272,3274,3267,3269,3268,3270],"merken":[],"class_list":{"0":"post-6888","1":"product","2":"type-product","3":"status-publish","4":"has-post-thumbnail","6":"product_cat-blomster-rettsmidler","7":"product_tag-aura-utvinning","8":"product_tag-blomster-for-dyr","9":"product_tag-blomstre-under-anestesi","10":"product_tag-blossoms-ngd-care-no","11":"product_tag-energisk-restitusjon","12":"product_tag-kirurgi-for-blomstermedisin","13":"product_tag-postoperativ-restitusjon","14":"product_tag-traumehealing-blomstrer","15":"infinite-scroll-item","16":"sales-flash-overlay","17":"woocommerce-text-align-center","18":"woocommerce-image-align-center","19":"do-quantity-buttons","21":"first","22":"instock","23":"taxable","24":"shipping-taxable","25":"purchasable","26":"product-type-simple"},"_links":{"self":[{"href":"https:\/\/www.ngdcare.nl\/no\/wp-json\/wp\/v2\/product\/6888","targetHints":{"allow":["GET"]}}],"collection":[{"href":"https:\/\/www.ngdcare.nl\/no\/wp-json\/wp\/v2\/product"}],"about":[{"href":"https:\/\/www.ngdcare.nl\/no\/wp-json\/wp\/v2\/types\/product"}],"replies":[{"embeddable":true,"href":"https:\/\/www.ngdcare.nl\/no\/wp-json\/wp\/v2\/comments?post=6888"}],"wp:featuredmedia":[{"embeddable":true,"href":"https:\/\/www.ngdcare.nl\/no\/wp-json\/wp\/v2\/media\/5488"}],"wp:attachment":[{"href":"https:\/\/www.ngdcare.nl\/no\/wp-json\/wp\/v2\/media?parent=6888"}],"wp:term":[{"taxonomy":"product_brand","embeddable":true,"href":"https:\/\/www.ngdcare.nl\/no\/wp-json\/wp\/v2\/product_brand?post=6888"},{"taxonomy":"product_cat","embeddable":true,"href":"https:\/\/www.ngdcare.nl\/no\/wp-json\/wp\/v2\/product_cat?post=6888"},{"taxonomy":"product_tag","embeddable":true,"href":"https:\/\/www.ngdcare.nl\/no\/wp-json\/wp\/v2\/product_tag?post=6888"},{"taxonomy":"merken","embeddable":true,"href":"https:\/\/www.ngdcare.nl\/no\/wp-json\/wp\/v2\/merken?post=6888"}],"curies":[{"name":"wp","href":"https:\/\/api.w.org\/{rel}","templated":true}]}}