{"id":6898,"date":"2025-06-19T22:51:27","date_gmt":"2025-06-19T20:51:27","guid":{"rendered":"https:\/\/www.ngdcare.nl\/product\/ukategorisert\/kolloidalt-kobber\/"},"modified":"2025-10-07T13:23:46","modified_gmt":"2025-10-07T11:23:46","slug":"kolloidalt-kobber","status":"publish","type":"product","link":"https:\/\/www.ngdcare.nl\/no\/product\/naturlig-kjaeledyrapotek\/generell-vitalitet\/kolloidalt-kobber\/","title":{"rendered":"Kolloidalt kobber"},"content":{"rendered":"<p style=\"font-weight: 400;\"><strong>NGD Care \u2013 Kolloidalt kobber<\/strong> er en flytende l\u00f8sning av rent kobber i en konsentrasjon p\u00e5 5 PPM (parts per million), oppl\u00f8st i destillert vann. Den inneholder <g id=\"gid_1\">nanopartikler av kobber<\/g>, som sikrer h\u00f8y biotilgjengelighet og m\u00e5lrettet absorpsjon i kroppen. V\u00e6sken er klar og har en karakteristisk lysegr\u00f8nn-gul farge.  <\/p>\n<p style=\"font-weight: 400;\">Kobber er et essensielt sporstoff som er involvert i en rekke kroppsprosesser som <strong>bindevevsbygging, pigmentering, s\u00e5rheling og immunsystemet<\/strong>. Kolloidalt kobber er egnet for <strong>b\u00e5de intern og ekstern bruk<\/strong> hos dyr og mennesker. <\/p>\n<p style=\"font-weight: 400;\">P\u00e5 grunn av sin kraftige virkning er dette produktet ikke egnet for langvarig eller forebyggende bruk, og b\u00f8r ikke kombineres med andre kobberkilder. Det er spesielt nyttig i midlertidige mangler eller akutte situasjoner der kobberhusholdningen trenger ekstra st\u00f8tte. <\/p>\n<p style=\"font-weight: 400;\">Som med alle kobberpreparater, <strong>b\u00f8r forsiktighet utvises hos<\/strong> dyr med leverproblemer, hos sm\u00e5 dyr eller ved langvarig administrering. Riktig dosering er viktig for \u00e5 forhindre overbelastning. <\/p>\n","protected":false},"excerpt":{"rendered":"<p style=\"font-weight: 400;\">Kolloidalt kobber (5 PPM) med rene nanopartikler i renset vann. St\u00f8tter hud, bindevev og immunsystem hos mennesker og dyr. Ikke egnet for langvarig bruk.  <\/p>\n","protected":false},"featured_media":4746,"comment_status":"open","ping_status":"closed","template":"","meta":[],"product_brand":[],"product_cat":[2210,2209,3144],"product_tag":[2953,3357,1817,1819,3355,3353,3361,3356,3148,3359],"merken":[],"class_list":{"0":"post-6898","1":"product","2":"type-product","3":"status-publish","4":"has-post-thumbnail","6":"product_cat-anti-inflammatorisk","7":"product_cat-generell-vitalitet","8":"product_cat-kolloidalt","9":"product_tag-hud","10":"product_tag-hud-no","11":"product_tag-hund-no","12":"product_tag-katt","13":"product_tag-kobber-no","14":"product_tag-kolloidalt","15":"product_tag-mineraler-no","16":"product_tag-nano-kobber-no","17":"product_tag-ngd-care-kolloidal-no","18":"product_tag-omsorg","19":"infinite-scroll-item","20":"sales-flash-overlay","21":"woocommerce-text-align-center","22":"woocommerce-image-align-center","23":"do-quantity-buttons","25":"first","26":"instock","27":"taxable","28":"shipping-taxable","29":"purchasable","30":"product-type-simple"},"_links":{"self":[{"href":"https:\/\/www.ngdcare.nl\/no\/wp-json\/wp\/v2\/product\/6898","targetHints":{"allow":["GET"]}}],"collection":[{"href":"https:\/\/www.ngdcare.nl\/no\/wp-json\/wp\/v2\/product"}],"about":[{"href":"https:\/\/www.ngdcare.nl\/no\/wp-json\/wp\/v2\/types\/product"}],"replies":[{"embeddable":true,"href":"https:\/\/www.ngdcare.nl\/no\/wp-json\/wp\/v2\/comments?post=6898"}],"wp:featuredmedia":[{"embeddable":true,"href":"https:\/\/www.ngdcare.nl\/no\/wp-json\/wp\/v2\/media\/4746"}],"wp:attachment":[{"href":"https:\/\/www.ngdcare.nl\/no\/wp-json\/wp\/v2\/media?parent=6898"}],"wp:term":[{"taxonomy":"product_brand","embeddable":true,"href":"https:\/\/www.ngdcare.nl\/no\/wp-json\/wp\/v2\/product_brand?post=6898"},{"taxonomy":"product_cat","embeddable":true,"href":"https:\/\/www.ngdcare.nl\/no\/wp-json\/wp\/v2\/product_cat?post=6898"},{"taxonomy":"product_tag","embeddable":true,"href":"https:\/\/www.ngdcare.nl\/no\/wp-json\/wp\/v2\/product_tag?post=6898"},{"taxonomy":"merken","embeddable":true,"href":"https:\/\/www.ngdcare.nl\/no\/wp-json\/wp\/v2\/merken?post=6898"}],"curies":[{"name":"wp","href":"https:\/\/api.w.org\/{rel}","templated":true}]}}