{"id":6952,"date":"2025-05-30T00:14:19","date_gmt":"2025-05-29T22:14:19","guid":{"rendered":"https:\/\/www.ngdcare.nl\/product\/ukategorisert\/brokkoli\/"},"modified":"2025-10-04T14:21:51","modified_gmt":"2025-10-04T12:21:51","slug":"brokkoli","status":"publish","type":"product","link":"https:\/\/www.ngdcare.nl\/no\/product\/veterinary-health\/anriking\/mat-palegg\/brokkoli\/","title":{"rendered":"Brokkoli"},"content":{"rendered":"<p class=\"p1\"><span class=\"s1\"><br \/>\n  <b>NGD Care \u2013 Brokkolipulver<\/b><br \/>\n<\/span> er en kraftig og helt naturlig forsterkning basert p\u00e5 \u00f8kologisk brokkoli. Pulveret er laget av alle de spiselige delene av brokkolien \u2013 inkludert buketter, blader og tynne stilker \u2013 for \u00e5 bevare den fulle n\u00e6ringsverdien. <\/p>\n<p class=\"p1\">Brokkoli er kjent for sitt rike innhold av fiber, betakaroten, vitamin C, K og B9, og mineralene kalsium, kalium og magnesium. I tillegg inneholder den glukosinolater som sulforafan, et bioaktivt stoff som er vitenskapelig studert for sin beskyttende effekt p\u00e5 celler og st\u00f8tte for detox og tumorforebygging. <\/p>\n<p class=\"p1\">P\u00e5 grunn av den fine malingen absorberes pulveret godt av b\u00e5de hunder og katter. Den egner seg veldig godt som daglig <i>berikelsesp\u00e5legg, som gr\u00f8nnsakserstatning<\/i> eller som en del av en tarm- eller detox-protokoll. <\/p>\n","protected":false},"excerpt":{"rendered":"<p class=\"p1\">\u00d8kologisk brokkolipulver for \u00e5 berike f\u00f4ret. Rik p\u00e5 fiber, kalsium, betakaroten og vitamin C. St\u00f8tter mikrobiomet og den generelle helsen. <\/p>\n","protected":false},"featured_media":11242,"comment_status":"open","ping_status":"closed","template":"","meta":{"wds_primary_product_brand":0,"wds_primary_product_cat":188,"wds_primary_merken":0},"product_brand":[],"product_cat":[2529,2530],"product_tag":[],"merken":[],"class_list":{"0":"post-6952","1":"product","2":"type-product","3":"status-publish","4":"has-post-thumbnail","6":"product_cat-anriking","7":"product_cat-mat-palegg","8":"infinite-scroll-item","9":"sales-flash-overlay","10":"woocommerce-text-align-center","11":"woocommerce-image-align-center","12":"do-quantity-buttons","14":"first","15":"instock","16":"taxable","17":"shipping-taxable","18":"purchasable","19":"product-type-simple"},"_links":{"self":[{"href":"https:\/\/www.ngdcare.nl\/no\/wp-json\/wp\/v2\/product\/6952","targetHints":{"allow":["GET"]}}],"collection":[{"href":"https:\/\/www.ngdcare.nl\/no\/wp-json\/wp\/v2\/product"}],"about":[{"href":"https:\/\/www.ngdcare.nl\/no\/wp-json\/wp\/v2\/types\/product"}],"replies":[{"embeddable":true,"href":"https:\/\/www.ngdcare.nl\/no\/wp-json\/wp\/v2\/comments?post=6952"}],"wp:featuredmedia":[{"embeddable":true,"href":"https:\/\/www.ngdcare.nl\/no\/wp-json\/wp\/v2\/media\/11242"}],"wp:attachment":[{"href":"https:\/\/www.ngdcare.nl\/no\/wp-json\/wp\/v2\/media?parent=6952"}],"wp:term":[{"taxonomy":"product_brand","embeddable":true,"href":"https:\/\/www.ngdcare.nl\/no\/wp-json\/wp\/v2\/product_brand?post=6952"},{"taxonomy":"product_cat","embeddable":true,"href":"https:\/\/www.ngdcare.nl\/no\/wp-json\/wp\/v2\/product_cat?post=6952"},{"taxonomy":"product_tag","embeddable":true,"href":"https:\/\/www.ngdcare.nl\/no\/wp-json\/wp\/v2\/product_tag?post=6952"},{"taxonomy":"merken","embeddable":true,"href":"https:\/\/www.ngdcare.nl\/no\/wp-json\/wp\/v2\/merken?post=6952"}],"curies":[{"name":"wp","href":"https:\/\/api.w.org\/{rel}","templated":true}]}}