{"id":6957,"date":"2024-10-01T23:53:00","date_gmt":"2024-10-01T21:53:00","guid":{"rendered":"https:\/\/www.ngdcare.nl\/product\/ukategorisert\/alderdomsprotokoll\/"},"modified":"2026-01-30T00:14:10","modified_gmt":"2026-01-29T23:14:10","slug":"alderdomsprotokoll","status":"publish","type":"product","link":"https:\/\/www.ngdcare.nl\/no\/product\/veterinary-health\/protokoller-no\/alderdomsprotokoll\/","title":{"rendered":"Alderdomsprotokoll"},"content":{"rendered":"<p data-start=\"484\" data-end=\"832\">NGD Care Aging Protocol er spesielt utviklet for \u00e5 st\u00f8tte aldringsprosesser hos hunder og katter <strong data-start=\"584\" data-end=\"601\">fra innsiden og ut <\/strong>.<br data-start=\"618\" data-end=\"621\">Aldring ledsages av endringer p\u00e5 celle- og vevsniv\u00e5<\/p>\n<ul>\n<li data-start=\"1150\" data-end=\"1194\">Reduksjon i mitokondriell energiproduksjon<\/li>\n<li data-start=\"1197\" data-end=\"1241\">\u00d8kning i oksidativt stress og celleskade<\/li>\n<li data-start=\"1244\" data-end=\"1297\">Kronisk, lavgradig betennelse (&laquo;inflammaging&raquo;)<\/li>\n<li data-start=\"1300\" data-end=\"1341\">Redusert kollagen- og vevsoppbygging<\/li>\n<li data-start=\"1344\" data-end=\"1391\">Reduksjon i mikrobiomdiversitet og ford\u00f8yelse<\/li>\n<\/ul>\n<p data-start=\"834\" data-end=\"1046\">Vi ser aldring som et samspill mellom biologiske systemer som kontinuerlig p\u00e5virker hverandre. Denne protokollen fokuserer ikke p\u00e5 symptomkontroll, men p\u00e5 <strong data-start=\"899\" data-end=\"970\">\u00e5 bremse forverringen og st\u00f8tte restitusjonsevnen<\/strong>, slik at dyrene forblir vitale, komfortable og livsfulle s\u00e5 lenge som mulig. <\/p>\n<p data-start=\"834\" data-end=\"1046\">NGD Care Old Age Protocol st\u00f8tter disse systemene samtidig og sammen, slik at kroppen kan fortsette \u00e5 tilpasse seg, komme seg og eldes i balanse s\u00e5 godt som mulig.<\/p>\n<h2 data-start=\"1434\" data-end=\"1469\">Innholdet i aldersprotokollen<\/h2>\n<ul>\n<li data-start=\"1471\" data-end=\"1508\"><strong>Liposomalt levetidskompleks<\/strong>\n<ul>\n<li data-start=\"1509\" data-end=\"1645\">St\u00f8tter cellul\u00e6r energimetabolisme, DNA-reparasjon og antioksidantbeskyttelse. Bidrar til sunn aldring p\u00e5 celleniv\u00e5. <\/li>\n<\/ul>\n<\/li>\n<li data-start=\"1647\" data-end=\"1679\"><strong>Liposomalt koenzym Q10<\/strong>\n<ul>\n<li data-start=\"1680\" data-end=\"1830\">Essensiell for mitokondriell energiproduksjon. St\u00f8tter hjerte, muskler og utholdenhet, og bidrar til \u00e5 redusere tretthet hos eldre dyr. <\/li>\n<\/ul>\n<\/li>\n<li data-start=\"1832\" data-end=\"1862\"><strong>Liposomal glutation<\/strong>\n<ul>\n<li data-start=\"1863\" data-end=\"1986\">En kraftig kroppens egen antioksidant som beskytter cellene mot oksidativ skade og st\u00f8tter avgiftningssystemet.<\/li>\n<\/ul>\n<\/li>\n<li data-start=\"1988\" data-end=\"2024\"><strong>Liposomal histaminbalanse<\/strong>\n<ul>\n<li data-start=\"2025\" data-end=\"2201\">MSM gir biotilgjengelig svovel for kollagen- og bindevevsbygging.<\/li>\n<li data-start=\"2025\" data-end=\"2201\">Quercetin beskytter cellene mot frie radikaler og st\u00f8tter aldring av vev og organer.<\/li>\n<\/ul>\n<\/li>\n<li><strong>Liposomal curcumin-ekstrakt  <\/strong>\n<ul>\n<li data-start=\"2025\" data-end=\"2201\">Kraftig naturlig betennelsesdempende og antioksidant. Curcumin st\u00f8tter reguleringen av lavgradig betennelse. <\/li>\n<\/ul>\n<\/li>\n<li data-start=\"2203\" data-end=\"2232\"><strong data-start=\"2210\" data-end=\"2230\">Mobilitetsst\u00f8tte<\/strong>\n<ul>\n<li data-start=\"2233\" data-end=\"2413\">Rettet mot \u00e5 opprettholde jevn bevegelse, leddkomfort og muskelfunksjon. St\u00f8tter muskel- og skjelettsystemet ved aldersrelatert stivhet og redusert belastningskapasitet. <\/li>\n<\/ul>\n<\/li>\n<li data-start=\"2415\" data-end=\"2479\"><strong data-start=\"2422\" data-end=\"2477\">Liposomalt myco-immunkompleks<\/strong>\n<ul>\n<li data-start=\"2480\" data-end=\"2643\">Inneholder fire medisinske sopper for \u00e5 st\u00f8tte immunforsvaret, svulstundertrykkelse og tarmhelse. Beta-glukanene fungerer ogs\u00e5 som prebiotika. <\/li>\n<\/ul>\n<\/li>\n<li data-start=\"2645\" data-end=\"2712\"><strong data-start=\"2652\" data-end=\"2710\">Liposomalt myco adaptogenkompleks<\/strong>\n<ul>\n<li data-start=\"2713\" data-end=\"2837\">Adaptogene sopper for \u00e5 st\u00f8tte stressregulering, motstandskraft, energi og atferd hos aldrende dyr.<\/li>\n<\/ul>\n<\/li>\n<li data-start=\"2878\" data-end=\"3014\"><strong>. Omega-blanding<\/strong>\n<ul>\n<li data-start=\"3037\" data-end=\"3214\">Veldig ren omega-3-kilde med betennelsesdempende egenskaper. St\u00f8tter ledd, hjerne og immunsystem. Innenfor kinesisk ern\u00e6ring assosiert med nyre-yin.  <\/li>\n<\/ul>\n<\/li>\n<li data-start=\"3216\" data-end=\"3235\"><strong>Prebiotisk fiber<\/strong>\n<ul>\n<li data-start=\"3236\" data-end=\"3373\">St\u00f8tt mikrobiomet, hjelp til med \u00e5 forebygge dysbiose og bidra til bedre n\u00e6ringsopptak \u2013 essensielt i alderdommen.<\/li>\n<\/ul>\n<\/li>\n<\/ul>\n<h4 data-start=\"3306\" data-end=\"3342\">N\u00e5r er denne protokollen egnet?<\/h4>\n<ul>\n<li data-start=\"3343\" data-end=\"3570\">For eldre hunder og katter<\/li>\n<li data-start=\"3343\" data-end=\"3570\">\u00c5 st\u00f8tte immunforsvaret og cellul\u00e6r helse<\/li>\n<li data-start=\"3343\" data-end=\"3570\">Forebyggende fra middelalderen<\/li>\n<\/ul>\n","protected":false},"excerpt":{"rendered":"<p class=\"p1\">St\u00f8tte for aldring med NAD, eggeskallmembran, sopp og omega 3. For fleksible ledd, et sterkt immunforsvar og et langt, sunt liv. <\/p>\n","protected":false},"featured_media":13276,"comment_status":"open","ping_status":"closed","template":"","meta":{"wds_primary_product_brand":0,"wds_primary_product_cat":15,"wds_primary_merken":0},"product_brand":[],"product_cat":[2948],"product_tag":[3522,3519,2012,3521,1817,1819,2223,2222,2957,3520],"merken":[],"class_list":{"0":"post-6957","1":"product","2":"type-product","3":"status-publish","4":"has-post-thumbnail","6":"product_cat-protokoller-no","7":"product_tag-aldrende","8":"product_tag-aldring-protokoll","9":"product_tag-energi","10":"product_tag-foryngelse","11":"product_tag-hund-no","12":"product_tag-katt","13":"product_tag-lang-levetid","14":"product_tag-livskraft","15":"product_tag-ngd-care-protokoll","16":"product_tag-senior-no","17":"infinite-scroll-item","18":"sales-flash-overlay","19":"woocommerce-text-align-center","20":"woocommerce-image-align-center","21":"do-quantity-buttons","23":"first","24":"instock","25":"sale","26":"taxable","27":"shipping-taxable","28":"purchasable","29":"product-type-simple"},"_links":{"self":[{"href":"https:\/\/www.ngdcare.nl\/no\/wp-json\/wp\/v2\/product\/6957","targetHints":{"allow":["GET"]}}],"collection":[{"href":"https:\/\/www.ngdcare.nl\/no\/wp-json\/wp\/v2\/product"}],"about":[{"href":"https:\/\/www.ngdcare.nl\/no\/wp-json\/wp\/v2\/types\/product"}],"replies":[{"embeddable":true,"href":"https:\/\/www.ngdcare.nl\/no\/wp-json\/wp\/v2\/comments?post=6957"}],"wp:featuredmedia":[{"embeddable":true,"href":"https:\/\/www.ngdcare.nl\/no\/wp-json\/wp\/v2\/media\/13276"}],"wp:attachment":[{"href":"https:\/\/www.ngdcare.nl\/no\/wp-json\/wp\/v2\/media?parent=6957"}],"wp:term":[{"taxonomy":"product_brand","embeddable":true,"href":"https:\/\/www.ngdcare.nl\/no\/wp-json\/wp\/v2\/product_brand?post=6957"},{"taxonomy":"product_cat","embeddable":true,"href":"https:\/\/www.ngdcare.nl\/no\/wp-json\/wp\/v2\/product_cat?post=6957"},{"taxonomy":"product_tag","embeddable":true,"href":"https:\/\/www.ngdcare.nl\/no\/wp-json\/wp\/v2\/product_tag?post=6957"},{"taxonomy":"merken","embeddable":true,"href":"https:\/\/www.ngdcare.nl\/no\/wp-json\/wp\/v2\/merken?post=6957"}],"curies":[{"name":"wp","href":"https:\/\/api.w.org\/{rel}","templated":true}]}}