{"id":6970,"date":"2025-09-15T21:16:52","date_gmt":"2025-09-15T19:16:52","guid":{"rendered":"https:\/\/www.ngdcare.nl\/product\/ukategorisert\/ozon-jojoba-oredraper-oredraper\/"},"modified":"2026-03-29T14:17:47","modified_gmt":"2026-03-29T12:17:47","slug":"ozon-jojoba-oredraper-oredraper","status":"publish","type":"product","link":"https:\/\/www.ngdcare.nl\/no\/product\/veterinary-health\/ozon-no\/ozon-jojoba-oredraper-oredraper\/","title":{"rendered":"Ozon Jojoba \u00f8redr\u00e5per \u2013 \u00d8redr\u00e5per"},"content":{"rendered":"<p data-start=\"5243\" data-end=\"5799\">Ozone Jojoba <strong data-start=\"5317\" data-end=\"5330\">\u00f8redr\u00e5per \u2013 \u00d8redr\u00e5per<\/strong> er <strong data-start=\"5336\" data-end=\"5379\">milde, lett ozonerte \u00f8redr\u00e5per<\/strong> basert p\u00e5 <strong data-start=\"5393\" data-end=\"5408\">jojobaolje<\/strong>. Den <strong data-start=\"5413\" data-end=\"5433\">lave viskositeten <\/strong>sikrer at dr\u00e5pene f\u00f8les <strong data-start=\"5456\" data-end=\"5471\">behagelige<\/strong> og holder seg <strong data-start=\"5485\" data-end=\"5512\">p\u00e5 plass litt lenger<\/strong> enn vannbaserte l\u00f8sninger. Den <strong data-start=\"5550\" data-end=\"5565\">duftfrie<\/strong> sammensetningen er ment for <strong data-start=\"5596\" data-end=\"5624\">utvendig \u00f8repleie<\/strong> (pinna og ytre \u00f8regang). Denne jojobaoljen er ozonisert i kortere tid sammenlignet med jojobabalsamen. Dette holder oljen flytende og enkel \u00e5 f\u00f8re inn i \u00f8ret og massasje.   <\/p>\n<p data-start=\"5801\" data-end=\"5851\"><strong data-start=\"5801\" data-end=\"5849\">Bruksomr\u00e5der <\/strong>er daglig pleie av det ytre \u00f8ret og den ytre \u00f8regangen. Den ozonerte jojobaoljen trenger godt gjennom den patogene biofilmen i \u00f8ret i tilfelle for mye produksjon av \u00f8revoks, men ogs\u00e5 til st\u00f8tte for \u00f8rebetennelser (otitis externa) p\u00e5 grunn av bakteriell eller gj\u00e6rovervekst. <\/p>\n<p data-start=\"6316\" data-end=\"6433\">\n","protected":false},"excerpt":{"rendered":"<p>Ozon Jojoba <strong data-start=\"5317\" data-end=\"5330\">\u00f8redr\u00e5per \u2013 \u00d8redr\u00e5per<\/strong> er <strong data-start=\"5336\" data-end=\"5379\">milde, lett ozonerte \u00f8redr\u00e5per<\/strong> basert p\u00e5 <strong data-start=\"5393\" data-end=\"5408\">jojobaolje.<\/strong><\/p>\n","protected":false},"featured_media":17398,"comment_status":"open","ping_status":"closed","template":"","meta":{"wds_primary_product_brand":0,"wds_primary_product_cat":0,"wds_primary_merken":0},"product_brand":[],"product_cat":[3589,3590],"product_tag":[3593,3595,3592,3591,3594],"merken":[],"class_list":{"0":"post-6970","1":"product","2":"type-product","3":"status-publish","4":"has-post-thumbnail","6":"product_cat-orer-no","7":"product_cat-ozon-no","8":"product_tag-hundeorepleie","9":"product_tag-oredraper","10":"product_tag-ozonert-jojoba","11":"product_tag-parfymefri","12":"product_tag-pleie-av-katteore","13":"infinite-scroll-item","14":"sales-flash-overlay","15":"woocommerce-text-align-center","16":"woocommerce-image-align-center","17":"do-quantity-buttons","19":"first","20":"instock","21":"taxable","22":"shipping-taxable","23":"purchasable","24":"product-type-simple"},"_links":{"self":[{"href":"https:\/\/www.ngdcare.nl\/no\/wp-json\/wp\/v2\/product\/6970","targetHints":{"allow":["GET"]}}],"collection":[{"href":"https:\/\/www.ngdcare.nl\/no\/wp-json\/wp\/v2\/product"}],"about":[{"href":"https:\/\/www.ngdcare.nl\/no\/wp-json\/wp\/v2\/types\/product"}],"replies":[{"embeddable":true,"href":"https:\/\/www.ngdcare.nl\/no\/wp-json\/wp\/v2\/comments?post=6970"}],"wp:featuredmedia":[{"embeddable":true,"href":"https:\/\/www.ngdcare.nl\/no\/wp-json\/wp\/v2\/media\/17398"}],"wp:attachment":[{"href":"https:\/\/www.ngdcare.nl\/no\/wp-json\/wp\/v2\/media?parent=6970"}],"wp:term":[{"taxonomy":"product_brand","embeddable":true,"href":"https:\/\/www.ngdcare.nl\/no\/wp-json\/wp\/v2\/product_brand?post=6970"},{"taxonomy":"product_cat","embeddable":true,"href":"https:\/\/www.ngdcare.nl\/no\/wp-json\/wp\/v2\/product_cat?post=6970"},{"taxonomy":"product_tag","embeddable":true,"href":"https:\/\/www.ngdcare.nl\/no\/wp-json\/wp\/v2\/product_tag?post=6970"},{"taxonomy":"merken","embeddable":true,"href":"https:\/\/www.ngdcare.nl\/no\/wp-json\/wp\/v2\/merken?post=6970"}],"curies":[{"name":"wp","href":"https:\/\/api.w.org\/{rel}","templated":true}]}}