{"id":6972,"date":"2025-09-27T23:00:00","date_gmt":"2025-09-27T21:00:00","guid":{"rendered":"https:\/\/www.ngdcare.nl\/product\/ukategorisert\/uttrykk-essens-chakra-2-og-5\/"},"modified":"2026-03-29T14:34:59","modified_gmt":"2026-03-29T12:34:59","slug":"uttrykk-essens-chakra-2-og-5","status":"publish","type":"product","link":"https:\/\/www.ngdcare.nl\/no\/product\/blomster-rettsmidler\/uttrykk-essens-chakra-2-og-5\/","title":{"rendered":"Uttrykk essens \u2013 Chakra 2 og 5"},"content":{"rendered":"<p style=\"font-weight: 400;\">Denne n\u00f8ye sammensatte <strong>blomsteressensen Expression \u2013 Chakra 2 og 5<\/strong> st\u00f8tter forbindelsen mellom det andre (hellige) chakraet og det femte (hals) chakraet. Det hjelper deg \u00e5 f\u00e5 kontakt med din indre flyt, din kreative livsenergi og din evne til \u00e5 uttrykke deg selv fra mykhet og sannhet. <\/p>\n<p style=\"font-weight: 400;\" data-start=\"1135\" data-end=\"1379\">Mange mennesker \u2013 og dyr \u2013 opplever blokkeringer p\u00e5 denne aksen: vanskeligheter med \u00e5 uttrykke f\u00f8lelser, kreativ stagnasjon, frykt for \u00e5 vise seg selv eller overdreven f\u00f8lelsesmessig f\u00f8lsomhet. Denne blomsteressensen gir beroligende, beskyttelse og plass. <\/p>\n<p style=\"font-weight: 400;\" data-start=\"1381\" data-end=\"1399\"><strong data-start=\"1381\" data-end=\"1397\">Programmer<\/strong><\/p>\n<ul>\n<li data-start=\"1402\" data-end=\"1460\">Ved f\u00f8lelsesmessige blokkeringer (f.eks. tristhet, skam, skyldf\u00f8lelse)<\/li>\n<li data-start=\"1463\" data-end=\"1503\">Vanskeligheter med selvuttrykk eller kommunikasjon<\/li>\n<li data-start=\"1506\" data-end=\"1563\">Problemer rundt kreativitet, sensualitet eller intimitet<\/li>\n<li data-start=\"1566\" data-end=\"1619\">H\u00f8y f\u00f8lsomhet eller overstimulering av halsomr\u00e5det<\/li>\n<li data-start=\"1622\" data-end=\"1679\">St\u00f8tter hormonell ubalanse eller halslidelser<\/li>\n<\/ul>\n<p style=\"font-weight: 400;\" data-start=\"1681\" data-end=\"1725\"><strong data-start=\"1681\" data-end=\"1723\">Komposisjon<\/strong><\/p>\n<ul>\n<li data-start=\"1728\" data-end=\"1787\"><strong data-start=\"1728\" data-end=\"1741\">Tilgivelse<\/strong> \u2013 kjerneblomst for \u00e5 gi slipp, \u00e5pner hjertet<\/li>\n<li data-start=\"1790\" data-end=\"1853\"><strong data-start=\"1790\" data-end=\"1806\">Kupersille<\/strong> \u2013 for lekenhet, kreativitet og letthet<\/li>\n<li data-start=\"1856\" data-end=\"1916\"><strong data-start=\"1856\" data-end=\"1872\">Korallkaktus<\/strong> \u2013 myk feminin flyt, sensualitet<\/li>\n<li data-start=\"1919\" data-end=\"1971\"><strong data-start=\"1919\" data-end=\"1939\">Daggj\u00f8kblomst<\/strong> \u2013 t\u00f8r \u00e5 v\u00e6re deg selv og uttrykke deg selv<\/li>\n<li data-start=\"1974\" data-end=\"2036\"><strong data-start=\"1974\" data-end=\"1995\">Betlehemsstjernen<\/strong> \u2013 helbredelse av dype f\u00f8lelsesmessige traumer<\/li>\n<li data-start=\"2039\" data-end=\"2092\"><strong data-start=\"2039\" data-end=\"2059\">Indisk mandel<\/strong> \u2013 beskyttelse ved f\u00f8lsomhet<\/li>\n<li data-start=\"2095\" data-end=\"2161\"><strong data-start=\"2095\" data-end=\"2112\">Kj\u00e6rlighet og h\u00e5p<\/strong> \u2013 emosjonell mykgj\u00f8ring og innersenget\u00f8y<\/li>\n<li data-start=\"2164\" data-end=\"2211\"><strong data-start=\"2164\" data-end=\"2172\">Rose<\/strong> \u2013 myk hjerteenergi i kommunikasjon<\/li>\n<li data-start=\"2214\" data-end=\"2269\"><strong data-start=\"2214\" data-end=\"2227\">3-Enhet<\/strong> \u2013 justering av kropp, sjel og \u00e5nd<\/li>\n<li data-start=\"2272\" data-end=\"2338\"><strong data-start=\"2272\" data-end=\"2289\">Sommerfuglbusk<\/strong> \u2013 transformasjon og selvtillit i uttrykk<\/li>\n<li data-start=\"2341\" data-end=\"2403\"><strong data-start=\"2341\" data-end=\"2353\">Turkis<\/strong> \u2013 styrker sammenhengen mellom f\u00f8lelse og uttrykk<\/li>\n<\/ul>\n<p style=\"font-weight: 400;\" data-start=\"2405\" data-end=\"2585\">Bruk denne essensen i overgangsfaser, som st\u00f8tte i kreative eller relasjonelle prosesser, eller n\u00e5r det \u00e5 snakke og f\u00f8le kan (re)tilpasse seg hvem du egentlig er.<\/p>\n","protected":false},"excerpt":{"rendered":"<div>\n<p>Blomsteressens for f\u00f8lelsesmessig flyt og selvuttrykk. Uttrykk hjelper til med \u00e5 \u00e5pne det andre og femte chakraet, st\u00f8tter blokkeringer innen kreativitet, sensualitet, sannhet og kommunikasjon. <\/p>\n<\/div>\n","protected":false},"featured_media":17447,"comment_status":"open","ping_status":"closed","template":"","meta":{"wds_primary_product_brand":0,"wds_primary_product_cat":0,"wds_primary_merken":0},"product_brand":[],"product_cat":[3239],"product_tag":[3240,3597,3598,3601,3242,3602,3596,3599,3241,3600],"merken":[],"class_list":{"0":"post-6972","1":"product","2":"type-product","3":"status-publish","4":"has-post-thumbnail","6":"product_cat-blomster-rettsmidler","7":"product_tag-blomst-essens","8":"product_tag-chakra-2-no","9":"product_tag-chakra-5-no","10":"product_tag-emosjonell-helbredelse","11":"product_tag-energisk-beskyttelse","12":"product_tag-folsomme-dyr","13":"product_tag-hoy-folsomhet","14":"product_tag-kreativitet","15":"product_tag-ngd-care-blomstrer","16":"product_tag-selvutfoldelse","17":"infinite-scroll-item","18":"sales-flash-overlay","19":"woocommerce-text-align-center","20":"woocommerce-image-align-center","21":"do-quantity-buttons","23":"first","24":"instock","25":"taxable","26":"shipping-taxable","27":"purchasable","28":"product-type-simple"},"_links":{"self":[{"href":"https:\/\/www.ngdcare.nl\/no\/wp-json\/wp\/v2\/product\/6972","targetHints":{"allow":["GET"]}}],"collection":[{"href":"https:\/\/www.ngdcare.nl\/no\/wp-json\/wp\/v2\/product"}],"about":[{"href":"https:\/\/www.ngdcare.nl\/no\/wp-json\/wp\/v2\/types\/product"}],"replies":[{"embeddable":true,"href":"https:\/\/www.ngdcare.nl\/no\/wp-json\/wp\/v2\/comments?post=6972"}],"wp:featuredmedia":[{"embeddable":true,"href":"https:\/\/www.ngdcare.nl\/no\/wp-json\/wp\/v2\/media\/17447"}],"wp:attachment":[{"href":"https:\/\/www.ngdcare.nl\/no\/wp-json\/wp\/v2\/media?parent=6972"}],"wp:term":[{"taxonomy":"product_brand","embeddable":true,"href":"https:\/\/www.ngdcare.nl\/no\/wp-json\/wp\/v2\/product_brand?post=6972"},{"taxonomy":"product_cat","embeddable":true,"href":"https:\/\/www.ngdcare.nl\/no\/wp-json\/wp\/v2\/product_cat?post=6972"},{"taxonomy":"product_tag","embeddable":true,"href":"https:\/\/www.ngdcare.nl\/no\/wp-json\/wp\/v2\/product_tag?post=6972"},{"taxonomy":"merken","embeddable":true,"href":"https:\/\/www.ngdcare.nl\/no\/wp-json\/wp\/v2\/merken?post=6972"}],"curies":[{"name":"wp","href":"https:\/\/api.w.org\/{rel}","templated":true}]}}