{"id":6976,"date":"2025-09-27T23:03:29","date_gmt":"2025-09-27T21:03:29","guid":{"rendered":"https:\/\/www.ngdcare.nl\/product\/ukategorisert\/indre-justeringsessens-chakra-1-4-og-7\/"},"modified":"2026-01-01T15:15:55","modified_gmt":"2026-01-01T14:15:55","slug":"indre-justeringsessens-chakra-1-4-og-7","status":"publish","type":"product","link":"https:\/\/www.ngdcare.nl\/no\/product\/blomster-rettsmidler\/indre-justeringsessens-chakra-1-4-og-7\/","title":{"rendered":"Indre justeringsessens \u2013 Chakra 1, 4 og 7"},"content":{"rendered":"<p><strong>Inner Alignment<\/strong> er en n\u00f8ye kuratert blomsteressens basert p\u00e5 1., 4. og 7. Denne formelen bidrar til \u00e5: <\/p>\n<ul>\n<li>Land dypere i kroppen din (chakra 1),<\/li>\n<li>\u00c5pne hjertet for kj\u00e6rlig forbindelse (chakra 4),<\/li>\n<li>Og for \u00e5 f\u00e5 kontakt med ditt h\u00f8yere selv og intuisjon (chakra 7).<\/li>\n<\/ul>\n<p>Denne kombinasjonen er spesielt egnet for <strong>h\u00f8ysensitive mennesker eller dyr<\/strong> som lider av f\u00f8lelser av usikkerhet, sorg, ensomhet, overstimulering eller \u00e5ndelig ubalanse.<\/p>\n<p>Blandingen inneholder 12 n\u00f8ye utvalgte blomster fra Star Remedies-serien. De jobber sammen p\u00e5 et fysisk, f\u00f8lelsesmessig, mentalt og \u00e5ndelig niv\u00e5 for \u00e5 gjenopprette den indre treenigheten. <\/p>\n<p><strong>Indikasjoner:<\/strong><\/p>\n<ul>\n<li>\u00c5 overleve i stedet for \u00e5 leve<\/li>\n<li>\u00c5 ikke kunne &laquo;lande&raquo; ordentlig i kroppen din<\/li>\n<li>F\u00f8lelser av ensomhet, sorg eller fremmedgj\u00f8ring<\/li>\n<li>Vanskeligheter med egenkj\u00e6rlighet eller tilpasning til h\u00f8yere intuisjon<\/li>\n<li>Overstimulering eller energetisk s\u00e5rbarhet<\/li>\n<\/ul>\n<p><strong>Ingrediensene<\/strong>:<\/p>\n<ul>\n<li><strong>Maskeblomst<\/strong> \u2013 for \u00e5 frigj\u00f8re beskyttelsesmekanismer og dyp jording<\/li>\n<li><strong>Borage<\/strong> \u2013 gir mot, komfort og mildhet<\/li>\n<li><strong>Vannlilje<\/strong> \u2013 forbinder eterlegemet med det fysiske<\/li>\n<li><strong>Immortelle<\/strong> \u2013 virker karmisk og styrker sjelens jording<\/li>\n<li><strong>Balanse<\/strong> \u2013 harmoniserer f\u00f8lelse, tenkning og handling<\/li>\n<li><strong>Day Cuckoo Flower<\/strong> \u2013 mot til \u00e5 vise deg selv med et \u00e5pent hjerte<\/li>\n<li><strong>Queen of the Coasts<\/strong> \u2013 \u00e5pner kj\u00e6rlighetens hjerte og krone<\/li>\n<li><strong>Betlehemsstjernen<\/strong> \u2013 helbreder dype traumer og gjenoppretter sjelelinjen<\/li>\n<li><strong>Knotweed<\/strong> \u2013 styrker det energiske nettet jordkosmos \u2194<\/li>\n<li><strong>Gul maiblomst<\/strong> \u2013 \u00e5pner kronen mykt og rent<\/li>\n<li><strong>3-Unity<\/strong> \u2013 forbinder kropp, sjel og \u00e5nd p\u00e5 linje<\/li>\n<li><strong>Herb Don&#8217;t Stir Me<\/strong> \u2013 gir energisk beskyttelse i tilfelle overstimulering<\/li>\n<\/ul>\n","protected":false},"excerpt":{"rendered":"<p><span style=\"color: black;\">Denne kraftige blomsteressensen forbinder rot-, hjerte- og kronechakraene. Den st\u00f8tter legemliggj\u00f8ring, indre fred og \u00e5ndelig inntoning. For sensitive mennesker og dyr som leter etter trygghet, tilknytning og mening.  <\/span><\/p>\n","protected":false},"featured_media":12071,"comment_status":"open","ping_status":"closed","template":"","meta":[],"product_brand":[],"product_cat":[3239],"product_tag":[3636,3240,3633,3638,3596,3634,3637,3639,3241,3635],"merken":[],"class_list":{"0":"post-6976","1":"product","2":"type-product","3":"status-publish","4":"has-post-thumbnail","6":"product_cat-blomster-rettsmidler","7":"product_tag-andelig-forbindelse","8":"product_tag-blomst-essens","9":"product_tag-chakra-1-4-7-no","10":"product_tag-hjerte-apning","11":"product_tag-hoy-folsomhet","12":"product_tag-indre-justering","13":"product_tag-jording","14":"product_tag-kronechakra-no","15":"product_tag-ngd-care-blomstrer","16":"product_tag-stjerne-rettsmidler","17":"infinite-scroll-item","18":"sales-flash-overlay","19":"woocommerce-text-align-center","20":"woocommerce-image-align-center","21":"do-quantity-buttons","23":"first","24":"instock","25":"taxable","26":"shipping-taxable","27":"purchasable","28":"product-type-simple"},"_links":{"self":[{"href":"https:\/\/www.ngdcare.nl\/no\/wp-json\/wp\/v2\/product\/6976","targetHints":{"allow":["GET"]}}],"collection":[{"href":"https:\/\/www.ngdcare.nl\/no\/wp-json\/wp\/v2\/product"}],"about":[{"href":"https:\/\/www.ngdcare.nl\/no\/wp-json\/wp\/v2\/types\/product"}],"replies":[{"embeddable":true,"href":"https:\/\/www.ngdcare.nl\/no\/wp-json\/wp\/v2\/comments?post=6976"}],"wp:featuredmedia":[{"embeddable":true,"href":"https:\/\/www.ngdcare.nl\/no\/wp-json\/wp\/v2\/media\/12071"}],"wp:attachment":[{"href":"https:\/\/www.ngdcare.nl\/no\/wp-json\/wp\/v2\/media?parent=6976"}],"wp:term":[{"taxonomy":"product_brand","embeddable":true,"href":"https:\/\/www.ngdcare.nl\/no\/wp-json\/wp\/v2\/product_brand?post=6976"},{"taxonomy":"product_cat","embeddable":true,"href":"https:\/\/www.ngdcare.nl\/no\/wp-json\/wp\/v2\/product_cat?post=6976"},{"taxonomy":"product_tag","embeddable":true,"href":"https:\/\/www.ngdcare.nl\/no\/wp-json\/wp\/v2\/product_tag?post=6976"},{"taxonomy":"merken","embeddable":true,"href":"https:\/\/www.ngdcare.nl\/no\/wp-json\/wp\/v2\/merken?post=6976"}],"curies":[{"name":"wp","href":"https:\/\/api.w.org\/{rel}","templated":true}]}}