{"id":7001,"date":"2025-08-24T22:38:04","date_gmt":"2025-08-24T20:38:04","guid":{"rendered":"https:\/\/www.ngdcare.nl\/product\/ukategorisert\/kolloidalt-solv-nesespray-kolloidalt-solv-nesespray\/"},"modified":"2026-03-29T14:35:14","modified_gmt":"2026-03-29T12:35:14","slug":"kolloidalt-solv-nesespray-kolloidalt-solv-nesespray","status":"publish","type":"product","link":"https:\/\/www.ngdcare.nl\/no\/product\/naturlig-kjaeledyrapotek\/generell-vitalitet\/kolloidalt-solv-nesespray-kolloidalt-solv-nesespray\/","title":{"rendered":"Kolloidalt s\u00f8lv nesespray \u2013 kolloidalt s\u00f8lv nesespray"},"content":{"rendered":"<p class=\"p1\"><strong>Colloidal Silver Nasal Spray<\/strong> fra NGD Care gir naturlig st\u00f8tte for neseproblemer hos b\u00e5de kj\u00e6ledyr og mennesker. Denne sprayen inneholder rent kolloidalt s\u00f8lv i en konsentrasjon p\u00e5 10 PPM (parts per million), oppl\u00f8st i renset destillert vann. Takket v\u00e6re bruken av nanos\u00f8lvpartikler er nesesprayen spesielt egnet for sensitive slimhinner.  <\/p>\n<p class=\"p1\">S\u00f8lvet har naturlig en rensende effekt og bidrar til et sunt mikroklima i nesegangene, uten irriterende tilsetningsstoffer. Sprayen inneholder ingen alkohol, konserveringsmidler eller dufter, noe som gj\u00f8r den trygg for unge dyr eller sensitive individer ogs\u00e5. <\/p>\n<p class=\"p1\">Sprayflasken gj\u00f8r administreringen enkel og presis: med en spray per nesebor n\u00e5s neseslimhinnen direkte. Virkningen er lokal, mild og uten kjente bivirkninger eller interaksjoner. <\/p>\n<p class=\"p1\">Denne nesesprayen brukes hovedsakelig til:<\/p>\n<p class=\"p1\">\u2013 overdreven neseutslipp<\/p>\n<p class=\"p1\">\u2013 tett nese<\/p>\n<p class=\"p1\">\u2013 st\u00f8tte av bihuler og luftveier<\/p>\n<p class=\"p1\">\u2013 postoperativ pleie av nesehulen<\/p>\n<p class=\"p1\">\u2013 sesongmessige irritasjoner (f.eks. pollen)<\/p>\n","protected":false},"excerpt":{"rendered":"<p class=\"p1\">Colloidal Silver Nasal Spray fra NGD Care er en mild, naturlig spray med 10 PPM nanos\u00f8lv i destillert vann. St\u00f8tter slimhinner og nesehelse hos mennesker og dyr. <\/p>\n","protected":false},"featured_media":11091,"comment_status":"open","ping_status":"closed","template":"","meta":{"wds_primary_product_brand":0,"wds_primary_product_cat":0,"wds_primary_merken":0},"product_brand":[],"product_cat":[2210,2209,3144],"product_tag":[3754,3753,3757,1817,3150,1819,3353,3152,3149,3755,3148,3758,3756],"merken":[],"class_list":{"0":"post-7001","1":"product","2":"type-product","3":"status-publish","4":"has-post-thumbnail","6":"product_cat-anti-inflammatorisk","7":"product_cat-generell-vitalitet","8":"product_cat-kolloidalt","9":"product_tag-bihulebetennelse","10":"product_tag-ekstern-bruk","11":"product_tag-fremre-luftveier","12":"product_tag-hund-no","13":"product_tag-infeksjon","14":"product_tag-katt","15":"product_tag-kolloidalt","16":"product_tag-kolloidalt-solv","17":"product_tag-nano-solv","18":"product_tag-nesespray","19":"product_tag-ngd-care-kolloidal-no","20":"product_tag-rhinitt","21":"product_tag-solv-nesespray","22":"infinite-scroll-item","23":"sales-flash-overlay","24":"woocommerce-text-align-center","25":"woocommerce-image-align-center","26":"do-quantity-buttons","28":"first","29":"instock","30":"taxable","31":"shipping-taxable","32":"purchasable","33":"product-type-simple"},"_links":{"self":[{"href":"https:\/\/www.ngdcare.nl\/no\/wp-json\/wp\/v2\/product\/7001","targetHints":{"allow":["GET"]}}],"collection":[{"href":"https:\/\/www.ngdcare.nl\/no\/wp-json\/wp\/v2\/product"}],"about":[{"href":"https:\/\/www.ngdcare.nl\/no\/wp-json\/wp\/v2\/types\/product"}],"replies":[{"embeddable":true,"href":"https:\/\/www.ngdcare.nl\/no\/wp-json\/wp\/v2\/comments?post=7001"}],"wp:featuredmedia":[{"embeddable":true,"href":"https:\/\/www.ngdcare.nl\/no\/wp-json\/wp\/v2\/media\/11091"}],"wp:attachment":[{"href":"https:\/\/www.ngdcare.nl\/no\/wp-json\/wp\/v2\/media?parent=7001"}],"wp:term":[{"taxonomy":"product_brand","embeddable":true,"href":"https:\/\/www.ngdcare.nl\/no\/wp-json\/wp\/v2\/product_brand?post=7001"},{"taxonomy":"product_cat","embeddable":true,"href":"https:\/\/www.ngdcare.nl\/no\/wp-json\/wp\/v2\/product_cat?post=7001"},{"taxonomy":"product_tag","embeddable":true,"href":"https:\/\/www.ngdcare.nl\/no\/wp-json\/wp\/v2\/product_tag?post=7001"},{"taxonomy":"merken","embeddable":true,"href":"https:\/\/www.ngdcare.nl\/no\/wp-json\/wp\/v2\/merken?post=7001"}],"curies":[{"name":"wp","href":"https:\/\/api.w.org\/{rel}","templated":true}]}}