{"id":7028,"date":"2025-09-27T23:26:38","date_gmt":"2025-09-27T21:26:38","guid":{"rendered":"https:\/\/www.ngdcare.nl\/product\/ukategorisert\/operatie-herstelpakket-gjenopprettingssett-for-kirurgi\/"},"modified":"2025-10-15T16:27:30","modified_gmt":"2025-10-15T14:27:30","slug":"operatie-herstelpakket-gjenopprettingssett-for-kirurgi","status":"publish","type":"product","link":"https:\/\/www.ngdcare.nl\/no\/product\/protokoller-no\/operatie-herstelpakket-gjenopprettingssett-for-kirurgi\/","title":{"rendered":"Operatie herstelpakket \u2013 Gjenopprettingssett for kirurgi"},"content":{"rendered":"<p style=\"font-weight: 400;\" data-start=\"674\" data-end=\"904\"><strong data-start=\"678\" data-end=\"703\">Operasjonsgjenopprettingspakken<\/strong> fra NGD Care er spesielt formulert for restitusjonsfasen etter operasjon hos b\u00e5de dyr og mennesker. Denne naturlige kombinasjonspakken gir st\u00f8tte p\u00e5 et fysisk, energisk og f\u00f8lelsesmessig niv\u00e5. <\/p>\n<p style=\"font-weight: 400;\" data-start=\"906\" data-end=\"1105\">Den kraftige sammensetningen fremmer fjerning av rester etter anestesi eller medisinering, st\u00f8tter s\u00e5rheling og restitusjon, og hjelper til med \u00e5 behandle stress, traumer eller forvirring etter inngrepet.<\/p>\n<p data-start=\"1112\" data-end=\"1147\">Pakken best\u00e5r av 3 kosttilskudd.<\/p>\n<ul>\n<li data-start=\"1152\" data-end=\"1372\"><strong data-start=\"1152\" data-end=\"1201\">Essens etter operasjon  <\/strong>\n<ul>\n<li data-start=\"1152\" data-end=\"1372\">Blomsteressens som inneholder et energisk avtrykk av terra, englesverd, frynset fiolett, rhodolitt granat, dyrepleie, kj\u00e6rlighet og h\u00e5p, Betlehemsstjerne, valmue, maskeblomst og barmhjertighetsurt.<\/li>\n<li data-start=\"1152\" data-end=\"1372\">St\u00f8tter energetisk restitusjon, traumeintegrasjon og indre fred etter operasjonen.<\/li>\n<\/ul>\n<\/li>\n<li data-start=\"1377\" data-end=\"1532\"><strong data-start=\"1377\" data-end=\"1430\">Chlorella-Spirulina-Alfalfa blanding<\/strong>\n<ul>\n<li data-start=\"1377\" data-end=\"1532\">For naturlig avgiftning, lever- og nyrest\u00f8tte, rik p\u00e5 klorofyll og antioksidanter.<\/li>\n<\/ul>\n<\/li>\n<li data-start=\"1537\" data-end=\"1701\"><strong data-start=\"1537\" data-end=\"1570\">PEA\/Boswellia-komplekset  <\/strong>\n<ul>\n<li data-start=\"1537\" data-end=\"1701\">Hjelper med betennelseshemming, st\u00f8tter vevsreparasjon og immunfunksjon. Naturlig alternativ til vanlige smertestillende. <\/li>\n<\/ul>\n<\/li>\n<\/ul>\n<p data-start=\"1708\" data-end=\"1740\">Hvis det er gitt en antibiotikakur under operasjonen, anbefaler vi \u00e5 tilsette v\u00e5re <strong>prebiotika<\/strong> og <strong>probiotika<\/strong> .<\/p>\n<p data-start=\"1708\" data-end=\"1740\">Vi anbefaler \u00e5 legge <strong>til eggeskallmembranen<\/strong> i ortopedisk kirurgi.<\/p>\n","protected":false},"excerpt":{"rendered":"<p>St\u00f8tte etter operasjonen med en kraftig, naturlig restitusjonspakke. Med blomsteressens, PEA og chlorella for \u00e5 fremme detox, helbredelse og indre balanse. <\/p>\n","protected":false},"featured_media":0,"comment_status":"open","ping_status":"closed","template":"","meta":[],"product_brand":[],"product_cat":[2948],"product_tag":[3240,3805,3804,3806,3267,3803,2831,2614,3802,3807],"merken":[],"class_list":{"0":"post-7028","1":"product","2":"type-product","3":"status-publish","5":"product_cat-protokoller-no","6":"product_tag-blomst-essens","7":"product_tag-chlorella-detox-no","8":"product_tag-curcuma-tilskudd","9":"product_tag-detox-etter-anestesi","10":"product_tag-energisk-restitusjon","11":"product_tag-gjenoppretting-av-operasjon","12":"product_tag-naturlig-betennelsesdempende","13":"product_tag-ngd-omsorg","14":"product_tag-postoperativt-no","15":"product_tag-sarheling-no","16":"infinite-scroll-item","17":"sales-flash-overlay","18":"woocommerce-text-align-center","19":"woocommerce-image-align-center","20":"do-quantity-buttons","22":"first","23":"instock","24":"sale","25":"taxable","26":"shipping-taxable","27":"purchasable","28":"product-type-simple"},"_links":{"self":[{"href":"https:\/\/www.ngdcare.nl\/no\/wp-json\/wp\/v2\/product\/7028","targetHints":{"allow":["GET"]}}],"collection":[{"href":"https:\/\/www.ngdcare.nl\/no\/wp-json\/wp\/v2\/product"}],"about":[{"href":"https:\/\/www.ngdcare.nl\/no\/wp-json\/wp\/v2\/types\/product"}],"replies":[{"embeddable":true,"href":"https:\/\/www.ngdcare.nl\/no\/wp-json\/wp\/v2\/comments?post=7028"}],"wp:attachment":[{"href":"https:\/\/www.ngdcare.nl\/no\/wp-json\/wp\/v2\/media?parent=7028"}],"wp:term":[{"taxonomy":"product_brand","embeddable":true,"href":"https:\/\/www.ngdcare.nl\/no\/wp-json\/wp\/v2\/product_brand?post=7028"},{"taxonomy":"product_cat","embeddable":true,"href":"https:\/\/www.ngdcare.nl\/no\/wp-json\/wp\/v2\/product_cat?post=7028"},{"taxonomy":"product_tag","embeddable":true,"href":"https:\/\/www.ngdcare.nl\/no\/wp-json\/wp\/v2\/product_tag?post=7028"},{"taxonomy":"merken","embeddable":true,"href":"https:\/\/www.ngdcare.nl\/no\/wp-json\/wp\/v2\/merken?post=7028"}],"curies":[{"name":"wp","href":"https:\/\/api.w.org\/{rel}","templated":true}]}}