{"id":7029,"date":"2025-09-15T21:21:54","date_gmt":"2025-09-15T19:21:54","guid":{"rendered":"https:\/\/www.ngdcare.nl\/product\/ukategorisert\/ozone-jojoba-skin-balm-skin-balm\/"},"modified":"2026-03-29T14:18:29","modified_gmt":"2026-03-29T12:18:29","slug":"ozone-jojoba-skin-balm-skin-balm","status":"publish","type":"product","link":"https:\/\/www.ngdcare.nl\/no\/product\/veterinary-health\/ozon-no\/ozone-jojoba-skin-balm-skin-balm\/","title":{"rendered":"Ozone Jojoba Skin Balm \u2013 Skin Balm"},"content":{"rendered":"<p data-start=\"6539\" data-end=\"6718\"><strong data-start=\"6752\" data-end=\"6783\">Ozone Jojoba hudbalsam \u2013 Skin Balm<\/strong> bruker den naturlige <strong data-start=\"6809\" data-end=\"6825\">vokskarakteren<\/strong> til jojoba: med tyngre ozonering dannes en <strong data-start=\"6878\" data-end=\"6897\">stabil balsam<\/strong> som legger et tynt, semi-okklusivt lag. Ideell for <strong data-start=\"6952\" data-end=\"6983\">lokale, t\u00f8rre eller r\u00f8ffe omr\u00e5der<\/strong> (poteputer, nese, hudfolder og hyller). Parfymefri.  <\/p>\n<p data-start=\"4084\" data-end=\"4651\">Ozone Jojoba Oil \u2013 <strong data-start=\"4158\" data-end=\"4171\">Skin Balm<\/strong> er en <strong data-start=\"4179\" data-end=\"4209\">halvfast, stabil balsam<\/strong> basert p\u00e5 ozonert <strong data-start=\"4237\" data-end=\"4252\">jojobaolje<\/strong>. P\u00e5 grunn av den naturlige <strong data-start=\"4275\" data-end=\"4291\">vokskarakteren<\/strong> til jojoba, skaper tyngre ozonering et <strong data-start=\"4341\" data-end=\"4372\">tynt, semi-okklusivt lag<\/strong> som <strong data-start=\"4377\" data-end=\"4404\">forblir p\u00e5 plass i lang tid<\/strong>. Balmen er <strong data-start=\"4419\" data-end=\"4437\">ikke-klebrig<\/strong>, <strong data-start=\"4439\" data-end=\"4453\">parfymefri<\/strong> og ideell for <strong data-start=\"4469\" data-end=\"4500\">lokale, t\u00f8rre eller r\u00f8ffe omr\u00e5der<\/strong>.  <\/p>\n<p data-start=\"4084\" data-end=\"4651\"><strong data-start=\"4653\" data-end=\"4701\">Bruksomr\u00e5der<\/strong> er lokal pleie av t\u00f8rre\/grove flekker som hyller og andre liggeomr\u00e5der, trampeputer, neseoverflate og hudfolder. Balmen har en st\u00f8ttende effekt p\u00e5 bakterie- og soppinfeksjoner i huden og trenger godt inn i biofilmen. <\/p>\n","protected":false},"excerpt":{"rendered":"<p data-start=\"6539\" data-end=\"6718\">Rik, halvfast <strong data-start=\"6588\" data-end=\"6602\">hudbalsam<\/strong> basert p\u00e5 ozonert jojobaolje. Pleier og beskytter sm\u00e5 t\u00f8rre\/grove flekker og holder seg p\u00e5 plass i lang tid. <\/p>\n<p data-start=\"6720\" data-end=\"7093\">\n","protected":false},"featured_media":17408,"comment_status":"open","ping_status":"closed","template":"","meta":{"wds_primary_product_brand":0,"wds_primary_product_cat":0,"wds_primary_merken":0},"product_brand":[],"product_cat":[2873,3590],"product_tag":[3593,3595,3592,3591,3594],"merken":[],"class_list":{"0":"post-7029","1":"product","2":"type-product","3":"status-publish","4":"has-post-thumbnail","6":"product_cat-hud-og-pels-no","7":"product_cat-ozon-no","8":"product_tag-hundeorepleie","9":"product_tag-oredraper","10":"product_tag-ozonert-jojoba","11":"product_tag-parfymefri","12":"product_tag-pleie-av-katteore","13":"infinite-scroll-item","14":"sales-flash-overlay","15":"woocommerce-text-align-center","16":"woocommerce-image-align-center","17":"do-quantity-buttons","19":"first","20":"instock","21":"taxable","22":"shipping-taxable","23":"purchasable","24":"product-type-simple"},"_links":{"self":[{"href":"https:\/\/www.ngdcare.nl\/no\/wp-json\/wp\/v2\/product\/7029","targetHints":{"allow":["GET"]}}],"collection":[{"href":"https:\/\/www.ngdcare.nl\/no\/wp-json\/wp\/v2\/product"}],"about":[{"href":"https:\/\/www.ngdcare.nl\/no\/wp-json\/wp\/v2\/types\/product"}],"replies":[{"embeddable":true,"href":"https:\/\/www.ngdcare.nl\/no\/wp-json\/wp\/v2\/comments?post=7029"}],"wp:featuredmedia":[{"embeddable":true,"href":"https:\/\/www.ngdcare.nl\/no\/wp-json\/wp\/v2\/media\/17408"}],"wp:attachment":[{"href":"https:\/\/www.ngdcare.nl\/no\/wp-json\/wp\/v2\/media?parent=7029"}],"wp:term":[{"taxonomy":"product_brand","embeddable":true,"href":"https:\/\/www.ngdcare.nl\/no\/wp-json\/wp\/v2\/product_brand?post=7029"},{"taxonomy":"product_cat","embeddable":true,"href":"https:\/\/www.ngdcare.nl\/no\/wp-json\/wp\/v2\/product_cat?post=7029"},{"taxonomy":"product_tag","embeddable":true,"href":"https:\/\/www.ngdcare.nl\/no\/wp-json\/wp\/v2\/product_tag?post=7029"},{"taxonomy":"merken","embeddable":true,"href":"https:\/\/www.ngdcare.nl\/no\/wp-json\/wp\/v2\/merken?post=7029"}],"curies":[{"name":"wp","href":"https:\/\/api.w.org\/{rel}","templated":true}]}}