{"id":7082,"date":"2025-09-15T21:48:30","date_gmt":"2025-09-15T19:48:30","guid":{"rendered":"https:\/\/www.ngdcare.nl\/product\/ukategorisert\/ozone-glycerin-skin-gel-skin-gel\/"},"modified":"2026-04-15T16:28:45","modified_gmt":"2026-04-15T14:28:45","slug":"ozone-glycerin-skin-gel-skin-gel","status":"publish","type":"product","link":"https:\/\/www.ngdcare.nl\/no\/product\/veterinary-health\/ozon-no\/ozone-glycerin-skin-gel-skin-gel\/","title":{"rendered":"Ozone Glycerin Skin Gel \u2013 Skin Gel"},"content":{"rendered":"<p data-start=\"4723\" data-end=\"5116\">Ozone Glycerin Skin<strong data-start=\"2941\" data-end=\"2962\"> Gel \u2013 Skin Gel<\/strong> er en <strong data-start=\"2970\" data-end=\"3001\">h\u00f8yvisk\u00f8s gel<\/strong> basert p\u00e5 100 % premium ozonert glyserin. Gelteksturen er designet <strong data-start=\"3071\" data-end=\"3114\">for \u00e5 holde seg der du p\u00e5f\u00f8rer<\/strong>, ideell for <strong data-start=\"3128\" data-end=\"3164\">sm\u00e5, lokaliserte hudomr\u00e5der (grove eller fortykkede omr\u00e5der).<\/strong> Den <strong data-start=\"3169\" data-end=\"3184\">parfymefrie<\/strong> formelen <strong data-start=\"3199\" data-end=\"3214\">f\u00f8les ikke fet<\/strong> og er lett \u00e5 spre tynt, med en behagelig hudf\u00f8lelse og <strong data-start=\"3284\" data-end=\"3307\">lengre kontakttid<\/strong> enn en vandig l\u00f8sning. Lukten er ogs\u00e5 behagelig i motsetning til den ozonerte olivenoljen som kan v\u00e6re gjennomtrengende.   <\/p>\n<p data-start=\"4723\" data-end=\"5116\">Denne gelen har den h\u00f8yeste peroksidindeksen av v\u00e5re ozonprodukter. Som et resultat har den den sterkeste st\u00f8tteeffekten mot bakterier, virus, gj\u00e6r, sopp og vortelignende strukturer. <\/p>\n<p data-start=\"4723\" data-end=\"5116\">\n","protected":false},"excerpt":{"rendered":"<p>M\u00e5lrettet, vandig <strong data-start=\"4608\" data-end=\"4619\">hudgel<\/strong> basert p\u00e5 ozonert glyserin. Ideell for lokal pleie av sm\u00e5 grove\/fortykkede flekker. <\/p>\n","protected":false},"featured_media":18246,"comment_status":"open","ping_status":"closed","template":"","meta":{"wds_primary_product_brand":0,"wds_primary_product_cat":0,"wds_primary_merken":0},"product_brand":[],"product_cat":[2873,3590],"product_tag":[3847,1817,1819,3845,3591],"merken":[],"class_list":{"0":"post-7082","1":"product","2":"type-product","3":"status-publish","4":"has-post-thumbnail","6":"product_cat-hud-og-pels-no","7":"product_cat-ozon-no","8":"product_tag-hud-gel","9":"product_tag-hund-no","10":"product_tag-katt","11":"product_tag-ozonert-glyserin","12":"product_tag-parfymefri","13":"infinite-scroll-item","14":"sales-flash-overlay","15":"woocommerce-text-align-center","16":"woocommerce-image-align-center","17":"do-quantity-buttons","19":"first","20":"outofstock","21":"taxable","22":"shipping-taxable","23":"purchasable","24":"product-type-variable"},"_links":{"self":[{"href":"https:\/\/www.ngdcare.nl\/no\/wp-json\/wp\/v2\/product\/7082","targetHints":{"allow":["GET"]}}],"collection":[{"href":"https:\/\/www.ngdcare.nl\/no\/wp-json\/wp\/v2\/product"}],"about":[{"href":"https:\/\/www.ngdcare.nl\/no\/wp-json\/wp\/v2\/types\/product"}],"replies":[{"embeddable":true,"href":"https:\/\/www.ngdcare.nl\/no\/wp-json\/wp\/v2\/comments?post=7082"}],"wp:featuredmedia":[{"embeddable":true,"href":"https:\/\/www.ngdcare.nl\/no\/wp-json\/wp\/v2\/media\/18246"}],"wp:attachment":[{"href":"https:\/\/www.ngdcare.nl\/no\/wp-json\/wp\/v2\/media?parent=7082"}],"wp:term":[{"taxonomy":"product_brand","embeddable":true,"href":"https:\/\/www.ngdcare.nl\/no\/wp-json\/wp\/v2\/product_brand?post=7082"},{"taxonomy":"product_cat","embeddable":true,"href":"https:\/\/www.ngdcare.nl\/no\/wp-json\/wp\/v2\/product_cat?post=7082"},{"taxonomy":"product_tag","embeddable":true,"href":"https:\/\/www.ngdcare.nl\/no\/wp-json\/wp\/v2\/product_tag?post=7082"},{"taxonomy":"merken","embeddable":true,"href":"https:\/\/www.ngdcare.nl\/no\/wp-json\/wp\/v2\/merken?post=7082"}],"curies":[{"name":"wp","href":"https:\/\/api.w.org\/{rel}","templated":true}]}}