{"id":7090,"date":"2025-09-15T21:10:30","date_gmt":"2025-09-15T19:10:30","guid":{"rendered":"https:\/\/www.ngdcare.nl\/product\/ukategorisert\/ozonglyserin-nesedraper-nesespray\/"},"modified":"2026-04-27T21:59:11","modified_gmt":"2026-04-27T19:59:11","slug":"ozonglyserin-nesedraper-nesespray","status":"publish","type":"product","link":"https:\/\/www.ngdcare.nl\/no\/product\/veterinary-health\/ozon-no\/ozonglyserin-nesedraper-nesespray\/","title":{"rendered":"Ozonglyserin nesedr\u00e5per \u2013 nesespray"},"content":{"rendered":"<p data-start=\"1627\" data-end=\"2267\">Ozonglyserin <strong data-start=\"1700\" data-end=\"1720\">nesedr\u00e5per \u2013 Nesespray<\/strong> er en <strong data-start=\"1728\" data-end=\"1757\">vandig, mild nesespray<\/strong> med <strong data-start=\"1762\" data-end=\"1792\">5 % ozonert glyserin<\/strong> i <strong data-start=\"1796\" data-end=\"1809\">0,9 % NaCl<\/strong>. Den fine t\u00e5ken er <strong data-start=\"1829\" data-end=\"1862\">behagelig for slimhinner<\/strong> og bidrar til \u00e5 holde <strong data-start=\"1876\" data-end=\"1902\">nesemikroklimaet friskt<\/strong> . Takket v\u00e6re de <strong data-start=\"1925\" data-end=\"1939\">fuktighetsbevarende <\/strong>egenskapene til glyserin, forblir overflaten behagelig \u00e5 ta p\u00e5 uten \u00e5 feste seg eller t\u00f8rke ut. Formelen er <strong data-start=\"2057\" data-end=\"2071\">parfymefri<\/strong> og minimalistisk, egnet for <strong data-start=\"2105\" data-end=\"2126\">daglig bruk<\/strong> p\u00e5 hund og katt.   <\/p>\n<p data-start=\"2269\" data-end=\"2319\"><strong data-start=\"2269\" data-end=\"2317\">Indikasjoner<\/strong> for bruk av nesespray er en st\u00f8ttende effekt p\u00e5 rhinitt, forkj\u00f8lelse og nesetetthet. Videre kan det bidra til daglig pleie av nesen og st\u00f8tte et t\u00f8rt st\u00f8vete milj\u00f8. <\/p>\n","protected":false},"excerpt":{"rendered":"<p>Mild nesespray med 5 % ozonisert glyserin i 0,9 % NaCl. Holder det nasale mikroklimaet friskt og f\u00f8les behagelig for slimhinnene.<\/p>\n","protected":false},"featured_media":18266,"comment_status":"open","ping_status":"closed","template":"","meta":{"wds_primary_product_brand":0,"wds_primary_product_cat":0,"wds_primary_merken":0},"product_brand":[],"product_cat":[3590],"product_tag":[1817,1819,3855,3755,3845],"merken":[],"class_list":{"0":"post-7090","1":"product","2":"type-product","3":"status-publish","4":"has-post-thumbnail","6":"product_cat-ozon-no","7":"product_tag-hund-no","8":"product_tag-katt","9":"product_tag-nesepleie","10":"product_tag-nesespray","11":"product_tag-ozonert-glyserin","12":"infinite-scroll-item","13":"sales-flash-overlay","14":"woocommerce-text-align-center","15":"woocommerce-image-align-center","16":"do-quantity-buttons","18":"first","19":"outofstock","20":"taxable","21":"shipping-taxable","22":"purchasable","23":"product-type-simple"},"_links":{"self":[{"href":"https:\/\/www.ngdcare.nl\/no\/wp-json\/wp\/v2\/product\/7090","targetHints":{"allow":["GET"]}}],"collection":[{"href":"https:\/\/www.ngdcare.nl\/no\/wp-json\/wp\/v2\/product"}],"about":[{"href":"https:\/\/www.ngdcare.nl\/no\/wp-json\/wp\/v2\/types\/product"}],"replies":[{"embeddable":true,"href":"https:\/\/www.ngdcare.nl\/no\/wp-json\/wp\/v2\/comments?post=7090"}],"wp:featuredmedia":[{"embeddable":true,"href":"https:\/\/www.ngdcare.nl\/no\/wp-json\/wp\/v2\/media\/18266"}],"wp:attachment":[{"href":"https:\/\/www.ngdcare.nl\/no\/wp-json\/wp\/v2\/media?parent=7090"}],"wp:term":[{"taxonomy":"product_brand","embeddable":true,"href":"https:\/\/www.ngdcare.nl\/no\/wp-json\/wp\/v2\/product_brand?post=7090"},{"taxonomy":"product_cat","embeddable":true,"href":"https:\/\/www.ngdcare.nl\/no\/wp-json\/wp\/v2\/product_cat?post=7090"},{"taxonomy":"product_tag","embeddable":true,"href":"https:\/\/www.ngdcare.nl\/no\/wp-json\/wp\/v2\/product_tag?post=7090"},{"taxonomy":"merken","embeddable":true,"href":"https:\/\/www.ngdcare.nl\/no\/wp-json\/wp\/v2\/merken?post=7090"}],"curies":[{"name":"wp","href":"https:\/\/api.w.org\/{rel}","templated":true}]}}