{"id":7095,"date":"2025-09-15T21:01:00","date_gmt":"2025-09-15T19:01:00","guid":{"rendered":"https:\/\/www.ngdcare.nl\/product\/ukategorisert\/ozonglyserin-oyedraper-oyedraper\/"},"modified":"2026-04-15T16:29:23","modified_gmt":"2026-04-15T14:29:23","slug":"ozonglyserin-oyedraper-oyedraper","status":"publish","type":"product","link":"https:\/\/www.ngdcare.nl\/no\/product\/veterinary-health\/ozon-no\/ozonglyserin-oyedraper-oyedraper\/","title":{"rendered":"Ozonglyserin \u00f8yedr\u00e5per \u2013 \u00f8yedr\u00e5per"},"content":{"rendered":"<p data-start=\"291\" data-end=\"999\">Ozonglyserin <strong data-start=\"364\" data-end=\"382\">\u00f8yedr\u00e5per \u2013 \u00d8yedr\u00e5per<\/strong> er en mild, vandig \u00f8yepleie basert p\u00e5 <strong data-start=\"433\" data-end=\"463\">5 % ozonert glyserin<\/strong> i <strong data-start=\"467\" data-end=\"510\">0,9 % fysiologisk saltvann (NaCl).<\/strong> Den lette teksturen fordeler seg jevnt, <strong data-start=\"552\" data-end=\"590\">uten fet film eller t\u00e5kesyn<\/strong>, og f\u00f8les behagelig p\u00e5 den sensitive huden rundt \u00f8yet. Den minimalistiske, <strong data-start=\"668\" data-end=\"683\">parfymefrie<\/strong> sammensetningen gj\u00f8r dette produktet egnet for <strong data-start=\"730\" data-end=\"764\">daglige stellerutiner<\/strong> for hunder og katter, med fokus p\u00e5 komfort og hygiene.  <\/p>\n<p data-start=\"1001\" data-end=\"1051\"><strong data-start=\"1001\" data-end=\"1049\">Indikasjoner <\/strong>for bruk av ozonerte glyserin \u00f8yedr\u00e5per er en st\u00f8tte for \u00f8yebetennelse og for dyr som trenger daglig pleie, sikrer det opprettholdelse av et friskt mikroklima rundt \u00f8yet.<\/p>\n","protected":false},"excerpt":{"rendered":"<p>Milde, rennende \u00f8yedr\u00e5per med 5 % ozonisert glyserin i fysiologisk salt. Hjelper til med \u00e5 holde mikroklimaet i \u00f8yelokkets kant og \u00f8yehj\u00f8rne friskt, og tar vare p\u00e5 sensitivt vev uten en fet film.<\/p>\n","protected":false},"featured_media":18256,"comment_status":"open","ping_status":"closed","template":"","meta":{"wds_primary_product_brand":0,"wds_primary_product_cat":0,"wds_primary_merken":0},"product_brand":[],"product_cat":[3590],"product_tag":[3869,3866,3867,3868,3845,3591],"merken":[],"class_list":{"0":"post-7095","1":"product","2":"type-product","3":"status-publish","4":"has-post-thumbnail","6":"product_cat-ozon-no","7":"product_tag-5-glyserin","8":"product_tag-oyedraper","9":"product_tag-oyepleie-hund","10":"product_tag-oyepleie-katt","11":"product_tag-ozonert-glyserin","12":"product_tag-parfymefri","13":"infinite-scroll-item","14":"sales-flash-overlay","15":"woocommerce-text-align-center","16":"woocommerce-image-align-center","17":"do-quantity-buttons","19":"first","20":"instock","21":"taxable","22":"shipping-taxable","23":"purchasable","24":"product-type-simple"},"_links":{"self":[{"href":"https:\/\/www.ngdcare.nl\/no\/wp-json\/wp\/v2\/product\/7095","targetHints":{"allow":["GET"]}}],"collection":[{"href":"https:\/\/www.ngdcare.nl\/no\/wp-json\/wp\/v2\/product"}],"about":[{"href":"https:\/\/www.ngdcare.nl\/no\/wp-json\/wp\/v2\/types\/product"}],"replies":[{"embeddable":true,"href":"https:\/\/www.ngdcare.nl\/no\/wp-json\/wp\/v2\/comments?post=7095"}],"wp:featuredmedia":[{"embeddable":true,"href":"https:\/\/www.ngdcare.nl\/no\/wp-json\/wp\/v2\/media\/18256"}],"wp:attachment":[{"href":"https:\/\/www.ngdcare.nl\/no\/wp-json\/wp\/v2\/media?parent=7095"}],"wp:term":[{"taxonomy":"product_brand","embeddable":true,"href":"https:\/\/www.ngdcare.nl\/no\/wp-json\/wp\/v2\/product_brand?post=7095"},{"taxonomy":"product_cat","embeddable":true,"href":"https:\/\/www.ngdcare.nl\/no\/wp-json\/wp\/v2\/product_cat?post=7095"},{"taxonomy":"product_tag","embeddable":true,"href":"https:\/\/www.ngdcare.nl\/no\/wp-json\/wp\/v2\/product_tag?post=7095"},{"taxonomy":"merken","embeddable":true,"href":"https:\/\/www.ngdcare.nl\/no\/wp-json\/wp\/v2\/merken?post=7095"}],"curies":[{"name":"wp","href":"https:\/\/api.w.org\/{rel}","templated":true}]}}