{"id":7159,"date":"2024-10-01T22:44:06","date_gmt":"2024-10-01T20:44:06","guid":{"rendered":"https:\/\/www.ngdcare.nl\/product\/ukategorisert\/felles-protokoll\/"},"modified":"2026-01-02T13:59:59","modified_gmt":"2026-01-02T12:59:59","slug":"felles-protokoll","status":"publish","type":"product","link":"https:\/\/www.ngdcare.nl\/no\/product\/veterinary-health\/protokoller-no\/felles-protokoll\/","title":{"rendered":"Felles protokoll"},"content":{"rendered":"<p style=\"font-weight: 400;\"><strong>NGD Care Joint Protocol<\/strong> er utviklet for \u00e5 gi b\u00e5de forebyggende st\u00f8tte og terapeutisk lindring for leddproblemer, som artrose. Kroniske leddsmerter er en vanlig plage hos eldre dyr og sportsraser, og krever en integrert tiln\u00e6rming. <\/p>\n<p>Den <strong>terapeutiske protokollen<\/strong> best\u00e5r av:<br \/>\n\u2022 <strong>Calanus olje<\/strong>: rik p\u00e5 omega-3 fettsyrer og astaxanthin for betennelsesdempende og bruskbeskyttelse<br \/>\n\u2022 <strong>Mobilitetsst\u00f8tte<\/strong>: eggeskallmembran med kollagen, glukosamin og hyaluronsyre<br \/>\n\u2022 <strong>PEA-kompleks<\/strong>: liposomal smertelindring for kronisk betennelse<br \/>\n\u2022 <strong>CBD-olje<\/strong>: fungerer synergistisk med PEA og reduserer angst, smerte og stress<br \/>\n\u2022 <strong>Myco Immune Complex<\/strong>: medisinske sopp med betennelsesdempende og immunmodulerende effekter<\/p>\n<p style=\"font-weight: 400;\">Hvis det ikke er noen klager enn\u00e5, men du leter etter god st\u00f8tte som <strong>forebyggende terapi<\/strong>. Da er kombinasjonen av <strong>calanusolje<\/strong> og <strong>eggeskallmembranen<\/strong> tilstrekkelig. <\/p>\n<p style=\"font-weight: 400;\"><span style=\"font-size: inherit;\">Ved kombinasjon med andre plager (som hud-, tarm- eller atferdsproblemer) eller hvis det er smerteklager i mer enn 6 m\u00e5neder, anbefales <strong>tarmprotokollen<\/strong> i tillegg. C <\/span>Hronic smerte har ogs\u00e5 stor effekt p\u00e5 andre organer.<\/p>\n","protected":false},"excerpt":{"rendered":"<p style=\"font-weight: 400;\">NGD Care Joint Protocol er utviklet for \u00e5 st\u00f8tte fleksible ledd, mobilitet og komfort. Den fokuserer p\u00e5 \u00e5 redusere inflammatoriske responser, st\u00f8tte brusk og forbedre bevegelsesfriheten. <\/p>\n","protected":false},"featured_media":12192,"comment_status":"open","ping_status":"closed","template":"","meta":{"wds_primary_product_brand":0,"wds_primary_product_cat":185,"wds_primary_merken":0},"product_brand":[],"product_cat":[2948],"product_tag":[3968,2838,2839,2949,3962,3969,2837,3966,1817,1819,3964,2875,3967,3961,2211,3963,3965,2957],"merken":[],"class_list":{"0":"post-7159","1":"product","2":"type-product","3":"status-publish","4":"has-post-thumbnail","6":"product_cat-protokoller-no","7":"product_tag-anti-inflammatorisk","8":"product_tag-artrose-no","9":"product_tag-boswellia-no","10":"product_tag-calanus-olje","11":"product_tag-cbd-no","12":"product_tag-eggeskall-membran","13":"product_tag-ert","14":"product_tag-felles-protokoll","15":"product_tag-hund-no","16":"product_tag-katt","17":"product_tag-kollagen-no","18":"product_tag-ledd","19":"product_tag-leddgikt","20":"product_tag-leddsmerter","21":"product_tag-medisinske-sopp","22":"product_tag-mobilitet","23":"product_tag-myco-no","24":"product_tag-ngd-care-protokoll","25":"infinite-scroll-item","26":"sales-flash-overlay","27":"woocommerce-text-align-center","28":"woocommerce-image-align-center","29":"do-quantity-buttons","31":"first","32":"instock","33":"sale","34":"taxable","35":"shipping-taxable","36":"purchasable","37":"product-type-variable"},"_links":{"self":[{"href":"https:\/\/www.ngdcare.nl\/no\/wp-json\/wp\/v2\/product\/7159","targetHints":{"allow":["GET"]}}],"collection":[{"href":"https:\/\/www.ngdcare.nl\/no\/wp-json\/wp\/v2\/product"}],"about":[{"href":"https:\/\/www.ngdcare.nl\/no\/wp-json\/wp\/v2\/types\/product"}],"replies":[{"embeddable":true,"href":"https:\/\/www.ngdcare.nl\/no\/wp-json\/wp\/v2\/comments?post=7159"}],"wp:featuredmedia":[{"embeddable":true,"href":"https:\/\/www.ngdcare.nl\/no\/wp-json\/wp\/v2\/media\/12192"}],"wp:attachment":[{"href":"https:\/\/www.ngdcare.nl\/no\/wp-json\/wp\/v2\/media?parent=7159"}],"wp:term":[{"taxonomy":"product_brand","embeddable":true,"href":"https:\/\/www.ngdcare.nl\/no\/wp-json\/wp\/v2\/product_brand?post=7159"},{"taxonomy":"product_cat","embeddable":true,"href":"https:\/\/www.ngdcare.nl\/no\/wp-json\/wp\/v2\/product_cat?post=7159"},{"taxonomy":"product_tag","embeddable":true,"href":"https:\/\/www.ngdcare.nl\/no\/wp-json\/wp\/v2\/product_tag?post=7159"},{"taxonomy":"merken","embeddable":true,"href":"https:\/\/www.ngdcare.nl\/no\/wp-json\/wp\/v2\/merken?post=7159"}],"curies":[{"name":"wp","href":"https:\/\/api.w.org\/{rel}","templated":true}]}}