{"id":7178,"date":"2025-05-30T00:18:10","date_gmt":"2025-05-29T22:18:10","guid":{"rendered":"https:\/\/www.ngdcare.nl\/product\/ukategorisert\/gronnkal\/"},"modified":"2025-10-04T14:11:57","modified_gmt":"2025-10-04T12:11:57","slug":"gronnkal","status":"publish","type":"product","link":"https:\/\/www.ngdcare.nl\/no\/product\/veterinary-health\/anriking\/mat-palegg\/gronnkal\/","title":{"rendered":"Gr\u00f8nnk\u00e5l"},"content":{"rendered":"<p class=\"p1\"><span class=\"s1\"><br \/>\n  <b>NGD Cares gr\u00f8nnk\u00e5lpulver<\/b><br \/>\n<\/span> er et 100 % rent <strong>organisk<\/strong> pulver laget av t\u00f8rkede gr\u00f8nne gr\u00f8nnk\u00e5lblader \u2013 en av de kraftigste vegetabilske supermatene i verden.<\/p>\n<p class=\"p1\">Gr\u00f8nnk\u00e5l inneholder eksepsjonelt h\u00f8ye niv\u00e5er av vitaminer (som A, C, K og hele B-komplekset) og mineraler (inkludert kalsium, jern, magnesium, kalium, jern og mangan). I tillegg er den rik p\u00e5 klorofyll og antioksidanter som bidrar til cellebeskyttelse, avgiftning og et sunt immunforsvar. <\/p>\n<p class=\"p1\">Takket v\u00e6re sin milde smak og h\u00f8ye ern\u00e6ringsmessige tetthet er dette pulveret perfekt som et daglig tillegg til kostholdet til b\u00e5de hund og katt. En ekte allrounder for mer vitalitet innenfra. <\/p>\n","protected":false},"excerpt":{"rendered":"<p class=\"p1\">\u00d8kologisk gr\u00f8nnk\u00e5lpulver fullpakket med vitaminer, mineraler, klorofyll og antioksidanter. Avgiftende, n\u00e6ringsrik og perfekt som en naturlig berikelse av ethvert m\u00e5ltid. <\/p>\n","protected":false},"featured_media":11310,"comment_status":"open","ping_status":"closed","template":"","meta":{"wds_primary_product_brand":0,"wds_primary_product_cat":0,"wds_primary_merken":0},"product_brand":[],"product_cat":[2529,2530],"product_tag":[],"merken":[],"class_list":{"0":"post-7178","1":"product","2":"type-product","3":"status-publish","4":"has-post-thumbnail","6":"product_cat-anriking","7":"product_cat-mat-palegg","8":"infinite-scroll-item","9":"sales-flash-overlay","10":"woocommerce-text-align-center","11":"woocommerce-image-align-center","12":"do-quantity-buttons","14":"first","15":"instock","16":"taxable","17":"shipping-taxable","18":"purchasable","19":"product-type-simple"},"_links":{"self":[{"href":"https:\/\/www.ngdcare.nl\/no\/wp-json\/wp\/v2\/product\/7178","targetHints":{"allow":["GET"]}}],"collection":[{"href":"https:\/\/www.ngdcare.nl\/no\/wp-json\/wp\/v2\/product"}],"about":[{"href":"https:\/\/www.ngdcare.nl\/no\/wp-json\/wp\/v2\/types\/product"}],"replies":[{"embeddable":true,"href":"https:\/\/www.ngdcare.nl\/no\/wp-json\/wp\/v2\/comments?post=7178"}],"wp:featuredmedia":[{"embeddable":true,"href":"https:\/\/www.ngdcare.nl\/no\/wp-json\/wp\/v2\/media\/11310"}],"wp:attachment":[{"href":"https:\/\/www.ngdcare.nl\/no\/wp-json\/wp\/v2\/media?parent=7178"}],"wp:term":[{"taxonomy":"product_brand","embeddable":true,"href":"https:\/\/www.ngdcare.nl\/no\/wp-json\/wp\/v2\/product_brand?post=7178"},{"taxonomy":"product_cat","embeddable":true,"href":"https:\/\/www.ngdcare.nl\/no\/wp-json\/wp\/v2\/product_cat?post=7178"},{"taxonomy":"product_tag","embeddable":true,"href":"https:\/\/www.ngdcare.nl\/no\/wp-json\/wp\/v2\/product_tag?post=7178"},{"taxonomy":"merken","embeddable":true,"href":"https:\/\/www.ngdcare.nl\/no\/wp-json\/wp\/v2\/merken?post=7178"}],"curies":[{"name":"wp","href":"https:\/\/api.w.org\/{rel}","templated":true}]}}