{"id":7183,"date":"2025-04-05T11:34:11","date_gmt":"2025-04-05T09:34:11","guid":{"rendered":"https:\/\/www.ngdcare.nl\/product\/ukategorisert\/brosjyrer\/"},"modified":"2025-04-05T11:34:11","modified_gmt":"2025-04-05T09:34:11","slug":"brosjyrer","status":"publish","type":"product","link":"https:\/\/www.ngdcare.nl\/no\/product\/ortomolekylaere-kosttilskudd\/brosjyrer\/","title":{"rendered":"Brosjyrer"},"content":{"rendered":"<p>Hvis du \u00f8nsker \u00e5 bestille brosjyrer som forhandler eller affiliate, kan du angi dette her. Du kan deretter gi disse under en konsultasjon for informasjon. <\/p>\n<p>Alle brosjyrer og flyers kan ogs\u00e5 lastes ned digitalt n\u00e5r du logger inn.<\/p>\n<p>Legg inn kommentarene n\u00e5r du bestiller hvor mange og hvilke brosjyrer du \u00f8nsker \u00e5 motta.<\/p>\n<p>Vi har laget generelle brosjyrer om NGD Care og en flyer for alle protokoller som vi kan sende deg.<\/p>\n","protected":false},"excerpt":{"rendered":"<p>Her kan du bestille alle brosjyrer og flyers av protokollene fra NGD Care.<\/p>\n","protected":false},"featured_media":18060,"comment_status":"open","ping_status":"closed","template":"","meta":{"wds_primary_product_brand":0,"wds_primary_product_cat":0,"wds_primary_merken":0},"product_brand":[],"product_cat":[1815,2948],"product_tag":[],"merken":[],"class_list":{"0":"post-7183","1":"product","2":"type-product","3":"status-publish","4":"has-post-thumbnail","6":"product_cat-ortomolekylaere-kosttilskudd","7":"product_cat-protokoller-no","8":"infinite-scroll-item","9":"sales-flash-overlay","10":"woocommerce-text-align-center","11":"woocommerce-image-align-center","12":"do-quantity-buttons","14":"first","15":"instock","16":"taxable","17":"shipping-taxable","18":"purchasable","19":"product-type-simple"},"_links":{"self":[{"href":"https:\/\/www.ngdcare.nl\/no\/wp-json\/wp\/v2\/product\/7183","targetHints":{"allow":["GET"]}}],"collection":[{"href":"https:\/\/www.ngdcare.nl\/no\/wp-json\/wp\/v2\/product"}],"about":[{"href":"https:\/\/www.ngdcare.nl\/no\/wp-json\/wp\/v2\/types\/product"}],"replies":[{"embeddable":true,"href":"https:\/\/www.ngdcare.nl\/no\/wp-json\/wp\/v2\/comments?post=7183"}],"wp:featuredmedia":[{"embeddable":true,"href":"https:\/\/www.ngdcare.nl\/no\/wp-json\/wp\/v2\/media\/18060"}],"wp:attachment":[{"href":"https:\/\/www.ngdcare.nl\/no\/wp-json\/wp\/v2\/media?parent=7183"}],"wp:term":[{"taxonomy":"product_brand","embeddable":true,"href":"https:\/\/www.ngdcare.nl\/no\/wp-json\/wp\/v2\/product_brand?post=7183"},{"taxonomy":"product_cat","embeddable":true,"href":"https:\/\/www.ngdcare.nl\/no\/wp-json\/wp\/v2\/product_cat?post=7183"},{"taxonomy":"product_tag","embeddable":true,"href":"https:\/\/www.ngdcare.nl\/no\/wp-json\/wp\/v2\/product_tag?post=7183"},{"taxonomy":"merken","embeddable":true,"href":"https:\/\/www.ngdcare.nl\/no\/wp-json\/wp\/v2\/merken?post=7183"}],"curies":[{"name":"wp","href":"https:\/\/api.w.org\/{rel}","templated":true}]}}