{"id":7202,"date":"2025-05-30T00:03:10","date_gmt":"2025-05-29T22:03:10","guid":{"rendered":"https:\/\/www.ngdcare.nl\/product\/ukategorisert\/frysetorkede-blabaer\/"},"modified":"2025-05-30T00:03:10","modified_gmt":"2025-05-29T22:03:10","slug":"frysetorkede-blabaer","status":"publish","type":"product","link":"https:\/\/www.ngdcare.nl\/no\/product\/anriking\/mat-palegg\/frysetorkede-blabaer\/","title":{"rendered":"Fryset\u00f8rkede bl\u00e5b\u00e6r"},"content":{"rendered":"<p class=\"p1\"><span class=\"s1\"><br \/>\n  <b>NGD Care \u2013 Fryset\u00f8rkede bl\u00e5b\u00e6r<\/b><br \/>\n<\/span> er et velsmakende og n\u00e6ringsrikt tillegg til den daglige menyen til hunder eller katter. Bl\u00e5b\u00e6r er en velkjent superfrukt, rik p\u00e5 antioksidanter (antocyaniner, flavonoider), fiber, vitamin C, K1 og B6, mangan og polyfenoler. De st\u00f8tter cellehelsen, immunsystemet og mikrobiomet.  <\/p>\n<p class=\"p1\">Den spesielle <span class=\"s1\"><br \/>\n  <b>fryset\u00f8rkeprosessen<\/b><br \/>\n<\/span> bevarer alle n\u00e6ringsstoffer maksimalt. Strukturen blir spr\u00f8 og luftig, noe som gj\u00f8r at b\u00e6rene lett faller fra hverandre og absorberes godt, selv for rovdyr med kort ford\u00f8yelseskanal. <\/p>\n<p class=\"p1\">Bruk b\u00e6rene som berikende topping, naturlig godbit eller bland dem til en smoothie til deg selv eller kj\u00e6ledyret ditt.<\/p>\n","protected":false},"excerpt":{"rendered":"<p class=\"p1\">Knasende fryset\u00f8rkede bl\u00e5b\u00e6r, rike p\u00e5 antioksidanter og perfekt absorberbare for kj\u00f8ttetere. Ideell som topping eller naturlig snack. <\/p>\n","protected":false},"featured_media":11281,"comment_status":"open","ping_status":"closed","template":"","meta":[],"product_brand":[],"product_cat":[2529,2530],"product_tag":[],"merken":[],"class_list":{"0":"post-7202","1":"product","2":"type-product","3":"status-publish","4":"has-post-thumbnail","6":"product_cat-anriking","7":"product_cat-mat-palegg","8":"infinite-scroll-item","9":"sales-flash-overlay","10":"woocommerce-text-align-center","11":"woocommerce-image-align-center","12":"do-quantity-buttons","14":"first","15":"instock","16":"taxable","17":"shipping-taxable","18":"purchasable","19":"product-type-simple"},"_links":{"self":[{"href":"https:\/\/www.ngdcare.nl\/no\/wp-json\/wp\/v2\/product\/7202","targetHints":{"allow":["GET"]}}],"collection":[{"href":"https:\/\/www.ngdcare.nl\/no\/wp-json\/wp\/v2\/product"}],"about":[{"href":"https:\/\/www.ngdcare.nl\/no\/wp-json\/wp\/v2\/types\/product"}],"replies":[{"embeddable":true,"href":"https:\/\/www.ngdcare.nl\/no\/wp-json\/wp\/v2\/comments?post=7202"}],"wp:featuredmedia":[{"embeddable":true,"href":"https:\/\/www.ngdcare.nl\/no\/wp-json\/wp\/v2\/media\/11281"}],"wp:attachment":[{"href":"https:\/\/www.ngdcare.nl\/no\/wp-json\/wp\/v2\/media?parent=7202"}],"wp:term":[{"taxonomy":"product_brand","embeddable":true,"href":"https:\/\/www.ngdcare.nl\/no\/wp-json\/wp\/v2\/product_brand?post=7202"},{"taxonomy":"product_cat","embeddable":true,"href":"https:\/\/www.ngdcare.nl\/no\/wp-json\/wp\/v2\/product_cat?post=7202"},{"taxonomy":"product_tag","embeddable":true,"href":"https:\/\/www.ngdcare.nl\/no\/wp-json\/wp\/v2\/product_tag?post=7202"},{"taxonomy":"merken","embeddable":true,"href":"https:\/\/www.ngdcare.nl\/no\/wp-json\/wp\/v2\/merken?post=7202"}],"curies":[{"name":"wp","href":"https:\/\/api.w.org\/{rel}","templated":true}]}}