{"id":7241,"date":"2024-09-30T23:05:57","date_gmt":"2024-09-30T21:05:57","guid":{"rendered":"https:\/\/www.ngdcare.nl\/product\/ukategorisert\/tarm-protokoll\/"},"modified":"2026-04-09T13:47:38","modified_gmt":"2026-04-09T11:47:38","slug":"tarm-protokoll","status":"publish","type":"product","link":"https:\/\/www.ngdcare.nl\/no\/product\/protokoller-no\/tarm-protokoll\/","title":{"rendered":"Tarm protokoll"},"content":{"rendered":"<p><strong>Tarmprotokollen v\u00e5r best\u00e5r av 2 faser.<\/strong><\/p>\n<p><strong>Fase 1<\/strong> er ment \u00e5 fjerne den patogene biofilmen fra tarmene og \u00e5 avgifte og behandle kroppen mot lavgradig betennelse.<\/p>\n<p><strong>Fase 2<\/strong> er n\u00f8dvendig for \u00e5 fremme videre oppbygging og stabilitet av mikrobiomet og for \u00e5 st\u00f8tte tarmveggen.<\/p>\n<p>Et sunt mikrobiom sikrer blant annet produksjon av enzymer, vitaminer, nevrotransmittere, kortkjedede fettsyrer og antioksidanter. Hvis mikrobiomet ikke lenger er i balanse p\u00e5 grunn av en bestemt \u00e5rsak (f.eks. ern\u00e6ring, stress, smerte), opprettes en biofilm. Dette er et st\u00f8rre antall mikroorganismer som danner et tett sammensveiset slimete samfunn. Biofilmen danner en ugjennomtrengelig barriere og kan bli st\u00f8rre, og produsere virulente faktorer og giftstoffer. Dette kalles en patogen biofilm. Denne patogene biofilmen er roten til betennelse i alle slimhinnelag i kroppen som hud, bl\u00e6re, \u00f8rer og \u00f8yne. Men er ogs\u00e5 involvert i allergiske reaksjoner, immunsykdommer, atferdsproblemer og kreft.      <\/p>\n<div><strong>Terapiplan<\/strong>.<\/div>\n<div><strong>Fase 1a:<\/strong><\/div>\n<ul>\n<li>Ern\u00e6ringsmessig intervensjon. St\u00f8rst mulig variasjon i 80% KVV eller hermetisert med 20% malte gr\u00f8nnsaker. <\/li>\n<li>Dette er en veldig viktig del av tarmprotokollen. Hvis du ikke er motivert til \u00e5 gi variasjon i maten, er effekten av denne behandlingen mye mindre, og sykdommen kan lettere komme tilbake. <\/li>\n<\/ul>\n<div><strong>Fase 1b:<\/strong><\/div>\n<ul>\n<li>Enzym blanding 2. Inneholder ford\u00f8yelsesenzymer og NAC. Denne enzymblandingen er i stand til \u00e5 bryte ned bakterie- og gj\u00e6rbiofilmen.  <\/li>\n<li>Chlorella, spirulina og alfalfa. Har en sterk avgiftende effekt for \u00e5 rense tarmene og organene for giftstoffer og tungmetaller. Inneholder mange vitaminer, mineraler, enzymer og aminosyrer for \u00e5 st\u00f8tte kroppen.  <\/li>\n<li>Liposomal Curcumin. Er et sterkt betennelsesdempende middel som er n\u00f8dvendig for \u00e5 f\u00e5 lavgradig betennelse for\u00e5rsaket av den patogene biofilmen ut av kroppen. P\u00e5 grunn av den liposomale behandlingen havner Curcumin overalt i kroppen.  <\/li>\n<li>Liposomalt vitamin C. Er en sterk antioksidant. P\u00e5 grunn av den kroniske betennelsen er det en stor produksjon av frie radikaler, som kan fjerne vitamin C. <\/li>\n<li>Prebiotika. Et veldig variert supplement med flere typer fiber som kan stimulere mikrobiomet veldig bredt. <\/li>\n<\/ul>\n<p><strong>Fase 2:<\/strong><\/p>\n<ul>\n<li>Vann kefir. Vannkefiren inneholder 50 forskjellige bakteriestammer og gj\u00e6r og s\u00f8rger for at tarmmikrobiomet stimuleres ytterligere. <\/li>\n<li>Liposomal fulvinsyre og huminsyre. Denne kombinasjonen er veldig egnet for ytterligere avgiftning av kroppen. Det er en fin kilde til vitaminer, mineraler, metaller og sporstoffer. Humus forst\u00f8rrer tarmvilli, beskytter tarmslimhinnen og gjenoppretter de tette kryssene. Den hyperpermeable tarmen, eller lekk tarmsyndrom, behandles med dette.    <\/li>\n<li>Liposomalt vitamin B-kompleks. Fordi mikrobiomet har en essensiell funksjon i produksjonen av B-vitaminer, tilsettes dette tilskuddet ekstra slik at kroppen kan komme seg raskere. B-vitaminer s\u00f8rger for dannelse av r\u00f8de blodlegemer, og gir energi, sikrer normal funksjon av nervesystemet, konsentrasjonsevne og mental motstandskraft.  <\/li>\n<\/ul>\n<p>Tarmprotokollen kan brukes som en kort 2-m\u00e5neders kur (4 uker fase 1, 4 uker fase 2) hvis det knapt er noen symptomer eller for \u00e5 gi kroppen en god rens hvert \u00e5r.<\/p>\n<p>For kroniske plager anbefaler vi \u00e5 f\u00f8lge et totalt forl\u00f8p p\u00e5 4 m\u00e5neder (2 m\u00e5neder fase 1, 2 m\u00e5neder fase 2).<\/p>\n<p>Sm\u00e5 hunder og katter trenger 1 pakke for en varighet p\u00e5 8 uker fase 1 og 8 uker fase 2. Denne pakken best\u00e5r av 1 pakke med enzymblanding 2, chlorella\/spirulina\/alfalfa, vitamin C, curcumin, prebotica, fulvinsyre og humussyre, kefir og vit B-kompleks. <\/p>\n<p>Mellomstore hunder med en kroppsvekt p\u00e5 10-30 kg har 2 pakker med hver for en behandlingsvarighet p\u00e5 8 uker fase 1 og 8 uker fase 2. Denne pakken best\u00e5r av 2 pakker med enzymblanding 2, chlorella\/spirulina\/alfalfa, vitamin C, curcumin, prebiotika, fulvinsyre og humussyre, kefir og 1 pakke vit B-kompleks. <\/p>\n<p>Sv\u00e6rt store hunder over 30 kg trenger 4 pakninger av hver for en behandlingsvarighet p\u00e5 8 uker fase 1 og 8 uker fase 2. Denne pakken best\u00e5r av 4 pakker med Enzyme Mix 2, chlorella\/spirulina\/alfalfa, vitamin C, curcumin, prebiotika, fulvinsyre og humussyre, kefir og 2 pakker vit B-kompleks. <\/p>\n<div>Vi anbefaler at du f\u00e5r tarmprotokollen overv\u00e5ket av v\u00e5r veterin\u00e6r, eller en veterin\u00e6r eller terapeut som er oppl\u00e6rt av oss.<\/div>\n","protected":false},"excerpt":{"rendered":"<p data-start=\"505\" data-end=\"809\">NGD Care Bowel Protocol st\u00f8tter sunn tarmfunksjon ved plager som diar\u00e9, forstoppelse, IBS, IBD, lekk tarm-syndrom, flatulens, mageproblemer, d\u00e5rlig ford\u00f8yelse og matintoleranser. Den fokuserer p\u00e5 \u00e5 gjenopprette mikrobiomet, styrke tarmveggen og forbedre ford\u00f8yelsen i en gjennomtenkt 4-m\u00e5neders tiln\u00e6rming. Tarmprotokollen ligger til grunn for alle kroniske sykdommer.  <\/p>\n","protected":false},"featured_media":12133,"comment_status":"open","ping_status":"closed","template":"","meta":{"wds_primary_product_brand":0,"wds_primary_product_cat":15,"wds_primary_merken":0},"product_brand":[],"product_cat":[2948],"product_tag":[3004,2274,4071,4069,2681,1817,4070,1819,1836,2957,2884,1838,2433,2008,1833],"merken":[],"class_list":{"0":"post-7241","1":"product","2":"type-product","3":"status-publish","4":"has-post-thumbnail","6":"product_cat-protokoller-no","7":"product_tag-biofilm-no","8":"product_tag-detox-no","9":"product_tag-dysbiose-no","10":"product_tag-enzymer-no","11":"product_tag-fordoyelse","12":"product_tag-hund-no","13":"product_tag-intestinal-protokoll","14":"product_tag-katt","15":"product_tag-mikrobiom-no","16":"product_tag-ngd-care-protokoll","17":"product_tag-prebiotika","18":"product_tag-probiotika-no","19":"product_tag-reparasjon","20":"product_tag-tarmer","21":"product_tag-tarmhelse","22":"infinite-scroll-item","23":"sales-flash-overlay","24":"woocommerce-text-align-center","25":"woocommerce-image-align-center","26":"do-quantity-buttons","28":"first","29":"instock","30":"sale","31":"taxable","32":"shipping-taxable","33":"purchasable","34":"product-type-variable"},"_links":{"self":[{"href":"https:\/\/www.ngdcare.nl\/no\/wp-json\/wp\/v2\/product\/7241","targetHints":{"allow":["GET"]}}],"collection":[{"href":"https:\/\/www.ngdcare.nl\/no\/wp-json\/wp\/v2\/product"}],"about":[{"href":"https:\/\/www.ngdcare.nl\/no\/wp-json\/wp\/v2\/types\/product"}],"replies":[{"embeddable":true,"href":"https:\/\/www.ngdcare.nl\/no\/wp-json\/wp\/v2\/comments?post=7241"}],"wp:featuredmedia":[{"embeddable":true,"href":"https:\/\/www.ngdcare.nl\/no\/wp-json\/wp\/v2\/media\/12133"}],"wp:attachment":[{"href":"https:\/\/www.ngdcare.nl\/no\/wp-json\/wp\/v2\/media?parent=7241"}],"wp:term":[{"taxonomy":"product_brand","embeddable":true,"href":"https:\/\/www.ngdcare.nl\/no\/wp-json\/wp\/v2\/product_brand?post=7241"},{"taxonomy":"product_cat","embeddable":true,"href":"https:\/\/www.ngdcare.nl\/no\/wp-json\/wp\/v2\/product_cat?post=7241"},{"taxonomy":"product_tag","embeddable":true,"href":"https:\/\/www.ngdcare.nl\/no\/wp-json\/wp\/v2\/product_tag?post=7241"},{"taxonomy":"merken","embeddable":true,"href":"https:\/\/www.ngdcare.nl\/no\/wp-json\/wp\/v2\/merken?post=7241"}],"curies":[{"name":"wp","href":"https:\/\/api.w.org\/{rel}","templated":true}]}}