{"id":7296,"date":"2024-02-27T22:22:58","date_gmt":"2024-02-27T22:22:58","guid":{"rendered":"https:\/\/www.ngdcare.nl\/product\/ukategorisert\/stotte-for-aromaangst\/"},"modified":"2026-01-25T21:27:48","modified_gmt":"2026-01-25T20:27:48","slug":"stotte-for-aromaangst","status":"publish","type":"product","link":"https:\/\/www.ngdcare.nl\/no\/product\/aromaterapi-no\/stotte-for-aromaangst\/","title":{"rendered":"Angstst\u00f8tte"},"content":{"rendered":"<p class=\"p1\"><span class=\"s1\"><b>NGD Care \u2013 Anxiety Support<\/b><\/span> er en naturlig aromaterapiblanding spesielt utviklet for hunder og katter med angstproblemer. Tenk p\u00e5 separasjonsangst, fyrverkeristress, tordenv\u00e6r, veterin\u00e6rbes\u00f8k eller andre spennende situasjoner. Angstst\u00f8tte er designet for \u00e5 st\u00f8tte <strong data-start=\"901\" data-end=\"962\">nervesystemet p\u00e5 en mild, naturlig m\u00e5te<\/strong>, uten nummenhet eller undertrykkelse.  <\/p>\n<p data-start=\"1233\" data-end=\"1386\">Denne formelen er egnet for <strong data-start=\"1263\" data-end=\"1308\">dyr og for bruk i bomilj\u00f8et<\/strong>, slik at husholdningen ogs\u00e5 kan dra nytte av en beroligende atmosf\u00e6re.<\/p>\n<h4 data-start=\"1393\" data-end=\"1423\"><strong data-start=\"1396\" data-end=\"1423\">Komposisjon og effekt<\/strong><\/h4>\n<ul>\n<li data-start=\"1426\" data-end=\"1500\"><strong data-start=\"1426\" data-end=\"1443\">Romersk kamille<\/strong> \u2013 beroligende og lindrende for spenning og nerv\u00f8sitet<\/li>\n<li data-start=\"1503\" data-end=\"1590\"><strong data-start=\"1503\" data-end=\"1516\">Cedarwood<\/strong> \u2013 st\u00f8tter indre fred, stabilitet og en f\u00f8lelse av trygghet<\/li>\n<li data-start=\"1593\" data-end=\"1665\"><strong data-start=\"1593\" data-end=\"1604\">Copaiba<\/strong> \u2013 jordende og avslappende, hjelper mot emosjonell dysregulering<\/li>\n<li data-start=\"1668\" data-end=\"1738\"><strong data-start=\"1668\" data-end=\"1680\">Bergamott<\/strong> \u2013 oppl\u00f8ftende og balanserende stress og overstimulering<\/li>\n<li data-start=\"1741\" data-end=\"1826\"><strong data-start=\"1741\" data-end=\"1767\">R\u00f8kelse<\/strong> \u2013 utdypende og regulerende, st\u00f8tter nervesystemet<\/li>\n<\/ul>\n<p>Kombinasjonen har en harmoniserende effekt p\u00e5 b\u00e5de det emosjonelle og fysiske stresssystemet. Oljene forsterker hverandre og danner sammen en balansert, beroligende blanding. <\/p>\n<h4 data-start=\"1935\" data-end=\"1963\"><strong data-start=\"1938\" data-end=\"1963\">Tilgjengelige varianter<\/strong><\/h4>\n<ul>\n<li><strong>Valse<\/strong>\n<ul>\n<li data-start=\"1980\" data-end=\"2017\">Utvannet blanding for direkte topisk p\u00e5f\u00f8ring p\u00e5 dyret<\/li>\n<li data-start=\"2020\" data-end=\"2053\">Ideell for akutte stress\u00f8yeblikk<\/li>\n<li data-start=\"2056\" data-end=\"2108\">Praktisk for p\u00e5 veien eller i spennende situasjoner<\/li>\n<\/ul>\n<\/li>\n<li data-start=\"2056\" data-end=\"2108\"><strong>Ren olje  <\/strong>\n<ul>\n<li data-start=\"2129\" data-end=\"2168\">Egnet for bruk i en diffuser<\/li>\n<li data-start=\"2240\" data-end=\"2281\">St\u00f8tter ogs\u00e5 fred i bomilj\u00f8et<\/li>\n<\/ul>\n<\/li>\n<\/ul>\n","protected":false},"excerpt":{"rendered":"<p class=\"p1\">NGD Care \u2013 Anxiety Support er en n\u00f8ye sammensatt aromaterapiblanding for hunder og katter som kan trenge st\u00f8tte mot angst, stress og indre uro.<br data-start=\"572\" data-end=\"575\">Blandingen brukes til separasjonsangst, fyrverkeri, tordenv\u00e6r, veterin\u00e6rbes\u00f8k og andre spennende situasjoner.<\/p>\n","protected":false},"featured_media":12749,"comment_status":"open","ping_status":"closed","template":"","meta":[],"product_brand":[],"product_cat":[2535],"product_tag":[7076,7077,3100,7074,7073,3104,3245,2614,7075],"merken":[],"class_list":{"0":"post-7296","1":"product","2":"type-product","3":"status-publish","4":"has-post-thumbnail","6":"product_cat-aromaterapi-no","7":"product_tag-aromaterapidyr","8":"product_tag-eterisk-hundeolje-2","9":"product_tag-frykt","10":"product_tag-frykt-katt","11":"product_tag-frykthund","12":"product_tag-fyrverkeri-no","13":"product_tag-naturlig-ro","14":"product_tag-ngd-omsorg","15":"product_tag-stresshund","16":"infinite-scroll-item","17":"sales-flash-overlay","18":"woocommerce-text-align-center","19":"woocommerce-image-align-center","20":"do-quantity-buttons","22":"first","23":"instock","24":"taxable","25":"shipping-taxable","26":"purchasable","27":"product-type-variable"},"_links":{"self":[{"href":"https:\/\/www.ngdcare.nl\/no\/wp-json\/wp\/v2\/product\/7296","targetHints":{"allow":["GET"]}}],"collection":[{"href":"https:\/\/www.ngdcare.nl\/no\/wp-json\/wp\/v2\/product"}],"about":[{"href":"https:\/\/www.ngdcare.nl\/no\/wp-json\/wp\/v2\/types\/product"}],"replies":[{"embeddable":true,"href":"https:\/\/www.ngdcare.nl\/no\/wp-json\/wp\/v2\/comments?post=7296"}],"wp:featuredmedia":[{"embeddable":true,"href":"https:\/\/www.ngdcare.nl\/no\/wp-json\/wp\/v2\/media\/12749"}],"wp:attachment":[{"href":"https:\/\/www.ngdcare.nl\/no\/wp-json\/wp\/v2\/media?parent=7296"}],"wp:term":[{"taxonomy":"product_brand","embeddable":true,"href":"https:\/\/www.ngdcare.nl\/no\/wp-json\/wp\/v2\/product_brand?post=7296"},{"taxonomy":"product_cat","embeddable":true,"href":"https:\/\/www.ngdcare.nl\/no\/wp-json\/wp\/v2\/product_cat?post=7296"},{"taxonomy":"product_tag","embeddable":true,"href":"https:\/\/www.ngdcare.nl\/no\/wp-json\/wp\/v2\/product_tag?post=7296"},{"taxonomy":"merken","embeddable":true,"href":"https:\/\/www.ngdcare.nl\/no\/wp-json\/wp\/v2\/merken?post=7296"}],"curies":[{"name":"wp","href":"https:\/\/api.w.org\/{rel}","templated":true}]}}