{"id":7306,"date":"2024-02-27T22:17:45","date_gmt":"2024-02-27T22:17:45","guid":{"rendered":"https:\/\/www.ngdcare.nl\/product\/ukategorisert\/stotte-for-aromajording\/"},"modified":"2026-01-25T21:55:16","modified_gmt":"2026-01-25T20:55:16","slug":"stotte-for-aromajording","status":"publish","type":"product","link":"https:\/\/www.ngdcare.nl\/no\/product\/aromaterapi-no\/stotte-for-aromajording\/","title":{"rendered":"Jordingsst\u00f8tte"},"content":{"rendered":"<p data-start=\"762\" data-end=\"1068\">Noen dyr er lett rastl\u00f8se, nerv\u00f8se eller virker \u00abikke riktige i kroppen\u00bb. Dette kan vise seg i v\u00e5ken atferd, rastl\u00f8s bevegelse, d\u00e5rlig avslapning eller vanskeligheter med \u00e5 komme seg etter stimuli. <span class=\"s1\"><b>NGD Care Grounding Support<\/b><\/span> er en n\u00f8ye sammensatt blanding som hjelper dyret \u00e5 jorde og slappe av.<br data-start=\"971\" data-end=\"974\">Grounding Support er designet <strong data-start=\"1018\" data-end=\"1038\">for \u00e5 hjelpe<\/strong> dyret \u00e5 lande, b\u00e5de fysisk og f\u00f8lelsesmessig. <\/p>\n<p data-start=\"1070\" data-end=\"1227\">Kombinasjonen av jordende og beroligende eteriske oljer st\u00f8tter <strong data-start=\"1146\" data-end=\"1193\">f\u00f8lelsen av trygghet og kroppsbevissthet<\/strong>, uten \u00e5 undertrykke dyret.<\/p>\n<h4><strong data-start=\"688\" data-end=\"705\">Komposisjon<\/strong><\/h4>\n<ul>\n<li data-start=\"797\" data-end=\"872\"><strong data-start=\"797\" data-end=\"811\">Sandeltre<\/strong> \u2013 dypere og stabiliserende, st\u00f8tter indre fred<\/li>\n<li data-start=\"875\" data-end=\"951\"><strong data-start=\"875\" data-end=\"888\">Sedertre<\/strong> \u2013 jordet og beskyttende, fremmer sikkerhet og stabilitet<\/li>\n<li data-start=\"954\" data-end=\"1032\"><strong data-start=\"954\" data-end=\"967\">Patchouli<\/strong> \u2013 sterk forankring, hjelper mot rastl\u00f8shet og emosjonell fragmentering<\/li>\n<li data-start=\"1035\" data-end=\"1108\"><strong data-start=\"1035\" data-end=\"1046\">Vetiver<\/strong> \u2013 dyp jording, st\u00f8tter regulering av nervesystemet<\/li>\n<li data-start=\"1111\" data-end=\"1176\"><strong data-start=\"1111\" data-end=\"1122\">Sypress<\/strong> \u2013 hjelper til med \u00e5 l\u00f8sne spenning og fremmer flyt<\/li>\n<li data-start=\"1179\" data-end=\"1257\"><strong data-start=\"1179\" data-end=\"1188\">Myrra<\/strong> \u2013 beroligende og gjenopprettende, st\u00f8tter f\u00f8lelsesmessig belastning<\/li>\n<li data-start=\"1260\" data-end=\"1337\"><strong data-start=\"1260\" data-end=\"1276\">R\u00f8kelse<\/strong> \u2013 regulerende og harmoniserende, st\u00f8tter fokus og balanse<\/li>\n<\/ul>\n<h4><strong data-start=\"1990\" data-end=\"2015\">Tilgjengelige varianter<\/strong><\/h4>\n<ul>\n<li><strong>Valse<\/strong>\n<ul>\n<li data-start=\"2032\" data-end=\"2069\">For direkte p\u00e5f\u00f8ring p\u00e5 dyret<\/li>\n<li data-start=\"2072\" data-end=\"2114\">Ideelt for akutt rastl\u00f8shet eller ustabilitet<\/li>\n<li data-start=\"2117\" data-end=\"2150\">Egnet for daglig bruk<\/li>\n<\/ul>\n<\/li>\n<li data-start=\"2117\" data-end=\"2150\"><strong>Ren olje<\/strong>\n<ul>\n<li data-start=\"2171\" data-end=\"2201\">For bruk i en diffuser<\/li>\n<li data-start=\"2204\" data-end=\"2242\">Kan fortynnes med en b\u00e6reolje<\/li>\n<li data-start=\"2245\" data-end=\"2282\">St\u00f8tter fred i bomilj\u00f8et<\/li>\n<\/ul>\n<\/li>\n<\/ul>\n","protected":false},"excerpt":{"rendered":"<p class=\"p1\">NGD-omsorg \u2013 Grounding Support er en naturlig aromaterapiblanding for hunder og katter som har vanskeligheter med \u00e5 jorde, f\u00f8ler seg utrygge eller lett mister balansen. Denne blandingen st\u00f8tter en f\u00f8lelse av stabilitet, ro og fysisk tilstedev\u00e6relse. <\/p>\n","protected":false},"featured_media":12769,"comment_status":"open","ping_status":"closed","template":"","meta":[],"product_brand":[],"product_cat":[2535],"product_tag":[7076,7077,7123,7124,3245,7127,7125,7126],"merken":[],"class_list":{"0":"post-7306","1":"product","2":"type-product","3":"status-publish","4":"has-post-thumbnail","6":"product_cat-aromaterapi-no","7":"product_tag-aromaterapidyr","8":"product_tag-eterisk-hundeolje-2","9":"product_tag-grounding-hund","10":"product_tag-jordingskatt","11":"product_tag-naturlig-ro","12":"product_tag-ngd-care-eterisk-olje","13":"product_tag-rastloshetshund","14":"product_tag-stimulusfolsomt-dyr","15":"infinite-scroll-item","16":"sales-flash-overlay","17":"woocommerce-text-align-center","18":"woocommerce-image-align-center","19":"do-quantity-buttons","21":"first","22":"instock","23":"taxable","24":"shipping-taxable","25":"purchasable","26":"product-type-variable"},"_links":{"self":[{"href":"https:\/\/www.ngdcare.nl\/no\/wp-json\/wp\/v2\/product\/7306","targetHints":{"allow":["GET"]}}],"collection":[{"href":"https:\/\/www.ngdcare.nl\/no\/wp-json\/wp\/v2\/product"}],"about":[{"href":"https:\/\/www.ngdcare.nl\/no\/wp-json\/wp\/v2\/types\/product"}],"replies":[{"embeddable":true,"href":"https:\/\/www.ngdcare.nl\/no\/wp-json\/wp\/v2\/comments?post=7306"}],"wp:featuredmedia":[{"embeddable":true,"href":"https:\/\/www.ngdcare.nl\/no\/wp-json\/wp\/v2\/media\/12769"}],"wp:attachment":[{"href":"https:\/\/www.ngdcare.nl\/no\/wp-json\/wp\/v2\/media?parent=7306"}],"wp:term":[{"taxonomy":"product_brand","embeddable":true,"href":"https:\/\/www.ngdcare.nl\/no\/wp-json\/wp\/v2\/product_brand?post=7306"},{"taxonomy":"product_cat","embeddable":true,"href":"https:\/\/www.ngdcare.nl\/no\/wp-json\/wp\/v2\/product_cat?post=7306"},{"taxonomy":"product_tag","embeddable":true,"href":"https:\/\/www.ngdcare.nl\/no\/wp-json\/wp\/v2\/product_tag?post=7306"},{"taxonomy":"merken","embeddable":true,"href":"https:\/\/www.ngdcare.nl\/no\/wp-json\/wp\/v2\/merken?post=7306"}],"curies":[{"name":"wp","href":"https:\/\/api.w.org\/{rel}","templated":true}]}}