{"id":7403,"date":"2024-01-25T10:04:17","date_gmt":"2024-01-25T10:04:17","guid":{"rendered":"https:\/\/www.ngdcare.nl\/product\/ukategorisert\/aroma-munn-stotte\/"},"modified":"2024-01-25T10:04:17","modified_gmt":"2024-01-25T09:04:17","slug":"aroma-munn-stotte","status":"publish","type":"product","link":"https:\/\/www.ngdcare.nl\/no\/product\/veterinary-health\/aromaterapi-no\/aroma-munn-stotte\/","title":{"rendered":"Aroma Munn st\u00f8tte"},"content":{"rendered":"<p class=\"p1\"><span class=\"s1\"><br \/>\n  <b>NGD Care \u2013 Mouth Support<\/b><br \/>\n<\/span> er en naturlig aromaterapiformel for tenner og tannkj\u00f8tt hos hunder og katter. Denne munnsprayen best\u00e5r av eteriske oljer med <span class=\"s1\"><br \/>\n  <b>antibakterielle<\/b><br \/>\n<\/span>, <span class=\"s1\"><br \/>\n  <b>betennelsesdempende<\/b><br \/>\n<\/span> og <span class=\"s1\"><br \/>\n  <b>forfriskende<\/b><br \/>\n<\/span>egenskaper, og er oppl\u00f8st i destillert vann for sikker bruk i munnen. <\/p>\n<p class=\"p1\">Sprayen hjelper med:<\/p>\n<ul>\n<li>\n<p class=\"p1\"><b>D\u00e5rlig \u00e5nde (halitose)<\/b><b><\/b><\/p>\n<\/li>\n<li>\n<p class=\"p1\"><b>Gingivitt<\/b><b><\/b><\/p>\n<\/li>\n<li>\n<p class=\"p1\"><b>St\u00f8tte for oralt mikrobiom<\/b><b><\/b><\/p>\n<\/li>\n<li>\n<p class=\"p1\"><b>Forebygging av plakk\/tannstein<\/b><\/p>\n<\/li>\n<\/ul>\n<p class=\"p4\"><b>Aktive oljer:<\/b><b><\/b><\/p>\n<ul>\n<li>\n<p class=\"p1\"><span class=\"s1\"><br \/>\n  <b>Super mynte og fennikel<\/b><br \/>\n<\/span> \u2013 for en frisk duft og mild antibakteriell effekt<\/p>\n<\/li>\n<li>\n<p class=\"p1\"><span class=\"s1\"><br \/>\n  <b>Koriander og kopaiba<\/b><br \/>\n<\/span> \u2013 bidrar til \u00e5 holde tannkj\u00f8ttet sunt gjennom antibakterielle og antiinflammatoriske effekter<\/p>\n<\/li>\n<li>\n<p class=\"p1\"><span class=\"s1\"><br \/>\n  <b>Myrra og rosmarin<\/b><br \/>\n<\/span> \u2013 tradisjonelt brukt mot tannkj\u00f8ttsykdommer<\/p>\n<\/li>\n<li>\n<p class=\"p1\"><span class=\"s1\"><br \/>\n  <b>Lavendel<\/b><br \/>\n<\/span> \u2013 beroligende og beroligende p\u00e5 slimhinner<\/p>\n<\/li>\n<\/ul>\n<p class=\"p1\">Sprayen egner seg veldig godt til st\u00f8tte i tillegg til \u00e5 pusse tenner eller p\u00e5f\u00f8re en ozonkrem.<\/p>\n","protected":false},"excerpt":{"rendered":"<p class=\"p1\">NGD Care Munnst\u00f8tte er en naturlig munnspray basert p\u00e5 essensielle oljer, for \u00e5 st\u00f8tte munnhelsen til hunder og katter. Frisker opp pusten og st\u00f8tter tannkj\u00f8tt og tenner. <\/p>\n","protected":false},"featured_media":12617,"comment_status":"open","ping_status":"closed","template":"","meta":{"wds_primary_product_brand":0,"wds_primary_product_cat":19,"wds_primary_merken":0},"product_brand":[],"product_cat":[2535,4273],"product_tag":[],"merken":[],"class_list":{"0":"post-7403","1":"product","2":"type-product","3":"status-publish","4":"has-post-thumbnail","6":"product_cat-aromaterapi-no","7":"product_cat-tenner","8":"infinite-scroll-item","9":"sales-flash-overlay","10":"woocommerce-text-align-center","11":"woocommerce-image-align-center","12":"do-quantity-buttons","14":"first","15":"instock","16":"taxable","17":"shipping-taxable","18":"purchasable","19":"product-type-simple"},"_links":{"self":[{"href":"https:\/\/www.ngdcare.nl\/no\/wp-json\/wp\/v2\/product\/7403","targetHints":{"allow":["GET"]}}],"collection":[{"href":"https:\/\/www.ngdcare.nl\/no\/wp-json\/wp\/v2\/product"}],"about":[{"href":"https:\/\/www.ngdcare.nl\/no\/wp-json\/wp\/v2\/types\/product"}],"replies":[{"embeddable":true,"href":"https:\/\/www.ngdcare.nl\/no\/wp-json\/wp\/v2\/comments?post=7403"}],"wp:featuredmedia":[{"embeddable":true,"href":"https:\/\/www.ngdcare.nl\/no\/wp-json\/wp\/v2\/media\/12617"}],"wp:attachment":[{"href":"https:\/\/www.ngdcare.nl\/no\/wp-json\/wp\/v2\/media?parent=7403"}],"wp:term":[{"taxonomy":"product_brand","embeddable":true,"href":"https:\/\/www.ngdcare.nl\/no\/wp-json\/wp\/v2\/product_brand?post=7403"},{"taxonomy":"product_cat","embeddable":true,"href":"https:\/\/www.ngdcare.nl\/no\/wp-json\/wp\/v2\/product_cat?post=7403"},{"taxonomy":"product_tag","embeddable":true,"href":"https:\/\/www.ngdcare.nl\/no\/wp-json\/wp\/v2\/product_tag?post=7403"},{"taxonomy":"merken","embeddable":true,"href":"https:\/\/www.ngdcare.nl\/no\/wp-json\/wp\/v2\/merken?post=7403"}],"curies":[{"name":"wp","href":"https:\/\/api.w.org\/{rel}","templated":true}]}}