{"id":7456,"date":"2024-01-24T21:53:54","date_gmt":"2024-01-24T21:53:54","guid":{"rendered":"https:\/\/www.ngdcare.nl\/product\/ukategorisert\/stotte-for-aromastress\/"},"modified":"2026-01-26T20:50:06","modified_gmt":"2026-01-26T19:50:06","slug":"stotte-for-aromastress","status":"publish","type":"product","link":"https:\/\/www.ngdcare.nl\/no\/product\/aromaterapi-no\/stotte-for-aromastress\/","title":{"rendered":"Stressst\u00f8tte"},"content":{"rendered":"<p data-start=\"340\" data-end=\"664\"><strong>NGD Care \u2013 Stress Support<\/strong> er en n\u00f8ye formulert aromaterapiblanding som st\u00f8tter nervesystemet ved <strong>kronisk stress<\/strong> og <span class=\"s1\"><b>emosjonell stabilitet<\/b><\/span> hos dyr. Denne oljen er utviklet for situasjoner der et dyr har vanskeligheter med \u00e5 slappe av, beholder spenning eller reagerer f\u00f8lsomt p\u00e5 stimuli fra omgivelsene. <\/p>\n<p data-start=\"666\" data-end=\"834\">Kombinasjonen av jordende, beroligende og regulerende eteriske oljer st\u00f8tter avslapning, sikkerhet og gjenopprettelse av balanse, uten \u00e5 bed\u00f8ve eller undertrykke.<\/p>\n<h4 data-start=\"841\" data-end=\"871\"><strong>Komposisjon<\/strong><\/h4>\n<ul>\n<li data-start=\"874\" data-end=\"998\"><strong data-start=\"874\" data-end=\"897\">Lavendel<\/strong> \u2013 st\u00f8tter avslapning av nervesystemet og hjelper mot stress, spenning og indre uro.<\/li>\n<li data-start=\"1001\" data-end=\"1106\"><strong data-start=\"1001\" data-end=\"1026\">Cedarwood<\/strong> \u2013 jordet og stabiliserende, bidrar til en f\u00f8lelse av trygghet og ro.<\/li>\n<li data-start=\"1109\" data-end=\"1215\"><strong data-start=\"1109\" data-end=\"1120\">Vetiver<\/strong> \u2013 dypt jordende og regulerende, tradisjonelt brukt mot overstimulering og langvarig stress.<\/li>\n<li data-start=\"1218\" data-end=\"1326\"><strong data-start=\"1218\" data-end=\"1229\">Copaiba<\/strong> \u2013 beroligende og st\u00f8ttende for nervesystemet, hjelper mot spenninger og f\u00f8lelsesmessig uro.<\/li>\n<li data-start=\"1329\" data-end=\"1451\"><strong data-start=\"1329\" data-end=\"1355\">R\u00f8kelse <\/strong> \u2013 st\u00f8tter balanse, pust og avslapning, og brukes ofte til f\u00f8lelsesmessig belastning.<\/li>\n<\/ul>\n<p data-start=\"1453\" data-end=\"1592\">Sammen danner disse oljene en harmonisk synergi som hjelper til med \u00e5 roe kroppen og nervesystemet og lindre stressreaksjoner.<\/p>\n<h4 data-start=\"1599\" data-end=\"1632\"><strong>Indikasjoner<\/strong><\/h4>\n<ul>\n<li data-start=\"1635\" data-end=\"1655\">Stress og spenning<\/li>\n<li data-start=\"1658\" data-end=\"1674\">Overstimulering<\/li>\n<li data-start=\"1677\" data-end=\"1705\">Rastl\u00f8s eller nerv\u00f8s atferd<\/li>\n<li data-start=\"1708\" data-end=\"1746\">Endringer i milj\u00f8 eller rutine<\/li>\n<li data-start=\"1749\" data-end=\"1779\">Gjenoppretting etter langvarig stress<\/li>\n<\/ul>\n<h4 data-start=\"53\" data-end=\"78\"><strong>Tilgjengelige former<\/strong><\/h4>\n<ul>\n<li data-start=\"81\" data-end=\"136\">Rulle \u2013 for direkte, ekstern bruk. M\u00e5lrettet, lav dose og ideell for daglig bruk eller p\u00e5 farten.<br data-start=\"371\" data-end=\"374\">Sm\u00f8r p\u00e5 \u00f8rene eller poteputene. <\/li>\n<li data-start=\"139\" data-end=\"214\">Diffuserolje \u2013 egnet for diffuser og utvannet utend\u00f8rs bruk. For duftst\u00f8tte via diffusoren (berolige milj\u00f8et) eller fortynnet for massasje\/topisk bruk. <\/li>\n<\/ul>\n","protected":false},"excerpt":{"rendered":"<p class=\"p1\"><strong>NGD Care Stress Support<\/strong> er en beroligende blanding av eteriske oljer for hunder og katter. Roer ned ved stress, overstimulering eller spenning. Tilgjengelig som spray-, rulle- eller diffuserolje.  <\/p>\n","protected":false},"featured_media":12873,"comment_status":"open","ping_status":"closed","template":"","meta":[],"product_brand":[],"product_cat":[2535],"product_tag":[],"merken":[],"class_list":{"0":"post-7456","1":"product","2":"type-product","3":"status-publish","4":"has-post-thumbnail","6":"product_cat-aromaterapi-no","7":"infinite-scroll-item","8":"sales-flash-overlay","9":"woocommerce-text-align-center","10":"woocommerce-image-align-center","11":"do-quantity-buttons","13":"first","14":"instock","15":"taxable","16":"shipping-taxable","17":"purchasable","18":"product-type-variable"},"_links":{"self":[{"href":"https:\/\/www.ngdcare.nl\/no\/wp-json\/wp\/v2\/product\/7456","targetHints":{"allow":["GET"]}}],"collection":[{"href":"https:\/\/www.ngdcare.nl\/no\/wp-json\/wp\/v2\/product"}],"about":[{"href":"https:\/\/www.ngdcare.nl\/no\/wp-json\/wp\/v2\/types\/product"}],"replies":[{"embeddable":true,"href":"https:\/\/www.ngdcare.nl\/no\/wp-json\/wp\/v2\/comments?post=7456"}],"wp:featuredmedia":[{"embeddable":true,"href":"https:\/\/www.ngdcare.nl\/no\/wp-json\/wp\/v2\/media\/12873"}],"wp:attachment":[{"href":"https:\/\/www.ngdcare.nl\/no\/wp-json\/wp\/v2\/media?parent=7456"}],"wp:term":[{"taxonomy":"product_brand","embeddable":true,"href":"https:\/\/www.ngdcare.nl\/no\/wp-json\/wp\/v2\/product_brand?post=7456"},{"taxonomy":"product_cat","embeddable":true,"href":"https:\/\/www.ngdcare.nl\/no\/wp-json\/wp\/v2\/product_cat?post=7456"},{"taxonomy":"product_tag","embeddable":true,"href":"https:\/\/www.ngdcare.nl\/no\/wp-json\/wp\/v2\/product_tag?post=7456"},{"taxonomy":"merken","embeddable":true,"href":"https:\/\/www.ngdcare.nl\/no\/wp-json\/wp\/v2\/merken?post=7456"}],"curies":[{"name":"wp","href":"https:\/\/api.w.org\/{rel}","templated":true}]}}