{"id":7518,"date":"2024-01-23T13:57:04","date_gmt":"2024-01-23T13:57:04","guid":{"rendered":"https:\/\/www.ngdcare.nl\/product\/ukategorisert\/ozonsalve-ozoncare\/"},"modified":"2026-03-29T14:21:12","modified_gmt":"2026-03-29T12:21:12","slug":"ozonsalve-ozoncare","status":"publish","type":"product","link":"https:\/\/www.ngdcare.nl\/no\/product\/veterinary-health\/ozon-no\/ozonsalve-ozoncare\/","title":{"rendered":"Ozonsalve \u2013 OzonCare"},"content":{"rendered":"<p style=\"font-weight: 400;\"><strong>NGD Care Ozonsalve \u2013 OzonCare<\/strong> er en kraftig, naturlig salve basert p\u00e5 <strong>ozonert \u00f8kologisk ekstra virgin olivenolje<\/strong>. Denne oljen er beriket med <strong>ozongass (O\u2083)<\/strong> p\u00e5 en kontrollert m\u00e5te i 36 timer, og metter den med ozonforbindelser. Dette skaper <strong>stabile ozonider<\/strong> som sakte frigj\u00f8r ozon ved kontakt med huden og ut\u00f8ver sin effekt lokalt.  <\/p>\n<p style=\"font-weight: 400;\">Ozonsalve er allment anvendelig for <strong>hudproblemer, s\u00e5rpleie, eksem, hudsopp, betent tannkj\u00f8tt<\/strong> og til og med sm\u00e5 svulster eller brannskader. Takket v\u00e6re dens antibakterielle, soppdrepende og antivirale effekter, er den et kraftig naturlig alternativ til syntetiske kremer. Salven er egnet for <strong>dyr og mennesker<\/strong> og er godkjent for kosmetisk bruk i menneskelig sektor.  <\/p>\n<p style=\"font-weight: 400;\">Den \u00f8kologiske olivenoljen fungerer som et b\u00e6rerstoff og er naturlig rik p\u00e5 antioksidanter og fettsyrer som gir n\u00e6ring og beskytter huden. Tilsetningen av ozon stimulerer <strong>blodstr\u00f8mmen, celleregenerering og dypere rensing <\/strong>av vevet. <\/p>\n","protected":false},"excerpt":{"rendered":"<p style=\"font-weight: 400;\">Ozonsalve basert p\u00e5 ozonert organisk olivenolje. St\u00f8tter hudreparasjon i tilfelle infeksjoner, eksem, sopp og tannkj\u00f8ttproblemer hos mennesker og dyr. <\/p>\n","protected":false},"featured_media":10761,"comment_status":"open","ping_status":"closed","template":"","meta":{"wds_primary_product_brand":0,"wds_primary_product_cat":15,"wds_primary_merken":0},"product_brand":[],"product_cat":[2210,2873,3590,4273],"product_tag":[3474,4331,3147,4339,2260,3475,3476,4336,4337,4340,4333,4334,4335,4338,4332],"merken":[],"class_list":{"0":"post-7518","1":"product","2":"type-product","3":"status-publish","4":"has-post-thumbnail","6":"product_cat-anti-inflammatorisk","7":"product_cat-hud-og-pels-no","8":"product_cat-ozon-no","9":"product_cat-tenner","10":"product_tag-aktiveringspunktet","11":"product_tag-anti-gjaer","12":"product_tag-antibakteriell-no","13":"product_tag-betennelse-mellom-taerne","14":"product_tag-betennelsesdempende","15":"product_tag-eksem-no","16":"product_tag-hudirritasjon","17":"product_tag-ip-400-no","18":"product_tag-ip1200-no","19":"product_tag-ngd-care-ozon-no","20":"product_tag-ozon-salve","21":"product_tag-ozonert-olivenolje","22":"product_tag-ozonert-solsikkeolje","23":"product_tag-reparasjon-av-huden","24":"product_tag-soppdrepende","25":"infinite-scroll-item","26":"sales-flash-overlay","27":"woocommerce-text-align-center","28":"woocommerce-image-align-center","29":"do-quantity-buttons","31":"first","32":"instock","33":"taxable","34":"shipping-taxable","35":"purchasable","36":"product-type-variable"},"_links":{"self":[{"href":"https:\/\/www.ngdcare.nl\/no\/wp-json\/wp\/v2\/product\/7518","targetHints":{"allow":["GET"]}}],"collection":[{"href":"https:\/\/www.ngdcare.nl\/no\/wp-json\/wp\/v2\/product"}],"about":[{"href":"https:\/\/www.ngdcare.nl\/no\/wp-json\/wp\/v2\/types\/product"}],"replies":[{"embeddable":true,"href":"https:\/\/www.ngdcare.nl\/no\/wp-json\/wp\/v2\/comments?post=7518"}],"wp:featuredmedia":[{"embeddable":true,"href":"https:\/\/www.ngdcare.nl\/no\/wp-json\/wp\/v2\/media\/10761"}],"wp:attachment":[{"href":"https:\/\/www.ngdcare.nl\/no\/wp-json\/wp\/v2\/media?parent=7518"}],"wp:term":[{"taxonomy":"product_brand","embeddable":true,"href":"https:\/\/www.ngdcare.nl\/no\/wp-json\/wp\/v2\/product_brand?post=7518"},{"taxonomy":"product_cat","embeddable":true,"href":"https:\/\/www.ngdcare.nl\/no\/wp-json\/wp\/v2\/product_cat?post=7518"},{"taxonomy":"product_tag","embeddable":true,"href":"https:\/\/www.ngdcare.nl\/no\/wp-json\/wp\/v2\/product_tag?post=7518"},{"taxonomy":"merken","embeddable":true,"href":"https:\/\/www.ngdcare.nl\/no\/wp-json\/wp\/v2\/merken?post=7518"}],"curies":[{"name":"wp","href":"https:\/\/api.w.org\/{rel}","templated":true}]}}