{"id":7532,"date":"2024-01-22T22:52:12","date_gmt":"2024-01-22T22:52:12","guid":{"rendered":"https:\/\/www.ngdcare.nl\/product\/ukategorisert\/nac-berberin-para-clean\/"},"modified":"2026-04-09T21:33:30","modified_gmt":"2026-04-09T19:33:30","slug":"nac-berberin-para-clean","status":"publish","type":"product","link":"https:\/\/www.ngdcare.nl\/no\/product\/fordoyelse\/nac-berberin-para-clean\/","title":{"rendered":"NAC Berberine \u2013 Para Reset"},"content":{"rendered":"<p style=\"font-weight: 400;\"><strong>NGD Care \u2013 NAC Berberine \u2013 Para Reset <\/strong>er en kraftig formel som har som m\u00e5l \u00e5 bryte gjennom biofilmdannelse i <strong>parasitter, gj\u00e6r og sopp,<\/strong> som <em>Giardia lamblia<\/em> og <em>Candida albicans<\/em>. Denne kombinasjonen st\u00f8tter mage-tarmkanalen, styrker avgiftningen og hjelper kroppen med \u00e5 komme seg etter kroniske inflammatoriske prosesser i tarm, hud og luftveier. <\/p>\n<p style=\"font-weight: 400;\"><strong>N-acetylcystein (NAC)<\/strong> er en forl\u00f8per til glutation, en viktig antioksidant som beskytter cellene mot oksidativt stress. NAC kan bryte ned patogenbiofilmer, st\u00f8tte leveren i avgiftning og beskytte kroppen mot giftstoffer som frigj\u00f8res under nedbrytningen av smittsomme mikroorganismer. I tillegg bidrar det til glutamatregulering i hjernen, noe som er relevant for atferd, stress og kognitive funksjoner.  <\/p>\n<p style=\"font-weight: 400;\"><strong>Berberin<\/strong> er et naturlig alkaloid med et bredt antimikrobielt spekter. Den er effektiv mot parasitter, bakterier, virus, gj\u00e6r og sopp, spesielt <em>Giardia<\/em> og <em>Candida<\/em>. Berberin st\u00f8tter ogs\u00e5 et sunt mikrobiom og forhindrer overvekst av patogene arter. Det p\u00e5virker ogs\u00e5 insulinf\u00f8lsomhet og tarmepitel. I kombinasjon med regelmessige behandlinger (som Panacur eller soppdrepende medisiner) har berberin en styrkende effekt. Berberin har en giftig effekt n\u00e5r det kommer inn i blodet. N\u00e5r det gis oralt, er det ikke-giftig. Som et resultat ble det besluttet \u00e5 ikke lage berberin-liposomal.       <\/p>\n<p style=\"font-weight: 400;\">Para Reset er en del av NGD Cares <strong>Giardia-protokoll<\/strong> , men kan ogs\u00e5 brukes for andre tarminfeksjoner, hudplager, lungeproblemer eller kroniske biofilmrelaterte lidelser.<\/p>\n","protected":false},"excerpt":{"rendered":"<p style=\"font-weight: 400;\">Para Reset kombinerer NAC og berberin for \u00e5 st\u00f8tte dannelse av parasitter, gj\u00e6r og biofilm. Virker p\u00e5 tarm, hud, luftveier og hjelper til med gjenoppretting av mikrobiomet. <\/p>\n","protected":false},"featured_media":17768,"comment_status":"open","ping_status":"closed","template":"","meta":[],"product_brand":[],"product_cat":[1811,1815,2997],"product_tag":[3004,2999,4384,1819,4381,2998,1844,3001,4382,4383],"merken":[],"class_list":{"0":"post-7532","1":"product","2":"type-product","3":"status-publish","4":"has-post-thumbnail","6":"product_cat-fordoyelse","7":"product_cat-ortomolekylaere-kosttilskudd","8":"product_cat-parasitter-no","9":"product_tag-biofilm-no","10":"product_tag-giardia-no","11":"product_tag-hadde","12":"product_tag-katt","13":"product_tag-n-acetylcystein-no-2","14":"product_tag-nac-no","15":"product_tag-ngd-care-kosttilskudd","16":"product_tag-parasitter-no","17":"product_tag-patogener-no","18":"product_tag-tarmstotte-no","19":"infinite-scroll-item","20":"sales-flash-overlay","21":"woocommerce-text-align-center","22":"woocommerce-image-align-center","23":"do-quantity-buttons","25":"first","26":"instock","27":"downloadable","28":"taxable","29":"shipping-taxable","30":"purchasable","31":"product-type-simple"},"_links":{"self":[{"href":"https:\/\/www.ngdcare.nl\/no\/wp-json\/wp\/v2\/product\/7532","targetHints":{"allow":["GET"]}}],"collection":[{"href":"https:\/\/www.ngdcare.nl\/no\/wp-json\/wp\/v2\/product"}],"about":[{"href":"https:\/\/www.ngdcare.nl\/no\/wp-json\/wp\/v2\/types\/product"}],"replies":[{"embeddable":true,"href":"https:\/\/www.ngdcare.nl\/no\/wp-json\/wp\/v2\/comments?post=7532"}],"wp:featuredmedia":[{"embeddable":true,"href":"https:\/\/www.ngdcare.nl\/no\/wp-json\/wp\/v2\/media\/17768"}],"wp:attachment":[{"href":"https:\/\/www.ngdcare.nl\/no\/wp-json\/wp\/v2\/media?parent=7532"}],"wp:term":[{"taxonomy":"product_brand","embeddable":true,"href":"https:\/\/www.ngdcare.nl\/no\/wp-json\/wp\/v2\/product_brand?post=7532"},{"taxonomy":"product_cat","embeddable":true,"href":"https:\/\/www.ngdcare.nl\/no\/wp-json\/wp\/v2\/product_cat?post=7532"},{"taxonomy":"product_tag","embeddable":true,"href":"https:\/\/www.ngdcare.nl\/no\/wp-json\/wp\/v2\/product_tag?post=7532"},{"taxonomy":"merken","embeddable":true,"href":"https:\/\/www.ngdcare.nl\/no\/wp-json\/wp\/v2\/merken?post=7532"}],"curies":[{"name":"wp","href":"https:\/\/api.w.org\/{rel}","templated":true}]}}