{"id":7545,"date":"2024-01-22T22:20:14","date_gmt":"2024-01-22T22:20:14","guid":{"rendered":"https:\/\/www.ngdcare.nl\/product\/ukategorisert\/liposomal-cbd-olje-liposomal-cbd-olje\/"},"modified":"2024-01-22T22:20:14","modified_gmt":"2024-01-22T21:20:14","slug":"liposomal-cbd-olje-liposomal-cbd-olje","status":"publish","type":"product","link":"https:\/\/www.ngdcare.nl\/no\/product\/veterinary-health\/ortomolekylaere-kosttilskudd\/liposomal-cbd-olje-liposomal-cbd-olje\/","title":{"rendered":"Liposomal CBD-olje \u2013 Liposomal CBD-olje"},"content":{"rendered":"<p style=\"font-weight: 400;\"><strong>Liposomal CBD Oil<\/strong> fra <strong>NGD Care<\/strong> er en <strong>unik fullspektret hampolje<\/strong> i liposomal form, spesielt utviklet for hunder og katter. Bruken av liposomer forbedrer absorpsjonen av cannabidiol (CBD) og andre fytocannabinoider, noe som sikrer raskere og mer potent virkning, selv hos dyr med sensitiv ford\u00f8yelse eller nedsatt absorpsjon. <\/p>\n<p style=\"font-weight: 400;\">Denne oljen inneholder alle de aktive forbindelsene til <strong>Cannabis sativa-planten<\/strong>, inkludert over 100 forskjellige fytocannabinoider. CBD er det viktigste og mest unders\u00f8kte stoffet av disse. Takket v\u00e6re <strong>det endocannabinoide systemet <\/strong>til dyr \u2013 som er enda mer aktivt enn hos mennesker \u2013 reagerer hunder og katter ofte sterkt p\u00e5 effekten av CBD. Dette systemet er involvert i en rekke funksjoner som <strong>smerteregulering, hum\u00f8r, appetitt, s\u00f8vn og immunsystemet<\/strong>.   <\/p>\n<p style=\"font-weight: 400;\">NGD Cares liposomale teknologi sikrer en sv\u00e6rt h\u00f8y biotilgjengelighet av CBD og andre cannabinoider, og er <strong>den eneste liposomale CBD-oljen for dyr p\u00e5 markedet i<\/strong> sitt slag.<\/p>\n<ul>\n<li>Sjeldne: tretthet, diar\u00e9, endring i appetitt eller vekt<\/li>\n<\/ul>\n","protected":false},"excerpt":{"rendered":"<div>\n<p class=\"p3\">Fullspektret liposomal CBD-olje spesielt for hunder og katter. St\u00f8tter smerte, betennelse, angst, epilepsi og mer. Rask og h\u00f8y absorpsjon takket v\u00e6re liposomer.  <\/p>\n<\/div>\n","protected":false},"featured_media":10645,"comment_status":"open","ping_status":"closed","template":"","meta":{"wds_primary_product_brand":0,"wds_primary_product_cat":187,"wds_primary_merken":0},"product_brand":[],"product_cat":[2210,1815,2264,1990,2208],"product_tag":[4416,4418,4421,2260,3098,1821,4420,4415,1823,1825,2220,1992,4419,2267,4417],"merken":[],"class_list":{"0":"post-7545","1":"product","2":"type-product","3":"status-publish","4":"has-post-thumbnail","6":"product_cat-anti-inflammatorisk","7":"product_cat-ortomolekylaere-kosttilskudd","8":"product_cat-ledd","9":"product_cat-liposomal-no","10":"product_cat-oppforsel","11":"product_tag-4-cbd-olje","12":"product_tag-angstdempende","13":"product_tag-beroligende","14":"product_tag-betennelsesdempende","15":"product_tag-cbd-olje","16":"product_tag-dyr","17":"product_tag-forbedrer-sovnen","18":"product_tag-fullspektret-cbd-olje","19":"product_tag-hundene","20":"product_tag-katter","21":"product_tag-kreft","22":"product_tag-liposomal-no","23":"product_tag-reduserer-angst","24":"product_tag-smertestillende","25":"product_tag-stressreduksjon","26":"infinite-scroll-item","27":"sales-flash-overlay","28":"woocommerce-text-align-center","29":"woocommerce-image-align-center","30":"do-quantity-buttons","32":"first","33":"instock","34":"featured","35":"taxable","36":"shipping-taxable","37":"purchasable","38":"product-type-variable"},"_links":{"self":[{"href":"https:\/\/www.ngdcare.nl\/no\/wp-json\/wp\/v2\/product\/7545","targetHints":{"allow":["GET"]}}],"collection":[{"href":"https:\/\/www.ngdcare.nl\/no\/wp-json\/wp\/v2\/product"}],"about":[{"href":"https:\/\/www.ngdcare.nl\/no\/wp-json\/wp\/v2\/types\/product"}],"replies":[{"embeddable":true,"href":"https:\/\/www.ngdcare.nl\/no\/wp-json\/wp\/v2\/comments?post=7545"}],"wp:featuredmedia":[{"embeddable":true,"href":"https:\/\/www.ngdcare.nl\/no\/wp-json\/wp\/v2\/media\/10645"}],"wp:attachment":[{"href":"https:\/\/www.ngdcare.nl\/no\/wp-json\/wp\/v2\/media?parent=7545"}],"wp:term":[{"taxonomy":"product_brand","embeddable":true,"href":"https:\/\/www.ngdcare.nl\/no\/wp-json\/wp\/v2\/product_brand?post=7545"},{"taxonomy":"product_cat","embeddable":true,"href":"https:\/\/www.ngdcare.nl\/no\/wp-json\/wp\/v2\/product_cat?post=7545"},{"taxonomy":"product_tag","embeddable":true,"href":"https:\/\/www.ngdcare.nl\/no\/wp-json\/wp\/v2\/product_tag?post=7545"},{"taxonomy":"merken","embeddable":true,"href":"https:\/\/www.ngdcare.nl\/no\/wp-json\/wp\/v2\/merken?post=7545"}],"curies":[{"name":"wp","href":"https:\/\/api.w.org\/{rel}","templated":true}]}}