{"id":7580,"date":"2024-01-22T22:32:03","date_gmt":"2024-01-22T22:32:03","guid":{"rendered":"https:\/\/www.ngdcare.nl\/product\/ukategorisert\/enzymblanding-1-fordoyelsesenzymer\/"},"modified":"2026-04-07T16:07:36","modified_gmt":"2026-04-07T14:07:36","slug":"enzymblanding-1-fordoyelsesenzymer","status":"publish","type":"product","link":"https:\/\/www.ngdcare.nl\/no\/product\/veterinary-health\/ortomolekylaere-kosttilskudd\/enzymblanding-1-fordoyelsesenzymer\/","title":{"rendered":"Enzymblanding 1 \u2013 Ford\u00f8yelsesenzymer"},"content":{"rendered":"<p style=\"font-weight: 400;\"><strong>NGD Care \u2013 Digestive Enzymes <\/strong>er en n\u00f8ye formulert kombinasjon av ford\u00f8yelsesenzymer for \u00e5 st\u00f8tte ford\u00f8yelsen hos hunder og katter. Denne formelen hjelper til med \u00e5 bryte ned proteiner, fett, karbohydrater, laktose og fiber, og st\u00f8tter b\u00e5de magefunksjonen (pepsin, betain) og bukspyttkjertelfunksjonen (amylase, lipase, protease). Tilskuddet er spesielt egnet for redusert enzymproduksjon p\u00e5 grunn av stress, lavgradig betennelse, kroniske mage-tarmplager eller tilstander som bukspyttkjertelinsufficiens.  <\/p>\n<p style=\"font-weight: 400;\">Enzymene i denne formelen er allment anvendelige:<\/p>\n<ul>\n<li><strong>Amylase<\/strong> \u2013 bryter ned stivelse til enkle sukkerarter<\/li>\n<li><strong>Lipase<\/strong> \u2013 hjelper til med ford\u00f8yelsen av fett<\/li>\n<li><strong>Protease, Papain og Pepsin<\/strong> \u2013 ford\u00f8yer proteiner<\/li>\n<li><strong>Bromelain<\/strong> \u2013 proteinsplittende og betennelsesdempende, fungerer ogs\u00e5 mot allergier<\/li>\n<li><strong>Cellulase<\/strong> \u2013 bryter ned plantefibre<\/li>\n<li><strong>Laktase<\/strong> \u2013 letter laktoseford\u00f8yelsen<\/li>\n<li><strong>Betain<\/strong> \u2013 aktiverer pepsin i magen<\/li>\n<\/ul>\n<p style=\"font-weight: 400;\">P\u00e5 grunn av sammensetningen i en magesyreresistent kapsel blir enzymene kun aktive i tarmen, hvor de kan st\u00f8tte ford\u00f8yelsen optimalt.<\/p>\n","protected":false},"excerpt":{"rendered":"<div>\n<p class=\"p3\">Komplett blanding av ford\u00f8yelsesenzymer for \u00e5 st\u00f8tte mage- og bukspyttkjertelfunksjonen hos hunder og katter. Hjelper med ford\u00f8yelsen av proteiner, fett, karbohydrater og fiber. <\/p>\n<\/div>\n","protected":false},"featured_media":17801,"comment_status":"open","ping_status":"closed","template":"","meta":{"wds_primary_product_brand":0,"wds_primary_product_cat":16,"wds_primary_merken":0},"product_brand":[],"product_cat":[1811,1815],"product_tag":[4495,4497,1821,4503,4069,4501,4101,2681,4103,4492,1823,4102,1825,1844,4499,4100,4493],"merken":[],"class_list":{"0":"post-7580","1":"product","2":"type-product","3":"status-publish","4":"has-post-thumbnail","6":"product_cat-fordoyelse","7":"product_cat-ortomolekylaere-kosttilskudd","8":"product_tag-betain-hcl-no","9":"product_tag-bukspyttkjertel","10":"product_tag-dyr","11":"product_tag-eksokrin-bukspyttkjertelinsuffisiens","12":"product_tag-enzymer-no","13":"product_tag-epi-no","14":"product_tag-fett-fordoyelse","15":"product_tag-fordoyelse","16":"product_tag-fordoyelse-no","17":"product_tag-fordoyelsesenzymer-no","18":"product_tag-hundene","19":"product_tag-karbohydrat-fordoyelse","20":"product_tag-katter","21":"product_tag-ngd-care-kosttilskudd","22":"product_tag-pankreatitt","23":"product_tag-protein-fordoyelse","24":"product_tag-stivelse-fordoyelse","25":"infinite-scroll-item","26":"sales-flash-overlay","27":"woocommerce-text-align-center","28":"woocommerce-image-align-center","29":"do-quantity-buttons","31":"first","32":"instock","33":"taxable","34":"shipping-taxable","35":"purchasable","36":"product-type-simple"},"_links":{"self":[{"href":"https:\/\/www.ngdcare.nl\/no\/wp-json\/wp\/v2\/product\/7580","targetHints":{"allow":["GET"]}}],"collection":[{"href":"https:\/\/www.ngdcare.nl\/no\/wp-json\/wp\/v2\/product"}],"about":[{"href":"https:\/\/www.ngdcare.nl\/no\/wp-json\/wp\/v2\/types\/product"}],"replies":[{"embeddable":true,"href":"https:\/\/www.ngdcare.nl\/no\/wp-json\/wp\/v2\/comments?post=7580"}],"wp:featuredmedia":[{"embeddable":true,"href":"https:\/\/www.ngdcare.nl\/no\/wp-json\/wp\/v2\/media\/17801"}],"wp:attachment":[{"href":"https:\/\/www.ngdcare.nl\/no\/wp-json\/wp\/v2\/media?parent=7580"}],"wp:term":[{"taxonomy":"product_brand","embeddable":true,"href":"https:\/\/www.ngdcare.nl\/no\/wp-json\/wp\/v2\/product_brand?post=7580"},{"taxonomy":"product_cat","embeddable":true,"href":"https:\/\/www.ngdcare.nl\/no\/wp-json\/wp\/v2\/product_cat?post=7580"},{"taxonomy":"product_tag","embeddable":true,"href":"https:\/\/www.ngdcare.nl\/no\/wp-json\/wp\/v2\/product_tag?post=7580"},{"taxonomy":"merken","embeddable":true,"href":"https:\/\/www.ngdcare.nl\/no\/wp-json\/wp\/v2\/merken?post=7580"}],"curies":[{"name":"wp","href":"https:\/\/api.w.org\/{rel}","templated":true}]}}