{"id":7594,"date":"2024-01-22T21:48:11","date_gmt":"2024-01-22T21:48:11","guid":{"rendered":"https:\/\/www.ngdcare.nl\/product\/ukategorisert\/liposomal-eggeskallmembran-liposomal-mobilitetsstotte\/"},"modified":"2026-03-26T10:49:18","modified_gmt":"2026-03-26T09:49:18","slug":"liposomal-eggeskallmembran-liposomal-mobilitetsstotte","status":"publish","type":"product","link":"https:\/\/www.ngdcare.nl\/no\/product\/naturlig-kjaeledyrapotek\/liposomal-no\/liposomal-eggeskallmembran-liposomal-mobilitetsstotte\/","title":{"rendered":"Liposomal eggeskallmembran \u2013 Liposomal mobilitetsst\u00f8tte"},"content":{"rendered":"<p data-start=\"189\" data-end=\"554\"><strong data-start=\"189\" data-end=\"232\">Liposomal mobilitetsst\u00f8tte fra NGD Care<\/strong> er et tilleggstilskudd for \u00e5 st\u00f8tte ledd, brusk og bindevevsstrukturer hos hunder og katter. Formelen er utviklet for dyr som kan trenge ekstra st\u00f8tte ved stivhet, belastning p\u00e5 leddene eller aldersrelatert slitasje, men ogs\u00e5 for unge dyr i vekst. Den liposomale formen er valgt for \u00e5 st\u00f8tte opptaket s\u00e5 godt som mulig. Dette gj\u00f8r dette tilskuddet ogs\u00e5 egnet for dyr med sensitiv ford\u00f8yelse eller redusert opptakskapasitet.   <\/p>\n<p data-start=\"756\" data-end=\"854\">Sammensetningen inneholder en kombinasjon av fire viktige byggesteiner for muskel- og skjelettsystemet:<\/p>\n<ul>\n<li><strong data-start=\"856\" data-end=\"878\">Eggeskallmembran<\/strong><br data-start=\"878\" data-end=\"881\">Eggeskallmembranen er naturlig rik p\u00e5 kollagen type I, V og X, hyaluronsyre, glukosamin, kondroitinsulfat og elastin. Denne naturlige matrisen st\u00f8tter konstruksjon og vedlikehold av brusk, bindevev og leddstrukturer. <\/li>\n<li><strong data-start=\"1121\" data-end=\"1142\">Kollagen type II<\/strong><br data-start=\"1142\" data-end=\"1145\">Type II-kollagen er en viktig strukturell byggestein i leddbrusk. Denne tillegget gj\u00f8r formelen enda mer m\u00e5lrettet for dyr med leddstrekk, artrose eller andre degenerative endringer i brusken. <\/li>\n<li><strong data-start=\"1375\" data-end=\"1390\">Glukosamin<\/strong><br data-start=\"1390\" data-end=\"1393\">Glukosamin st\u00f8tter konstruksjonen av brusk, sener og bindevevet. Det brukes mye som n\u00e6ringsstoff for muskel- og skjelettsystemet til dyr som trenger ekstra st\u00f8tte for jevn bevegelse. <\/li>\n<li><strong data-start=\"1601\" data-end=\"1624\">Kondroitinsulfat<\/strong><br data-start=\"1624\" data-end=\"1627\">Kondroitinsulfat st\u00f8tter strukturen, motstandskraften og fuktighetsbindingen i brusken. Det er en velkjent byggestein i kosttilskudd for leddhelse. <\/li>\n<\/ul>\n<p data-start=\"1795\" data-end=\"2161\"><strong data-start=\"1795\" data-end=\"1853\">N\u00e5r brukes Liposomal Mobility Support ofte?<\/strong><br data-start=\"1853\" data-end=\"1856\">Dette tilskuddet brukes ofte for \u00e5 st\u00f8tte hunder og katter med artrose, leddgikt, stivhet eller andre leddproblemer. I tillegg passer den ogs\u00e5 godt med eldre, aktive dyr, store raser og unge voksende dyr, n\u00e5r ekstra st\u00f8tte fra brusk, bindevev og kollagenbygging er \u00f8nskelig. <\/p>\n","protected":false},"excerpt":{"rendered":"<p style=\"font-weight: 400;\">Liposomal eggeskallmembran med kollagen type II for leddreparasjon, bruskst\u00f8tte og redusert smerte ved artrose og leddgikt. For hunder og katter <\/p>\n","protected":false},"featured_media":17863,"comment_status":"open","ping_status":"closed","template":"","meta":[],"product_brand":[],"product_cat":[1815,2264,1990],"product_tag":[],"merken":[],"class_list":{"0":"post-7594","1":"product","2":"type-product","3":"status-publish","4":"has-post-thumbnail","6":"product_cat-ortomolekylaere-kosttilskudd","7":"product_cat-ledd","8":"product_cat-liposomal-no","9":"infinite-scroll-item","10":"sales-flash-overlay","11":"woocommerce-text-align-center","12":"woocommerce-image-align-center","13":"do-quantity-buttons","15":"first","16":"instock","17":"taxable","18":"shipping-taxable","19":"purchasable","20":"product-type-simple"},"_links":{"self":[{"href":"https:\/\/www.ngdcare.nl\/no\/wp-json\/wp\/v2\/product\/7594","targetHints":{"allow":["GET"]}}],"collection":[{"href":"https:\/\/www.ngdcare.nl\/no\/wp-json\/wp\/v2\/product"}],"about":[{"href":"https:\/\/www.ngdcare.nl\/no\/wp-json\/wp\/v2\/types\/product"}],"replies":[{"embeddable":true,"href":"https:\/\/www.ngdcare.nl\/no\/wp-json\/wp\/v2\/comments?post=7594"}],"wp:featuredmedia":[{"embeddable":true,"href":"https:\/\/www.ngdcare.nl\/no\/wp-json\/wp\/v2\/media\/17863"}],"wp:attachment":[{"href":"https:\/\/www.ngdcare.nl\/no\/wp-json\/wp\/v2\/media?parent=7594"}],"wp:term":[{"taxonomy":"product_brand","embeddable":true,"href":"https:\/\/www.ngdcare.nl\/no\/wp-json\/wp\/v2\/product_brand?post=7594"},{"taxonomy":"product_cat","embeddable":true,"href":"https:\/\/www.ngdcare.nl\/no\/wp-json\/wp\/v2\/product_cat?post=7594"},{"taxonomy":"product_tag","embeddable":true,"href":"https:\/\/www.ngdcare.nl\/no\/wp-json\/wp\/v2\/product_tag?post=7594"},{"taxonomy":"merken","embeddable":true,"href":"https:\/\/www.ngdcare.nl\/no\/wp-json\/wp\/v2\/merken?post=7594"}],"curies":[{"name":"wp","href":"https:\/\/api.w.org\/{rel}","templated":true}]}}