{"id":8788,"date":"2025-10-02T20:07:09","date_gmt":"2025-10-02T18:07:09","guid":{"rendered":"https:\/\/www.ngdcare.nl\/?post_type=product&#038;p=8788"},"modified":"2025-10-02T22:06:16","modified_gmt":"2025-10-02T20:06:16","slug":"indre-justeringsessens-chakra-1-4-og-7-kopie","status":"publish","type":"product","link":"https:\/\/www.ngdcare.nl\/no\/product\/human-health\/blomster-rettsmidler-no\/indre-justeringsessens-chakra-1-4-og-7-kopie\/","title":{"rendered":"Indre justeringsessens \u2013 Chakra 1, 4 og 7"},"content":{"rendered":"<p data-start=\"437\" data-end=\"757\"><strong data-start=\"437\" data-end=\"456\">Inner Alignment<\/strong> er en n\u00f8ye sammensatt blomsteressens basert p\u00e5 aksen til <strong data-start=\"531\" data-end=\"572\">det f\u00f8rste chakraet (legemliggj\u00f8ring og sikkerhet),<\/strong> det <strong data-start=\"578\" data-end=\"614\">4. chakraet (kj\u00e6rlighet og forbindelse)<\/strong> og det <strong data-start=\"622\" data-end=\"660\">7. chakraet (bevissthet og intuisjon).<\/strong> Denne indre treenigheten danner grunnlaget for balanse, egenkj\u00e6rlighet og \u00e5ndelig innstilling. <\/p>\n<p data-start=\"759\" data-end=\"1014\">Midlet er spesielt egnet for <strong data-start=\"797\" data-end=\"833\">h\u00f8ysensitive personer og barn<\/strong> som har problemer med \u00e5 lande godt i kroppen eller lett blir overstimulert. Inner Alignment kan ogs\u00e5 tilby st\u00f8tte for f\u00f8lelser av ensomhet, sorg eller fremmedgj\u00f8ring. <\/p>\n<p data-start=\"1016\" data-end=\"1103\">Ved \u00e5 kombinere 12 n\u00f8ye utvalgte blomster, bidrar Inner Alignment til \u00e5:<\/p>\n<ul data-start=\"1104\" data-end=\"1276\">\n<li data-start=\"1104\" data-end=\"1166\">\n<p data-start=\"1106\" data-end=\"1166\"><strong data-start=\"1116\" data-end=\"1127\">\u00c5 jorde<\/strong> dypere og f\u00f8le seg trygg i kroppen<\/p>\n<\/li>\n<li data-start=\"1167\" data-end=\"1221\">\n<p data-start=\"1169\" data-end=\"1221\"><strong data-start=\"1173\" data-end=\"1191\">\u00c5pne hjertet<\/strong> for kj\u00e6rlig forbindelse<\/p>\n<\/li>\n<li data-start=\"1222\" data-end=\"1276\">\n<p data-start=\"1224\" data-end=\"1276\"><strong data-start=\"1230\" data-end=\"1262\">Koble til ditt h\u00f8yere selv<\/strong> og intuisjon<\/p>\n<\/li>\n<\/ul>\n<p data-start=\"1278\" data-end=\"1401\">Denne essensen inviterer deg til ikke lenger \u00e5 overleve, men til \u00e5 leve livet fullt ut \u2013 fra indre fred, kj\u00e6rlighet og tillit.<\/p>\n<p data-start=\"1403\" data-end=\"1448\"><strong data-start=\"1403\" data-end=\"1446\">Bruksomr\u00e5de hos voksne og barn:<\/strong><\/p>\n<ul data-start=\"1449\" data-end=\"1676\">\n<li data-start=\"1449\" data-end=\"1490\">\n<p data-start=\"1451\" data-end=\"1490\">I sorg, ensomhet eller fremmedgj\u00f8ring<\/p>\n<\/li>\n<li data-start=\"1491\" data-end=\"1567\">\n<p data-start=\"1493\" data-end=\"1567\">For h\u00f8ysensitive barn som har problemer med stimuli eller sikkerhet<\/p>\n<\/li>\n<li data-start=\"1568\" data-end=\"1611\">\n<p data-start=\"1570\" data-end=\"1611\">N\u00e5r du sliter med egenkj\u00e6rlighet og tilknytning<\/p>\n<\/li>\n<li data-start=\"1612\" data-end=\"1676\">\n<p data-start=\"1614\" data-end=\"1676\">Som st\u00f8tte i perioder med \u00e5ndelig eller emosjonell ubalanse<\/p>\n<\/li>\n<\/ul>\n<p data-start=\"1678\" data-end=\"1711\"><strong data-start=\"1678\" data-end=\"1709\">Inneholder f\u00f8lgende blomster:<\/strong><\/p>\n<ul data-start=\"1712\" data-end=\"2454\">\n<li data-start=\"1712\" data-end=\"1785\">\n<p data-start=\"1714\" data-end=\"1785\"><strong data-start=\"1714\" data-end=\"1729\">Maskeblomst<\/strong> \u2013 frigj\u00f8ring av beskyttelsesmekanismer, dyp jording<\/p>\n<\/li>\n<li data-start=\"1786\" data-end=\"1836\">\n<p data-start=\"1788\" data-end=\"1836\"><strong data-start=\"1788\" data-end=\"1806\">Borage<\/strong> \u2013 mot, komfort og mildhet<\/p>\n<\/li>\n<li data-start=\"1837\" data-end=\"1900\">\n<p data-start=\"1839\" data-end=\"1900\"><strong data-start=\"1839\" data-end=\"1853\">Vannlilje<\/strong> \u2013 forbinder eterlegeme med det fysiske<\/p>\n<\/li>\n<li data-start=\"1901\" data-end=\"1962\">\n<p data-start=\"1903\" data-end=\"1962\"><strong data-start=\"1903\" data-end=\"1917\">Immortelle<\/strong> \u2013 karmisk helbredelse, styrker sjelens jording<\/p>\n<\/li>\n<li data-start=\"1963\" data-end=\"2019\">\n<p data-start=\"1965\" data-end=\"2019\"><strong data-start=\"1965\" data-end=\"1975\">Balanse<\/strong> \u2013 harmoniserer f\u00f8lelse, tenkning og handling<\/p>\n<\/li>\n<li data-start=\"2020\" data-end=\"2075\">\n<p data-start=\"2022\" data-end=\"2075\"><strong data-start=\"2022\" data-end=\"2042\">Daggj\u00f8kblomst<\/strong> \u2013 mot til \u00e5 \u00e5pne seg<\/p>\n<\/li>\n<li data-start=\"2076\" data-end=\"2142\">\n<p data-start=\"2078\" data-end=\"2142\"><strong data-start=\"2078\" data-end=\"2104\">Queen of the Coasts<\/strong> \u2013 \u00e5pner hjerte og krone fra kj\u00e6rlighet<\/p>\n<\/li>\n<li data-start=\"2143\" data-end=\"2216\">\n<p data-start=\"2145\" data-end=\"2216\"><strong data-start=\"2145\" data-end=\"2166\">Betlehemsstjernen<\/strong> \u2013 helbredelse av dype traumer, restaurering av sjelelinjer<\/p>\n<\/li>\n<li data-start=\"2217\" data-end=\"2275\">\n<p data-start=\"2219\" data-end=\"2275\"><strong data-start=\"2219\" data-end=\"2235\">Knotweed<\/strong> \u2013 styrker forbindelsen jordkosmos \u2194<\/p>\n<\/li>\n<li data-start=\"2276\" data-end=\"2338\">\n<p data-start=\"2278\" data-end=\"2338\"><strong data-start=\"2278\" data-end=\"2295\">Yellow May Flower<\/strong> \u2013 myk og ren \u00e5pning av kronen<\/p>\n<\/li>\n<li data-start=\"2339\" data-end=\"2390\">\n<p data-start=\"2341\" data-end=\"2390\"><strong data-start=\"2341\" data-end=\"2354\">3-Unity<\/strong> \u2013 forbinder kropp, sjel og \u00e5nd<\/p>\n<\/li>\n<li data-start=\"2391\" data-end=\"2454\">\n<p data-start=\"2393\" data-end=\"2454\"><strong data-start=\"2393\" data-end=\"2417\">Kruidje Roerje Me Niet<\/strong> \u2013 beskyttelse mot overstimulering<\/p>\n<\/li>\n<\/ul>\n","protected":false},"excerpt":{"rendered":"<p>Blomsteressens for dyp jording, hjerte\u00e5pning og indre forbindelse. St\u00f8tter voksne og barn med h\u00f8y f\u00f8lsomhet, overstimulering og emosjonell restitusjon. <\/p>\n","protected":false},"featured_media":5497,"comment_status":"open","ping_status":"closed","template":"","meta":{"wds_primary_product_brand":0,"wds_primary_product_cat":0,"wds_primary_merken":0},"product_brand":[],"product_cat":[4709],"product_tag":[3636,3240,3633,3638,3596,3634,3637,3639,3241,3635],"merken":[],"class_list":{"0":"post-8788","1":"product","2":"type-product","3":"status-publish","4":"has-post-thumbnail","6":"product_cat-blomster-rettsmidler-no","7":"product_tag-andelig-forbindelse","8":"product_tag-blomst-essens","9":"product_tag-chakra-1-4-7-no","10":"product_tag-hjerte-apning","11":"product_tag-hoy-folsomhet","12":"product_tag-indre-justering","13":"product_tag-jording","14":"product_tag-kronechakra-no","15":"product_tag-ngd-care-blomstrer","16":"product_tag-stjerne-rettsmidler","17":"infinite-scroll-item","18":"sales-flash-overlay","19":"woocommerce-text-align-center","20":"woocommerce-image-align-center","21":"do-quantity-buttons","23":"first","24":"instock","25":"taxable","26":"shipping-taxable","27":"purchasable","28":"product-type-simple"},"_links":{"self":[{"href":"https:\/\/www.ngdcare.nl\/no\/wp-json\/wp\/v2\/product\/8788","targetHints":{"allow":["GET"]}}],"collection":[{"href":"https:\/\/www.ngdcare.nl\/no\/wp-json\/wp\/v2\/product"}],"about":[{"href":"https:\/\/www.ngdcare.nl\/no\/wp-json\/wp\/v2\/types\/product"}],"replies":[{"embeddable":true,"href":"https:\/\/www.ngdcare.nl\/no\/wp-json\/wp\/v2\/comments?post=8788"}],"wp:featuredmedia":[{"embeddable":true,"href":"https:\/\/www.ngdcare.nl\/no\/wp-json\/wp\/v2\/media\/5497"}],"wp:attachment":[{"href":"https:\/\/www.ngdcare.nl\/no\/wp-json\/wp\/v2\/media?parent=8788"}],"wp:term":[{"taxonomy":"product_brand","embeddable":true,"href":"https:\/\/www.ngdcare.nl\/no\/wp-json\/wp\/v2\/product_brand?post=8788"},{"taxonomy":"product_cat","embeddable":true,"href":"https:\/\/www.ngdcare.nl\/no\/wp-json\/wp\/v2\/product_cat?post=8788"},{"taxonomy":"product_tag","embeddable":true,"href":"https:\/\/www.ngdcare.nl\/no\/wp-json\/wp\/v2\/product_tag?post=8788"},{"taxonomy":"merken","embeddable":true,"href":"https:\/\/www.ngdcare.nl\/no\/wp-json\/wp\/v2\/merken?post=8788"}],"curies":[{"name":"wp","href":"https:\/\/api.w.org\/{rel}","templated":true}]}}