{"id":8800,"date":"2025-10-02T21:50:46","date_gmt":"2025-10-02T19:50:46","guid":{"rendered":"https:\/\/www.ngdcare.nl\/?post_type=product&#038;p=8800"},"modified":"2025-10-02T22:03:35","modified_gmt":"2025-10-02T20:03:35","slug":"magefolelse-essens-chakra-3-og-6-kopie-2","status":"publish","type":"product","link":"https:\/\/www.ngdcare.nl\/no\/product\/blomster-rettsmidler-no\/magefolelse-essens-chakra-3-og-6-kopie-2\/","title":{"rendered":"Magef\u00f8lelse essens \u2013 Chakra 3 og 6"},"content":{"rendered":"<p data-start=\"458\" data-end=\"660\"><strong data-start=\"458\" data-end=\"473\">Gut Feeling<\/strong> er en n\u00f8ye sammensatt blomsteressens som forbinder det <strong data-start=\"529\" data-end=\"591\">tredje chakraet (personlig styrke, besluttsomhet og retning)<\/strong> og det <strong data-start=\"599\" data-end=\"637\">sjette chakraet (intuisjon og innsikt).<\/strong><\/p>\n<p data-start=\"662\" data-end=\"1040\">Dette middelet er beregnet p\u00e5 personer som har problemer med \u00e5 ta valg, er usikre eller er for mye &laquo;i hodet&raquo;. Det tredje chakraet representerer viljestyrke og retning, mens det sjette chakraet er knyttet til intuitiv persepsjon og indre viten. N\u00e5r disse sentrene blir ubalanserte, kan det f\u00f8re til forvirring, ubesluttsomhet eller overdreven kontroll.  <\/p>\n<p data-start=\"1042\" data-end=\"1187\">Magf\u00f8lelse bidrar til \u00e5 harmonisere tenkning, f\u00f8lelse og handling med hverandre \u2013 slik at valg kan tas ut fra et rent indre kompass.<\/p>\n<p data-start=\"1189\" data-end=\"1477\"><strong data-start=\"1189\" data-end=\"1206\">For barn<\/strong><br data-start=\"1206\" data-end=\"1209\">Barn som er f\u00f8lsomme for stimuli eller har problemer med selvtillit kan ha nytte av dette middelet. Det hjelper dem \u00e5 stole bedre p\u00e5 sine egne f\u00f8lelser, \u00e5 bli mindre styrt av frykt eller frykt for \u00e5 mislykkes, og \u00e5 f\u00f8lge intuisjonen sin p\u00e5 en leken m\u00e5te. <\/p>\n<p data-start=\"1479\" data-end=\"1524\"><strong data-start=\"1479\" data-end=\"1522\">Bruksomr\u00e5de hos voksne og barn:<\/strong><\/p>\n<ul data-start=\"1525\" data-end=\"1732\">\n<li data-start=\"1525\" data-end=\"1551\">\n<p data-start=\"1527\" data-end=\"1551\">Ved stress og bekymring<\/p>\n<\/li>\n<li data-start=\"1552\" data-end=\"1589\">\n<p data-start=\"1554\" data-end=\"1589\">Ved frykt for fiasko eller ubesluttsomhet<\/p>\n<\/li>\n<li data-start=\"1590\" data-end=\"1637\">\n<p data-start=\"1592\" data-end=\"1637\">Ved blokkeringer i selvtillit eller intuisjon<\/p>\n<\/li>\n<li data-start=\"1638\" data-end=\"1680\">\n<p data-start=\"1640\" data-end=\"1680\">Ved overstimulering og h\u00f8y f\u00f8lsomhet<\/p>\n<\/li>\n<li data-start=\"1681\" data-end=\"1732\">\n<p data-start=\"1683\" data-end=\"1732\">Som st\u00f8tte for utbrenthet og f\u00f8lelsesmessig utmattelse<\/p>\n<\/li>\n<\/ul>\n<p data-start=\"1734\" data-end=\"1767\"><strong data-start=\"1734\" data-end=\"1765\">Inneholder f\u00f8lgende blomster:<\/strong><\/p>\n<ul data-start=\"1768\" data-end=\"2441\">\n<li data-start=\"1768\" data-end=\"1816\">\n<p data-start=\"1770\" data-end=\"1816\"><strong data-start=\"1770\" data-end=\"1783\">Blyurt<\/strong> \u2013 intuitiv handling og retning<\/p>\n<\/li>\n<li data-start=\"1817\" data-end=\"1864\">\n<p data-start=\"1819\" data-end=\"1864\"><strong data-start=\"1819\" data-end=\"1835\">Kupersille<\/strong> \u2013 avslappet selvutfoldelse<\/p>\n<\/li>\n<li data-start=\"1865\" data-end=\"1939\">\n<p data-start=\"1867\" data-end=\"1939\"><strong data-start=\"1867\" data-end=\"1884\">Sommerfuglbusk<\/strong> \u2013 indre styrke, som bryter seg fri fra gammel tro<\/p>\n<\/li>\n<li data-start=\"1940\" data-end=\"1995\">\n<p data-start=\"1942\" data-end=\"1995\"><strong data-start=\"1942\" data-end=\"1957\">Wild Apple<\/strong> \u2013 rensing av begrensende selvbilde<\/p>\n<\/li>\n<li data-start=\"1996\" data-end=\"2060\">\n<p data-start=\"1998\" data-end=\"2060\"><strong data-start=\"1998\" data-end=\"2019\">Betlehemsstjernen<\/strong> \u2013 restitusjon etter sjokk, traumer eller utbrenthet<\/p>\n<\/li>\n<li data-start=\"2061\" data-end=\"2110\">\n<p data-start=\"2063\" data-end=\"2110\"><strong data-start=\"2063\" data-end=\"2078\">Marsh ringblomst<\/strong> \u2013 aktivering av det tredje \u00f8yet<\/p>\n<\/li>\n<li data-start=\"2111\" data-end=\"2163\">\n<p data-start=\"2113\" data-end=\"2163\"><strong data-start=\"2113\" data-end=\"2125\">Barnet<\/strong> \u2013 tillit til intuitive impulser<\/p>\n<\/li>\n<li data-start=\"2164\" data-end=\"2214\">\n<p data-start=\"2166\" data-end=\"2214\"><strong data-start=\"2166\" data-end=\"2176\">Ismene<\/strong> \u2013 sensitivitet, indre kunnskap<\/p>\n<\/li>\n<li data-start=\"2215\" data-end=\"2264\">\n<p data-start=\"2217\" data-end=\"2264\"><strong data-start=\"2217\" data-end=\"2230\">Hortensia<\/strong> \u2013 balanse mellom hode og f\u00f8lelse<\/p>\n<\/li>\n<li data-start=\"2265\" data-end=\"2325\">\n<p data-start=\"2267\" data-end=\"2325\"><strong data-start=\"2267\" data-end=\"2281\">Immortelle<\/strong> \u2013 sjeleminne, \u00e5ndelig fordypning<\/p>\n<\/li>\n<li data-start=\"2326\" data-end=\"2377\">\n<p data-start=\"2328\" data-end=\"2377\"><strong data-start=\"2328\" data-end=\"2338\">Balanse<\/strong> \u2013 harmoniserer vilje, tenkning og f\u00f8lelse<\/p>\n<\/li>\n<li data-start=\"2378\" data-end=\"2441\">\n<p data-start=\"2380\" data-end=\"2441\"><strong data-start=\"2380\" data-end=\"2404\">Kruidje Roerje Me Niet<\/strong> \u2013 beskyttelse mot overstimulering<\/p>\n<\/li>\n<\/ul>\n","protected":false},"excerpt":{"rendered":"<p>Blomsteressens som balanserer personlig kraft og intuisjon. St\u00f8tter voksne og barn med stress, ubesluttsomhet og overstimulering. <\/p>\n","protected":false},"featured_media":5501,"comment_status":"open","ping_status":"closed","template":"","meta":[],"product_brand":[],"product_cat":[4709],"product_tag":[3730,3728,3729,3724,3725,3731,2614,3732,3726,3635,3727],"merken":[],"class_list":{"0":"post-8800","1":"product","2":"type-product","3":"status-publish","4":"has-post-thumbnail","6":"product_cat-blomster-rettsmidler-no","7":"product_tag-andelig-stotte-no","8":"product_tag-blomsteressens-selvtillit","9":"product_tag-blossom-intuisjon","10":"product_tag-chakra-3-no","11":"product_tag-chakra-6-no","12":"product_tag-indre-styrke-no","13":"product_tag-ngd-omsorg","14":"product_tag-overstimulering-no","15":"product_tag-sollys-no","16":"product_tag-stjerne-rettsmidler","17":"product_tag-tredje-oye","18":"infinite-scroll-item","19":"sales-flash-overlay","20":"woocommerce-text-align-center","21":"woocommerce-image-align-center","22":"do-quantity-buttons","24":"first","25":"instock","26":"taxable","27":"shipping-taxable","28":"purchasable","29":"product-type-simple"},"_links":{"self":[{"href":"https:\/\/www.ngdcare.nl\/no\/wp-json\/wp\/v2\/product\/8800","targetHints":{"allow":["GET"]}}],"collection":[{"href":"https:\/\/www.ngdcare.nl\/no\/wp-json\/wp\/v2\/product"}],"about":[{"href":"https:\/\/www.ngdcare.nl\/no\/wp-json\/wp\/v2\/types\/product"}],"replies":[{"embeddable":true,"href":"https:\/\/www.ngdcare.nl\/no\/wp-json\/wp\/v2\/comments?post=8800"}],"wp:featuredmedia":[{"embeddable":true,"href":"https:\/\/www.ngdcare.nl\/no\/wp-json\/wp\/v2\/media\/5501"}],"wp:attachment":[{"href":"https:\/\/www.ngdcare.nl\/no\/wp-json\/wp\/v2\/media?parent=8800"}],"wp:term":[{"taxonomy":"product_brand","embeddable":true,"href":"https:\/\/www.ngdcare.nl\/no\/wp-json\/wp\/v2\/product_brand?post=8800"},{"taxonomy":"product_cat","embeddable":true,"href":"https:\/\/www.ngdcare.nl\/no\/wp-json\/wp\/v2\/product_cat?post=8800"},{"taxonomy":"product_tag","embeddable":true,"href":"https:\/\/www.ngdcare.nl\/no\/wp-json\/wp\/v2\/product_tag?post=8800"},{"taxonomy":"merken","embeddable":true,"href":"https:\/\/www.ngdcare.nl\/no\/wp-json\/wp\/v2\/merken?post=8800"}],"curies":[{"name":"wp","href":"https:\/\/api.w.org\/{rel}","templated":true}]}}