{"id":8811,"date":"2025-10-02T22:06:35","date_gmt":"2025-10-02T20:06:35","guid":{"rendered":"https:\/\/www.ngdcare.nl\/?post_type=product&#038;p=8811"},"modified":"2025-10-02T22:14:33","modified_gmt":"2025-10-02T20:14:33","slug":"uttrykk-essens-chakra-2-og-5-kopie","status":"publish","type":"product","link":"https:\/\/www.ngdcare.nl\/no\/product\/blomster-rettsmidler-no\/uttrykk-essens-chakra-2-og-5-kopie\/","title":{"rendered":"Uttrykk essens \u2013 Chakra 2 og 5"},"content":{"rendered":"<p data-start=\"507\" data-end=\"767\"><strong data-start=\"507\" data-end=\"536\">Uttrykk \u2013 Chakra 2 og 5<\/strong> er en n\u00f8ye komponert blomsteressens som st\u00f8tter forbindelsen mellom det <strong data-start=\"625\" data-end=\"696\">andre chakraet (sakralt \u2013 livsenergi, kreativitet, sensualitet)<\/strong> og det <strong data-start=\"704\" data-end=\"764\">femte chakraet (hals \u2013 kommunikasjon, uttrykk, sannhet).<\/strong><\/p>\n<p data-start=\"769\" data-end=\"1072\">Denne kombinasjonen hjelper deg \u00e5 f\u00e5 kontakt med din indre flyt, kreative energi og din evne til \u00e5 uttrykke deg forsiktig og autentisk. Mange opplever blokkeringer p\u00e5 denne aksen: vanskeligheter med \u00e5 uttrykke f\u00f8lelser, kreativ stagnasjon, frykt for \u00e5 v\u00e6re synlig eller overdreven f\u00f8lelsesmessig f\u00f8lsomhet. <\/p>\n<p data-start=\"1074\" data-end=\"1204\">Uttrykk gir mykgj\u00f8ring, beskyttelse og rom, slik at f\u00f8lelser og ord kommer tilbake i balanse med hvem du egentlig er.<\/p>\n<p data-start=\"1206\" data-end=\"1451\"><strong data-start=\"1206\" data-end=\"1223\">For barn<\/strong><br data-start=\"1223\" data-end=\"1226\">Barn som har problemer med \u00e5 uttrykke seg eller ofte blokkerer f\u00f8lelser, kan ha nytte av dette middelet. Det hjelper dem til \u00e5 kommunisere mykere, v\u00e6re kreative p\u00e5 en leken m\u00e5te og vise f\u00f8lelsene sine p\u00e5 en trygg m\u00e5te. <\/p>\n<p data-start=\"1453\" data-end=\"1498\"><strong data-start=\"1453\" data-end=\"1496\">Bruksomr\u00e5de hos voksne og barn:<\/strong><\/p>\n<ul data-start=\"1499\" data-end=\"1845\">\n<li data-start=\"1499\" data-end=\"1562\">\n<p data-start=\"1501\" data-end=\"1562\">For f\u00f8lelsesmessige blokkeringer som tristhet, skam eller skyldf\u00f8lelse<\/p>\n<\/li>\n<li data-start=\"1563\" data-end=\"1611\">\n<p data-start=\"1565\" data-end=\"1611\">N\u00e5r det er vanskelig \u00e5 uttrykke eller kommunisere<\/p>\n<\/li>\n<li data-start=\"1612\" data-end=\"1665\">\n<p data-start=\"1614\" data-end=\"1665\">Ved kreativ stagnasjon eller relasjonelle spenninger<\/p>\n<\/li>\n<li data-start=\"1666\" data-end=\"1730\">\n<p data-start=\"1668\" data-end=\"1730\">Ved h\u00f8y f\u00f8lsomhet eller f\u00f8lsomhet for stimuli rundt hals\/tale<\/p>\n<\/li>\n<li data-start=\"1731\" data-end=\"1792\">\n<p data-start=\"1733\" data-end=\"1792\">St\u00f8tter hormonell ubalanse eller halslidelser<\/p>\n<\/li>\n<li data-start=\"1793\" data-end=\"1845\">\n<p data-start=\"1795\" data-end=\"1845\">I overgangsperioder eller kreative prosesser<\/p>\n<\/li>\n<\/ul>\n<p data-start=\"1847\" data-end=\"1880\"><strong data-start=\"1847\" data-end=\"1878\">Inneholder f\u00f8lgende blomster:<\/strong><\/p>\n<ul data-start=\"1881\" data-end=\"2529\">\n<li data-start=\"1881\" data-end=\"1943\">\n<p data-start=\"1883\" data-end=\"1943\"><strong data-start=\"1883\" data-end=\"1896\">Tilgivelse<\/strong> \u2013 \u00e5 gi slipp, \u00e5pner hjerte og f\u00f8lelsesmessig senget\u00f8y<\/p>\n<\/li>\n<li data-start=\"1944\" data-end=\"2004\">\n<p data-start=\"1946\" data-end=\"2004\"><strong data-start=\"1946\" data-end=\"1962\">Kupersille<\/strong> \u2013 lekenhet, kreativitet og letthet<\/p>\n<\/li>\n<li data-start=\"2005\" data-end=\"2067\">\n<p data-start=\"2007\" data-end=\"2067\"><strong data-start=\"2007\" data-end=\"2023\">Korallkaktus<\/strong> \u2013 myk feminin flyt, sensualitet<\/p>\n<\/li>\n<li data-start=\"2068\" data-end=\"2122\">\n<p data-start=\"2070\" data-end=\"2122\"><strong data-start=\"2070\" data-end=\"2090\">Daggj\u00f8kblomst<\/strong> \u2013 t\u00f8r \u00e5 v\u00e6re deg selv og uttrykke deg selv<\/p>\n<\/li>\n<li data-start=\"2123\" data-end=\"2179\">\n<p data-start=\"2125\" data-end=\"2179\"><strong data-start=\"2125\" data-end=\"2146\">Betlehemsstjernen<\/strong> \u2013 helbredelse av emosjonelle traumer<\/p>\n<\/li>\n<li data-start=\"2180\" data-end=\"2235\">\n<p data-start=\"2182\" data-end=\"2235\"><strong data-start=\"2182\" data-end=\"2202\">Indisk mandel<\/strong> \u2013 beskyttelse mot f\u00f8lsomhet<\/p>\n<\/li>\n<li data-start=\"2236\" data-end=\"2292\">\n<p data-start=\"2238\" data-end=\"2292\"><strong data-start=\"2238\" data-end=\"2255\">Kj\u00e6rlighet og h\u00e5p<\/strong> \u2013 mykgj\u00f8ring og indre styrke<\/p>\n<\/li>\n<li data-start=\"2293\" data-end=\"2342\">\n<p data-start=\"2295\" data-end=\"2342\"><strong data-start=\"2295\" data-end=\"2303\">Rose<\/strong> \u2013 myk hjerteenergi i kommunikasjon<\/p>\n<\/li>\n<li data-start=\"2343\" data-end=\"2396\">\n<p data-start=\"2345\" data-end=\"2396\"><strong data-start=\"2345\" data-end=\"2358\">3-Enhet<\/strong> \u2013 justering av kropp, sjel og \u00e5nd<\/p>\n<\/li>\n<li data-start=\"2397\" data-end=\"2465\">\n<p data-start=\"2399\" data-end=\"2465\"><strong data-start=\"2399\" data-end=\"2416\">Sommerfuglbusk<\/strong> \u2013 transformasjon og selvtillit i uttrykket<\/p>\n<\/li>\n<li data-start=\"2466\" data-end=\"2529\">\n<p data-start=\"2468\" data-end=\"2529\"><strong data-start=\"2468\" data-end=\"2480\">Turkis<\/strong> \u2013 styrker forbindelsen mellom f\u00f8lelse og uttrykk<\/p>\n<\/li>\n<\/ul>\n","protected":false},"excerpt":{"rendered":"<p>Blomsteressens som st\u00f8tter kreativitet og selvutfoldelse. For voksne og barn med emosjonelle blokkeringer, h\u00f8y f\u00f8lsomhet og kommunikasjonsproblemer. <\/p>\n","protected":false},"featured_media":5493,"comment_status":"open","ping_status":"closed","template":"","meta":[],"product_brand":[],"product_cat":[4709],"product_tag":[3240,3597,3598,3601,3242,3602,3596,3599,3241,3600],"merken":[],"class_list":{"0":"post-8811","1":"product","2":"type-product","3":"status-publish","4":"has-post-thumbnail","6":"product_cat-blomster-rettsmidler-no","7":"product_tag-blomst-essens","8":"product_tag-chakra-2-no","9":"product_tag-chakra-5-no","10":"product_tag-emosjonell-helbredelse","11":"product_tag-energisk-beskyttelse","12":"product_tag-folsomme-dyr","13":"product_tag-hoy-folsomhet","14":"product_tag-kreativitet","15":"product_tag-ngd-care-blomstrer","16":"product_tag-selvutfoldelse","17":"infinite-scroll-item","18":"sales-flash-overlay","19":"woocommerce-text-align-center","20":"woocommerce-image-align-center","21":"do-quantity-buttons","23":"first","24":"instock","25":"taxable","26":"shipping-taxable","27":"purchasable","28":"product-type-simple"},"_links":{"self":[{"href":"https:\/\/www.ngdcare.nl\/no\/wp-json\/wp\/v2\/product\/8811","targetHints":{"allow":["GET"]}}],"collection":[{"href":"https:\/\/www.ngdcare.nl\/no\/wp-json\/wp\/v2\/product"}],"about":[{"href":"https:\/\/www.ngdcare.nl\/no\/wp-json\/wp\/v2\/types\/product"}],"replies":[{"embeddable":true,"href":"https:\/\/www.ngdcare.nl\/no\/wp-json\/wp\/v2\/comments?post=8811"}],"wp:featuredmedia":[{"embeddable":true,"href":"https:\/\/www.ngdcare.nl\/no\/wp-json\/wp\/v2\/media\/5493"}],"wp:attachment":[{"href":"https:\/\/www.ngdcare.nl\/no\/wp-json\/wp\/v2\/media?parent=8811"}],"wp:term":[{"taxonomy":"product_brand","embeddable":true,"href":"https:\/\/www.ngdcare.nl\/no\/wp-json\/wp\/v2\/product_brand?post=8811"},{"taxonomy":"product_cat","embeddable":true,"href":"https:\/\/www.ngdcare.nl\/no\/wp-json\/wp\/v2\/product_cat?post=8811"},{"taxonomy":"product_tag","embeddable":true,"href":"https:\/\/www.ngdcare.nl\/no\/wp-json\/wp\/v2\/product_tag?post=8811"},{"taxonomy":"merken","embeddable":true,"href":"https:\/\/www.ngdcare.nl\/no\/wp-json\/wp\/v2\/merken?post=8811"}],"curies":[{"name":"wp","href":"https:\/\/api.w.org\/{rel}","templated":true}]}}