{"id":9008,"date":"2025-10-03T21:18:10","date_gmt":"2025-10-03T19:18:10","guid":{"rendered":"https:\/\/www.ngdcare.nl\/?post_type=product&#038;p=9008"},"modified":"2025-10-03T22:02:41","modified_gmt":"2025-10-03T20:02:41","slug":"hostte-immun-og-ro-kopie","status":"publish","type":"product","link":"https:\/\/www.ngdcare.nl\/no\/product\/supermat-og-te\/te-no\/hostte-immun-og-ro-kopie\/","title":{"rendered":"H\u00f8stte \u2013 Immun og ro"},"content":{"rendered":"<p data-start=\"472\" data-end=\"919\"><strong data-start=\"475\" data-end=\"514\">NGD Care Autumn Tea \u2013 Immune &amp; Calm<\/strong> er en harmonisk urtete som gir varme og mykhet i overgangen til de kaldere m\u00e5nedene. Denne blandingen kombinerer <g id=\"gid_1\">friskheten til nype<\/g> med <g id=\"gid_2\">mykheten til lindeblomst og kamille<\/g>, supplert med <g id=\"gid_3\">hylleblomst<\/g> for \u00e5 st\u00f8tte motstand. Et hint av <strong data-start=\"801\" data-end=\"811\">ingef\u00e6r<\/strong> gir subtil varme, mens <strong data-start=\"847\" data-end=\"873\">t\u00f8rkede eplebiter<\/strong> gir en myk, fruktig finish.  <\/p>\n<p data-start=\"921\" data-end=\"1172\">Teen er inspirert av <strong data-start=\"952\" data-end=\"969\">h\u00f8stsesongen<\/strong> og hjelper kropp og sinn til \u00e5 tilpasse seg jevnt til skiftende temperaturer og kortere dager. Blandingen er mild og sk\u00e5nsom, noe som gj\u00f8r den egnet for daglig bruk og for alle aldre. <\/p>\n<p data-start=\"1174\" data-end=\"1207\"><strong data-start=\"1174\" data-end=\"1205\">Egenskaper til blandingen:<\/strong><\/p>\n<ul>\n<li data-start=\"1210\" data-end=\"1309\"><strong data-start=\"1210\" data-end=\"1240\">Synergistisk sammensetning:<\/strong> balanse mellom motstand, luftveier, ford\u00f8yelse og avslapning<\/li>\n<li data-start=\"1312\" data-end=\"1368\"><strong data-start=\"1312\" data-end=\"1329\">Myk smak:<\/strong> fruktig, floral og litt varmende<\/li>\n<li data-start=\"1371\" data-end=\"1437\"><strong data-start=\"1371\" data-end=\"1392\">Sesongbasert:<\/strong> st\u00f8tter overgangen til kaldere dager<\/li>\n<li data-start=\"1440\" data-end=\"1506\"><strong data-start=\"1440\" data-end=\"1467\">Daglig \u00f8yeblikk av nytelse:<\/strong> ren, 100 % naturlig og koffeinfri<\/li>\n<li data-start=\"1509\" data-end=\"1572\"><strong data-start=\"1509\" data-end=\"1535\">Visuelt tiltalende:<\/strong> varme, h\u00f8stlige farger i hodet<\/li>\n<\/ul>\n<p data-start=\"1574\" data-end=\"1694\">Autumn Tea kommer i en <strong data-start=\"1610\" data-end=\"1656\">gjenlukkbar pose med 50 gram l\u00f8se urter<\/strong>, god til ca 25\u201330 kopper te.<\/p>\n","protected":false},"excerpt":{"rendered":"<p class=\"p1\">N\u00e6rende urtete med nype, lindeblomst og kamille. En myk h\u00f8stblanding for motstand, avslapning og balanse. <\/p>\n","protected":false},"featured_media":17681,"comment_status":"open","ping_status":"closed","template":"","meta":[],"product_brand":[],"product_cat":[4764],"product_tag":[2551],"merken":[],"class_list":{"0":"post-9008","1":"product","2":"type-product","3":"status-publish","4":"has-post-thumbnail","6":"product_cat-te-no","7":"product_tag-hostte-motstandste-urtete-host-respiratorisk-te-barnevennlig-te-dyrevennlig-te-ngd-care-te-immunbalanse-sesongbasert-te","8":"infinite-scroll-item","9":"sales-flash-overlay","10":"woocommerce-text-align-center","11":"woocommerce-image-align-center","12":"do-quantity-buttons","14":"first","15":"instock","16":"taxable","17":"shipping-taxable","18":"purchasable","19":"product-type-simple"},"_links":{"self":[{"href":"https:\/\/www.ngdcare.nl\/no\/wp-json\/wp\/v2\/product\/9008","targetHints":{"allow":["GET"]}}],"collection":[{"href":"https:\/\/www.ngdcare.nl\/no\/wp-json\/wp\/v2\/product"}],"about":[{"href":"https:\/\/www.ngdcare.nl\/no\/wp-json\/wp\/v2\/types\/product"}],"replies":[{"embeddable":true,"href":"https:\/\/www.ngdcare.nl\/no\/wp-json\/wp\/v2\/comments?post=9008"}],"wp:featuredmedia":[{"embeddable":true,"href":"https:\/\/www.ngdcare.nl\/no\/wp-json\/wp\/v2\/media\/17681"}],"wp:attachment":[{"href":"https:\/\/www.ngdcare.nl\/no\/wp-json\/wp\/v2\/media?parent=9008"}],"wp:term":[{"taxonomy":"product_brand","embeddable":true,"href":"https:\/\/www.ngdcare.nl\/no\/wp-json\/wp\/v2\/product_brand?post=9008"},{"taxonomy":"product_cat","embeddable":true,"href":"https:\/\/www.ngdcare.nl\/no\/wp-json\/wp\/v2\/product_cat?post=9008"},{"taxonomy":"product_tag","embeddable":true,"href":"https:\/\/www.ngdcare.nl\/no\/wp-json\/wp\/v2\/product_tag?post=9008"},{"taxonomy":"merken","embeddable":true,"href":"https:\/\/www.ngdcare.nl\/no\/wp-json\/wp\/v2\/merken?post=9008"}],"curies":[{"name":"wp","href":"https:\/\/api.w.org\/{rel}","templated":true}]}}