{"id":9042,"date":"2025-10-04T14:11:38","date_gmt":"2025-10-04T12:11:38","guid":{"rendered":"https:\/\/www.ngdcare.nl\/?post_type=product&#038;p=9042"},"modified":"2025-10-04T14:20:49","modified_gmt":"2025-10-04T12:20:49","slug":"gronnkal-kopie","status":"publish","type":"product","link":"https:\/\/www.ngdcare.nl\/no\/product\/human-health\/supermat-og-te\/supermat\/gronnkal-kopie\/","title":{"rendered":"Gr\u00f8nnk\u00e5l"},"content":{"rendered":"<p data-start=\"508\" data-end=\"673\"><strong data-start=\"508\" data-end=\"537\">NGD Care Kale Powder<\/strong> er et 100 % rent organisk pulver laget av t\u00f8rkede gr\u00f8nne gr\u00f8nnk\u00e5lblader \u2013 en av de mest komplette vegetabilske supermatene i verden.<\/p>\n<p data-start=\"675\" data-end=\"1037\">Gr\u00f8nnk\u00e5l er naturlig rik p\u00e5 <strong data-start=\"709\" data-end=\"757\">vitamin A, C, K og hele B-komplekset<\/strong>, og inneholder viktige <strong data-start=\"780\" data-end=\"793\">mineraler<\/strong> som kalsium, magnesium, kalium, jern og mangan. I tillegg er den spesielt rik p\u00e5 <strong data-start=\"882\" data-end=\"912\">klorofyll og antioksidanter<\/strong>, som bidrar til \u00e5 beskytte cellene mot oksidativt stress og st\u00f8tter naturlige avgiftningsprosesser. <\/p>\n<p data-start=\"1039\" data-end=\"1279\">Takket v\u00e6re sin milde, litt jordaktige smak og h\u00f8ye n\u00e6ringsmessige tetthet, er dette pulveret et perfekt tillegg til det daglige kostholdet. Bruk den i smoothies, juice, supper eller salater som en naturlig kilde til energi, motstand og vitalitet. <\/p>\n<p data-start=\"1281\" data-end=\"1301\"><strong data-start=\"1281\" data-end=\"1299\">Egenskaper:<\/strong><\/p>\n<ul>\n<li data-start=\"1304\" data-end=\"1356\">100% \u00f8kologisk, uten tilsetningsstoffer eller fyllstoffer<\/li>\n<li data-start=\"1359\" data-end=\"1407\">Rik p\u00e5 vitaminer, mineraler og antioksidanter<\/li>\n<li data-start=\"1410\" data-end=\"1456\">St\u00f8tter vitalitet og naturlig balanse<\/li>\n<li data-start=\"1459\" data-end=\"1507\">N\u00f8ytral smak \u2013 ideell for daglig bruk<\/li>\n<li data-start=\"1510\" data-end=\"1551\">Passer for vegetarianere og veganere<\/li>\n<\/ul>\n","protected":false},"excerpt":{"rendered":"<p data-start=\"316\" data-end=\"465\">100% rent \u00f8kologisk gr\u00f8nnk\u00e5lpulver. Rik p\u00e5 vitaminer, mineraler, klorofyll og antioksidanter. For naturlig vitalitet og daglig balanse.  <\/p>\n","protected":false},"featured_media":11310,"comment_status":"open","ping_status":"closed","template":"","meta":{"wds_primary_product_brand":0,"wds_primary_product_cat":0,"wds_primary_merken":0},"product_brand":[],"product_cat":[4772],"product_tag":[],"merken":[],"class_list":{"0":"post-9042","1":"product","2":"type-product","3":"status-publish","4":"has-post-thumbnail","6":"product_cat-supermat","7":"infinite-scroll-item","8":"sales-flash-overlay","9":"woocommerce-text-align-center","10":"woocommerce-image-align-center","11":"do-quantity-buttons","13":"first","14":"instock","15":"taxable","16":"shipping-taxable","17":"purchasable","18":"product-type-simple"},"_links":{"self":[{"href":"https:\/\/www.ngdcare.nl\/no\/wp-json\/wp\/v2\/product\/9042","targetHints":{"allow":["GET"]}}],"collection":[{"href":"https:\/\/www.ngdcare.nl\/no\/wp-json\/wp\/v2\/product"}],"about":[{"href":"https:\/\/www.ngdcare.nl\/no\/wp-json\/wp\/v2\/types\/product"}],"replies":[{"embeddable":true,"href":"https:\/\/www.ngdcare.nl\/no\/wp-json\/wp\/v2\/comments?post=9042"}],"wp:featuredmedia":[{"embeddable":true,"href":"https:\/\/www.ngdcare.nl\/no\/wp-json\/wp\/v2\/media\/11310"}],"wp:attachment":[{"href":"https:\/\/www.ngdcare.nl\/no\/wp-json\/wp\/v2\/media?parent=9042"}],"wp:term":[{"taxonomy":"product_brand","embeddable":true,"href":"https:\/\/www.ngdcare.nl\/no\/wp-json\/wp\/v2\/product_brand?post=9042"},{"taxonomy":"product_cat","embeddable":true,"href":"https:\/\/www.ngdcare.nl\/no\/wp-json\/wp\/v2\/product_cat?post=9042"},{"taxonomy":"product_tag","embeddable":true,"href":"https:\/\/www.ngdcare.nl\/no\/wp-json\/wp\/v2\/product_tag?post=9042"},{"taxonomy":"merken","embeddable":true,"href":"https:\/\/www.ngdcare.nl\/no\/wp-json\/wp\/v2\/merken?post=9042"}],"curies":[{"name":"wp","href":"https:\/\/api.w.org\/{rel}","templated":true}]}}