{"id":9053,"date":"2025-10-04T14:22:29","date_gmt":"2025-10-04T12:22:29","guid":{"rendered":"https:\/\/www.ngdcare.nl\/?post_type=product&#038;p=9053"},"modified":"2025-10-04T14:28:17","modified_gmt":"2025-10-04T12:28:17","slug":"brokkoli-kopie","status":"publish","type":"product","link":"https:\/\/www.ngdcare.nl\/no\/product\/human-health\/supermat-og-te\/supermat\/brokkoli-kopie\/","title":{"rendered":"Brokkoli"},"content":{"rendered":"<p data-start=\"590\" data-end=\"898\"><strong data-start=\"590\" data-end=\"619\">NGD Care \u2013 Brokkolipulver<\/strong> er en kraftig, helt naturlig forsterkning basert p\u00e5 \u00f8kologisk brokkoli. Pulveret er laget av <strong data-start=\"734\" data-end=\"805\">alle spiselige deler av planten \u2013 buketter, blader og tynne stilker<\/strong> \u2013 for \u00e5 bevare dens fulle n\u00e6ringsverdi og brede spekter av bioaktive forbindelser. <\/p>\n<p data-start=\"900\" data-end=\"1282\">Brokkoli er rik p\u00e5 <strong data-start=\"921\" data-end=\"979\">fiber, betakaroten, vitamin C, K og B9 (folat),<\/strong> og viktige <strong data-start=\"995\" data-end=\"1008\">mineraler<\/strong> som kalsium, kalium og magnesium. I tillegg inneholder den naturlig <strong data-start=\"1076\" data-end=\"1094\">glukosinolater<\/strong>, inkludert <strong data-start=\"1106\" data-end=\"1121\">sulforafan<\/strong> \u2013 en bioaktiv forbindelse som har blitt vitenskapelig studert for sin rolle i \u00e5 st\u00f8tte cellul\u00e6rt forsvar og den naturlige avgiftningsprosessen. <\/p>\n<p data-start=\"1284\" data-end=\"1504\">Med sin milde, gr\u00f8nne smak er dette pulveret perfekt som et daglig tillegg til et sunt kosthold. Bruk den i smoothies, juice, supper eller salte retter for ekstra n\u00e6ringsverdi og et subtilt snev av gr\u00f8nnsaker. <\/p>\n<p data-start=\"1506\" data-end=\"1526\"><strong data-start=\"1506\" data-end=\"1524\">Egenskaper:<\/strong><\/p>\n<ul>\n<li data-start=\"1529\" data-end=\"1581\">100% \u00f8kologisk, uten tilsetningsstoffer eller fyllstoffer<\/li>\n<li data-start=\"1584\" data-end=\"1632\">Rik p\u00e5 vitaminer, mineraler og antioksidanter<\/li>\n<li data-start=\"1635\" data-end=\"1689\">Inneholder naturlige glukosinolater (som sulforafan)<\/li>\n<li data-start=\"1692\" data-end=\"1734\">Mild p\u00e5 smak og enkel \u00e5 bruke<\/li>\n<li data-start=\"1737\" data-end=\"1778\">Passer for vegetarianere og veganere<\/li>\n<\/ul>\n","protected":false},"excerpt":{"rendered":"<p class=\"p1\">\u00d8kologisk brokkolipulver fra hele planter (buketter, blader og stilker). Rik p\u00e5 vitaminer, mineraler og naturlige glukosinolater som sulforafan. <\/p>\n","protected":false},"featured_media":11242,"comment_status":"open","ping_status":"closed","template":"","meta":{"wds_primary_product_brand":0,"wds_primary_product_cat":188,"wds_primary_merken":0},"product_brand":[],"product_cat":[4772],"product_tag":[],"merken":[],"class_list":{"0":"post-9053","1":"product","2":"type-product","3":"status-publish","4":"has-post-thumbnail","6":"product_cat-supermat","7":"infinite-scroll-item","8":"sales-flash-overlay","9":"woocommerce-text-align-center","10":"woocommerce-image-align-center","11":"do-quantity-buttons","13":"first","14":"instock","15":"taxable","16":"shipping-taxable","17":"purchasable","18":"product-type-simple"},"_links":{"self":[{"href":"https:\/\/www.ngdcare.nl\/no\/wp-json\/wp\/v2\/product\/9053","targetHints":{"allow":["GET"]}}],"collection":[{"href":"https:\/\/www.ngdcare.nl\/no\/wp-json\/wp\/v2\/product"}],"about":[{"href":"https:\/\/www.ngdcare.nl\/no\/wp-json\/wp\/v2\/types\/product"}],"replies":[{"embeddable":true,"href":"https:\/\/www.ngdcare.nl\/no\/wp-json\/wp\/v2\/comments?post=9053"}],"wp:featuredmedia":[{"embeddable":true,"href":"https:\/\/www.ngdcare.nl\/no\/wp-json\/wp\/v2\/media\/11242"}],"wp:attachment":[{"href":"https:\/\/www.ngdcare.nl\/no\/wp-json\/wp\/v2\/media?parent=9053"}],"wp:term":[{"taxonomy":"product_brand","embeddable":true,"href":"https:\/\/www.ngdcare.nl\/no\/wp-json\/wp\/v2\/product_brand?post=9053"},{"taxonomy":"product_cat","embeddable":true,"href":"https:\/\/www.ngdcare.nl\/no\/wp-json\/wp\/v2\/product_cat?post=9053"},{"taxonomy":"product_tag","embeddable":true,"href":"https:\/\/www.ngdcare.nl\/no\/wp-json\/wp\/v2\/product_tag?post=9053"},{"taxonomy":"merken","embeddable":true,"href":"https:\/\/www.ngdcare.nl\/no\/wp-json\/wp\/v2\/merken?post=9053"}],"curies":[{"name":"wp","href":"https:\/\/api.w.org\/{rel}","templated":true}]}}