{"id":9122,"date":"2025-10-11T12:48:19","date_gmt":"2025-10-11T10:48:19","guid":{"rendered":"https:\/\/www.ngdcare.nl\/product\/ukategorisert\/gw-eco-hundeleker-blekkspruten-olive\/"},"modified":"2025-10-30T15:21:07","modified_gmt":"2025-10-30T14:21:07","slug":"gw-eco-hundeleker-blekkspruten-olive","status":"publish","type":"product","link":"https:\/\/www.ngdcare.nl\/no\/product\/dyrebutikk\/hund\/berikelse-og-moro\/baerekraftige-leker\/gw-eco-hundeleker-blekkspruten-olive\/","title":{"rendered":"Green &amp; Wilds Oliven blekkspruten"},"content":{"rendered":"<p data-start=\"0\" data-end=\"239\"><strong data-start=\"0\" data-end=\"33\">Green &amp; Wilds (G&amp;W) ECO DOG TOYS \u2013 Olive the Octopus<\/strong> er en b\u00e6rekraftig og leken hundeleke, laget av naturlige, fornybare og resirkulerbare materialer. Det er trygt, milj\u00f8vennlig og designet for \u00e5 gi uendelig moro mellom deg og hunden din. <\/p>\n<p data-start=\"241\" data-end=\"405\">Olive inneholder en resirkulert kr\u00f8lleflaske for ekstra lyd og moro. Dette kan erstattes med snacks for \u00e5 gj\u00f8re leket\u00f8yet enda mer attraktivt.<\/p>\n<p data-start=\"407\" data-end=\"685\">Leken er laget av b\u00e6rekraftige jutefibre \u2013 en naturlig plantefiber \u2013 og dekket med mykt semsket skinn. Den er solid, trygg og fri for skadelige stoffer eller kjemikalier. Semsket skinn er et biprodukt fra l\u00e6rindustrien, s\u00e5 ikke noe materiale g\u00e5r tapt.<\/p>\n<p data-start=\"687\" data-end=\"719\"><strong data-start=\"687\" data-end=\"702\">Dimensjoner:<\/strong> 40 \u00d7 13 \u00d7 5 cm<\/p>\n<p data-start=\"721\" data-end=\"738\"><strong data-start=\"721\" data-end=\"736\">Viktig:<\/strong><\/p>\n<ul data-start=\"739\" data-end=\"1012\">\n<li data-start=\"739\" data-end=\"793\">\n<p data-start=\"741\" data-end=\"793\">Kun ment som leket\u00f8y, ikke som mat.<\/p>\n<\/li>\n<li data-start=\"794\" data-end=\"844\">\n<p data-start=\"796\" data-end=\"844\">La alltid hunden din leke under tilsyn.<\/p>\n<\/li>\n<li data-start=\"845\" data-end=\"933\">\n<p data-start=\"847\" data-end=\"933\">Fjern leket\u00f8yet hvis hunden din pr\u00f8ver \u00e5 bite av eller svelge biter.<\/p>\n<\/li>\n<li data-start=\"934\" data-end=\"968\">\n<p data-start=\"936\" data-end=\"968\">Ikke egnet for maskinvask.<\/p>\n<\/li>\n<li data-start=\"969\" data-end=\"1012\">\n<p data-start=\"971\" data-end=\"1012\">Ingen leket\u00f8y er uforgjengelige.<\/p>\n<\/li>\n<\/ul>\n","protected":false},"excerpt":{"rendered":"<p><strong>Blekkspruten Olive<\/strong> er en solid og slitesterk hundeleke laget av jute og semsket skinn, med en resirkulert kr\u00f8lleflaske for ekstra moro. Milj\u00f8vennlig, trygt og uimotst\u00e5elig morsomt for enhver hund. <\/p>\n","protected":false},"featured_media":9350,"comment_status":"open","ping_status":"closed","template":"","meta":[],"product_brand":[],"product_cat":[4815,5058],"product_tag":[5015,5012,4896,5013,4902,5011,4894,5014],"merken":[],"class_list":{"0":"post-9122","1":"product","2":"type-product","3":"status-publish","4":"has-post-thumbnail","6":"product_cat-baerekraftige-leker","7":"product_cat-hund","8":"product_tag-baerekraftige-hundeleker","9":"product_tag-blekksprut-leker","10":"product_tag-gront-wilds","11":"product_tag-jute-lekehund","12":"product_tag-miljovennlig","13":"product_tag-oko-hundeleketoy","14":"product_tag-plastfri","15":"product_tag-resirkulert-materiale","16":"infinite-scroll-item","17":"sales-flash-overlay","18":"woocommerce-text-align-center","19":"woocommerce-image-align-center","20":"do-quantity-buttons","22":"first","23":"instock","24":"sold-individually","25":"taxable","26":"shipping-taxable","27":"purchasable","28":"product-type-simple"},"_links":{"self":[{"href":"https:\/\/www.ngdcare.nl\/no\/wp-json\/wp\/v2\/product\/9122","targetHints":{"allow":["GET"]}}],"collection":[{"href":"https:\/\/www.ngdcare.nl\/no\/wp-json\/wp\/v2\/product"}],"about":[{"href":"https:\/\/www.ngdcare.nl\/no\/wp-json\/wp\/v2\/types\/product"}],"replies":[{"embeddable":true,"href":"https:\/\/www.ngdcare.nl\/no\/wp-json\/wp\/v2\/comments?post=9122"}],"wp:featuredmedia":[{"embeddable":true,"href":"https:\/\/www.ngdcare.nl\/no\/wp-json\/wp\/v2\/media\/9350"}],"wp:attachment":[{"href":"https:\/\/www.ngdcare.nl\/no\/wp-json\/wp\/v2\/media?parent=9122"}],"wp:term":[{"taxonomy":"product_brand","embeddable":true,"href":"https:\/\/www.ngdcare.nl\/no\/wp-json\/wp\/v2\/product_brand?post=9122"},{"taxonomy":"product_cat","embeddable":true,"href":"https:\/\/www.ngdcare.nl\/no\/wp-json\/wp\/v2\/product_cat?post=9122"},{"taxonomy":"product_tag","embeddable":true,"href":"https:\/\/www.ngdcare.nl\/no\/wp-json\/wp\/v2\/product_tag?post=9122"},{"taxonomy":"merken","embeddable":true,"href":"https:\/\/www.ngdcare.nl\/no\/wp-json\/wp\/v2\/merken?post=9122"}],"curies":[{"name":"wp","href":"https:\/\/api.w.org\/{rel}","templated":true}]}}