{"id":9207,"date":"2025-10-20T16:06:49","date_gmt":"2025-10-20T14:06:49","guid":{"rendered":"https:\/\/www.ngdcare.nl\/product\/ukategorisert\/eterisk-olje-fyrverkeri-stotte\/"},"modified":"2026-01-26T21:30:03","modified_gmt":"2026-01-26T20:30:03","slug":"eterisk-olje-fyrverkeri-stotte","status":"publish","type":"product","link":"https:\/\/www.ngdcare.nl\/no\/product\/aromaterapi-no\/eterisk-olje-fyrverkeri-stotte\/","title":{"rendered":"Fyrverkerist\u00f8tte \u2013 Fyrverkerifrykt"},"content":{"rendered":"<p data-start=\"317\" data-end=\"578\"><strong>NGD-omsorg \u2013 Fyrverkerist\u00f8tte<\/strong> er en n\u00f8ye sammensatt eterisk oljeblanding som st\u00f8tter nervesystemet i akutte stress\u00f8yeblikk og \u00f8kt f\u00f8lsomhet for lyd og stimuli, som under fyrverkeri, tordenv\u00e6r eller andre uventede bakgrunnslyder.<\/p>\n<p data-start=\"580\" data-end=\"855\">Duftkombinasjonen er varm, treaktig og tr\u00f8stende, og er spesielt tilpasset dyr som raskt bygger opp spenning eller opplever en f\u00f8lelse av usikkerhet. Fyrverkerist\u00f8tte hjelper kroppen og nervesystemet \u00e5 roe seg ned, og st\u00f8tter avslapning uten nummenhet. <\/p>\n<h4 data-start=\"862\" data-end=\"892\"> <strong>Komposisjon<\/strong><\/h4>\n<ul>\n<li data-start=\"895\" data-end=\"1072\"><strong data-start=\"895\" data-end=\"939\">Sedertre og sypress: <\/strong>Forankring og stabilisering, st\u00f8tte indre fred og bidra til \u00e5 gjenopprette en f\u00f8lelse av trygghet og begrensning.<\/li>\n<li data-start=\"1076\" data-end=\"1240\"><strong data-start=\"1076\" data-end=\"1103\">Ylang Ylang &amp; Patchouli: <\/strong>Harmonisering og avslapning st\u00f8tter frigj\u00f8ring av spenninger i muskler og nervesystem, og bidrar til emosjonell balanse.<\/li>\n<li data-start=\"1244\" data-end=\"1393\"><strong data-start=\"1244\" data-end=\"1266\">Serenity &amp; Copaiba: <\/strong>Dypt beroligende og lindrende, bidrar til \u00e5 redusere stressniv\u00e5et og st\u00f8tter rolig pust og avslapning.<\/li>\n<\/ul>\n<p data-start=\"1395\" data-end=\"1546\">Sammen danner disse oljene en mild, men effektiv synergi som st\u00f8tter dyr i stressende stimuli og hjelper til med gradvis \u00e5 redusere spenning. Den eteriske oljen kan brukes fint sammen med <a href=\"https:\/\/www.ngdcare.nl\/sv\/product\/blomma-botemedel\/fyrverkeri-essens-fyrverkeri-radsla-blomma-essens\/\">blomsteressensen Firework Support<\/a>. <\/p>\n<h4 data-start=\"1553\" data-end=\"1586\"><strong>Indikasjoner<\/strong><\/h4>\n<ul>\n<li data-start=\"1589\" data-end=\"1628\">Frykt for fyrverkeri og h\u00f8ye lyder<\/li>\n<li data-start=\"1631\" data-end=\"1670\">Lydf\u00f8lsomhet og skremreaksjoner<\/li>\n<li data-start=\"1673\" data-end=\"1707\">Spenning og uro p\u00e5 grunn av stimuli<\/li>\n<li data-start=\"1710\" data-end=\"1775\">Plutselige stresssituasjoner (tordenv\u00e6r, h\u00f8ytider, milj\u00f8)<\/li>\n<li data-start=\"1778\" data-end=\"1837\">Dyr med ekstra behov for komfort og sikkerhet<\/li>\n<\/ul>\n","protected":false},"excerpt":{"rendered":"<p><strong data-start=\"2667\" data-end=\"2700\">NGD Care eterisk olje Fyrverkerist\u00f8tte <\/strong>gir ro til hjemmet ditt og avslapning for kj\u00e6ledyret ditt under fyrverkeriperioden. Tilgjengelig som<strong data-start=\"2796\" data-end=\"2817\"> rulle-<\/strong> eller <strong data-start=\"2821\" data-end=\"2837\">diffuserolje<\/strong> \u2013 ideelt for naturlig \u00e5 redusere angst, angst og spenning hos hunder eller katter. <\/p>\n","protected":false},"featured_media":9610,"comment_status":"open","ping_status":"closed","template":"","meta":{"wds_primary_product_brand":0,"wds_primary_product_cat":0,"wds_primary_merken":0},"product_brand":[],"product_cat":[2535],"product_tag":[],"merken":[],"class_list":{"0":"post-9207","1":"product","2":"type-product","3":"status-publish","4":"has-post-thumbnail","6":"product_cat-aromaterapi-no","7":"infinite-scroll-item","8":"sales-flash-overlay","9":"woocommerce-text-align-center","10":"woocommerce-image-align-center","11":"do-quantity-buttons","13":"first","14":"instock","15":"taxable","16":"shipping-taxable","17":"purchasable","18":"product-type-variable"},"_links":{"self":[{"href":"https:\/\/www.ngdcare.nl\/no\/wp-json\/wp\/v2\/product\/9207","targetHints":{"allow":["GET"]}}],"collection":[{"href":"https:\/\/www.ngdcare.nl\/no\/wp-json\/wp\/v2\/product"}],"about":[{"href":"https:\/\/www.ngdcare.nl\/no\/wp-json\/wp\/v2\/types\/product"}],"replies":[{"embeddable":true,"href":"https:\/\/www.ngdcare.nl\/no\/wp-json\/wp\/v2\/comments?post=9207"}],"wp:featuredmedia":[{"embeddable":true,"href":"https:\/\/www.ngdcare.nl\/no\/wp-json\/wp\/v2\/media\/9610"}],"wp:attachment":[{"href":"https:\/\/www.ngdcare.nl\/no\/wp-json\/wp\/v2\/media?parent=9207"}],"wp:term":[{"taxonomy":"product_brand","embeddable":true,"href":"https:\/\/www.ngdcare.nl\/no\/wp-json\/wp\/v2\/product_brand?post=9207"},{"taxonomy":"product_cat","embeddable":true,"href":"https:\/\/www.ngdcare.nl\/no\/wp-json\/wp\/v2\/product_cat?post=9207"},{"taxonomy":"product_tag","embeddable":true,"href":"https:\/\/www.ngdcare.nl\/no\/wp-json\/wp\/v2\/product_tag?post=9207"},{"taxonomy":"merken","embeddable":true,"href":"https:\/\/www.ngdcare.nl\/no\/wp-json\/wp\/v2\/merken?post=9207"}],"curies":[{"name":"wp","href":"https:\/\/api.w.org\/{rel}","templated":true}]}}