{"id":9541,"date":"2025-11-01T16:02:06","date_gmt":"2025-11-01T15:02:06","guid":{"rendered":"https:\/\/www.ngdcare.nl\/product\/ukategorisert\/green-wilds-3-knop-stort-tau\/"},"modified":"2025-11-06T13:54:16","modified_gmt":"2025-11-06T12:54:16","slug":"green-wilds-3-knop-stort-tau","status":"publish","type":"product","link":"https:\/\/www.ngdcare.nl\/no\/product\/dyrebutikk\/hund\/berikelse-og-moro\/baerekraftige-leker\/green-wilds-3-knop-stort-tau\/","title":{"rendered":"Green &amp; Wilds 3 knop stort tau"},"content":{"rendered":"<p data-start=\"0\" data-end=\"49\"><strong data-start=\"0\" data-end=\"47\">Green &amp; Wilds \u00d8ko-hundeleket\u00f8y \u2013 3 knuter stort tau<\/strong><\/p>\n<p data-start=\"51\" data-end=\"91\">Overrask hunden din med 3 Knot Big Rope!<\/p>\n<p data-start=\"93\" data-end=\"388\">Dette t\u00f8ffe, naturlige tauet er laget av solid flettet jute \u2013 en b\u00e6rekraftig, plantebasert fiber som er 100 % biologisk nedbrytbar. Perfekt for interaktive slepespill eller \u00e5 tygge p\u00e5. Sterk, trygg og fri for skadelige stoffer, slik at hunden din kan leke bekymringsl\u00f8st.  <\/p>\n<p data-start=\"390\" data-end=\"482\"><strong data-start=\"390\" data-end=\"405\">M\u00e5l:<\/strong> ca. 11 \u00d7 73 \u00d7 3,5 cm<br data-start=\"426\" data-end=\"429\"><strong data-start=\"429\" data-end=\"447\">Passer for:<\/strong> store hunder i alle aldre<\/p>\n<p data-start=\"484\" data-end=\"513\"><strong data-start=\"484\" data-end=\"511\">Viktig \u00e5 vite:<\/strong><\/p>\n<ul>\n<li data-start=\"516\" data-end=\"563\">Kun ment som leket\u00f8y, ikke som mat<\/li>\n<li data-start=\"566\" data-end=\"609\">La alltid hunden din leke under tilsyn<\/li>\n<li data-start=\"612\" data-end=\"697\">Fjern leken hvis hunden din pr\u00f8ver \u00e5 bite av eller svelge biter<\/li>\n<li data-start=\"700\" data-end=\"731\">Ikke egnet for maskinvask<\/li>\n<li data-start=\"734\" data-end=\"774\">Ingen leker er uforgjengelige<\/li>\n<li data-start=\"777\" data-end=\"808\">Farge eller m\u00f8nster kan variere<\/li>\n<\/ul>\n","protected":false},"excerpt":{"rendered":"<article class=\"text-token-text-primary w-full focus:outline-none [--shadow-height:45px] has-data-writing-block:pointer-events-none has-data-writing-block:-mt-(--shadow-height) has-data-writing-block:pt-(--shadow-height) [&amp;:has([data-writing-block])&gt;*]:pointer-events-auto [content-visibility:auto] supports-[content-visibility:auto]:[contain-intrinsic-size:auto_100lvh] scroll-mt-[calc(var(--header-height)+min(200px,max(70px,20svh)))]\" dir=\"auto\" tabindex=\"-1\" data-turn-id=\"request-WEB:ea53a6a9-28e3-4128-a85a-568e204bcc0b-10\" data-testid=\"conversation-turn-22\" data-scroll-anchor=\"true\" data-turn=\"assistant\">\n<div class=\"text-base my-auto mx-auto pb-10 [--thread-content-margin:--spacing(4)] thread-sm:[--thread-content-margin:--spacing(6)] thread-lg:[--thread-content-margin:--spacing(16)] px-(--thread-content-margin)\">\n<div class=\"[--thread-content-max-width:40rem] thread-lg:[--thread-content-max-width:48rem] mx-auto max-w-(--thread-content-max-width) flex-1 group\/turn-messages focus-visible:outline-hidden relative flex w-full min-w-0 flex-col agent-turn\" tabindex=\"-1\">\n<div class=\"flex max-w-full flex-col grow\">\n<div class=\"min-h-8 text-message relative flex w-full flex-col items-end gap-2 text-start break-words whitespace-normal [.text-message+&amp;]:mt-1\" dir=\"auto\" data-message-author-role=\"assistant\" data-message-id=\"2fdea407-a59f-452a-9f74-655ef709a25b\" data-message-model-slug=\"gpt-5\">\n<div class=\"flex w-full flex-col gap-1 empty:hidden first:pt-[1px]\">\n<div class=\"markdown prose dark:prose-invert w-full break-words light markdown-new-styling\">\n<p data-start=\"0\" data-end=\"180\" data-is-last-node=\"\" data-is-only-node=\"\"><strong>3 Knot Big Rope<\/strong> er spilletauet for sterke spillere! Den er laget av slitesterk jute, og er ideell for \u00e5 trekke, tygge og ha det g\u00f8y sammen. Den er naturlig, t\u00f8ff og 100 % hundesikker.  <\/p>\n<\/div>\n<\/div>\n<\/div>\n<\/div>\n<div class=\"z-0 flex min-h-[46px] justify-start\"><\/div>\n<div class=\"mt-3 w-full empty:hidden\">\n<div class=\"text-center\"><\/div>\n<\/div>\n<\/div>\n<\/div>\n<\/article>\n<div class=\"pointer-events-none h-px w-px\" aria-hidden=\"true\" data-edge=\"true\"><\/div>\n","protected":false},"featured_media":9543,"comment_status":"open","ping_status":"closed","template":"","meta":[],"product_brand":[],"product_cat":[4815,5067,5058],"product_tag":[],"merken":[],"class_list":{"0":"post-9541","1":"product","2":"type-product","3":"status-publish","4":"has-post-thumbnail","6":"product_cat-baerekraftige-leker","7":"product_cat-dyrebutikk","8":"product_cat-hund","9":"infinite-scroll-item","10":"sales-flash-overlay","11":"woocommerce-text-align-center","12":"woocommerce-image-align-center","13":"do-quantity-buttons","15":"first","16":"instock","17":"sold-individually","18":"taxable","19":"shipping-taxable","20":"purchasable","21":"product-type-simple"},"_links":{"self":[{"href":"https:\/\/www.ngdcare.nl\/no\/wp-json\/wp\/v2\/product\/9541","targetHints":{"allow":["GET"]}}],"collection":[{"href":"https:\/\/www.ngdcare.nl\/no\/wp-json\/wp\/v2\/product"}],"about":[{"href":"https:\/\/www.ngdcare.nl\/no\/wp-json\/wp\/v2\/types\/product"}],"replies":[{"embeddable":true,"href":"https:\/\/www.ngdcare.nl\/no\/wp-json\/wp\/v2\/comments?post=9541"}],"wp:featuredmedia":[{"embeddable":true,"href":"https:\/\/www.ngdcare.nl\/no\/wp-json\/wp\/v2\/media\/9543"}],"wp:attachment":[{"href":"https:\/\/www.ngdcare.nl\/no\/wp-json\/wp\/v2\/media?parent=9541"}],"wp:term":[{"taxonomy":"product_brand","embeddable":true,"href":"https:\/\/www.ngdcare.nl\/no\/wp-json\/wp\/v2\/product_brand?post=9541"},{"taxonomy":"product_cat","embeddable":true,"href":"https:\/\/www.ngdcare.nl\/no\/wp-json\/wp\/v2\/product_cat?post=9541"},{"taxonomy":"product_tag","embeddable":true,"href":"https:\/\/www.ngdcare.nl\/no\/wp-json\/wp\/v2\/product_tag?post=9541"},{"taxonomy":"merken","embeddable":true,"href":"https:\/\/www.ngdcare.nl\/no\/wp-json\/wp\/v2\/merken?post=9541"}],"curies":[{"name":"wp","href":"https:\/\/api.w.org\/{rel}","templated":true}]}}