{"id":9735,"date":"2025-11-06T13:14:23","date_gmt":"2025-11-06T12:14:23","guid":{"rendered":"https:\/\/www.ngdcare.nl\/product\/ukategorisert\/naturlig-helse-hund-frysetorket-kalkun-150-gr\/"},"modified":"2025-11-07T13:23:38","modified_gmt":"2025-11-07T12:23:38","slug":"naturlig-helse-hund-frysetorket-kalkun-150-gr","status":"publish","type":"product","link":"https:\/\/www.ngdcare.nl\/no\/product\/dyrebutikk\/hund\/berikelse-og-moro\/foringspuslespill-slikkematter-og-snusematter\/naturlig-helse-hund-frysetorket-kalkun-150-gr\/","title":{"rendered":"Naturlig helse Fryst\u00f8rket kalkun til hund"},"content":{"rendered":"<p data-start=\"0\" data-end=\"83\"><strong data-start=\"0\" data-end=\"81\">Naturlig helse Hund Fryset\u00f8rket Tyrkia \u2013 Fryset\u00f8rket r\u00e5 mat  <\/strong><\/p>\n<p data-start=\"85\" data-end=\"419\">Gi hunden din det beste fra naturen med <strong data-start=\"126\" data-end=\"164\">Natural Health Fryset\u00f8rket kalkun<\/strong> \u2013 et rent, komplett og balansert m\u00e5ltid basert p\u00e5 r\u00e5 kalkun. Denne fryset\u00f8rkede maten av h\u00f8y kvalitet best\u00e5r av <strong data-start=\"293\" data-end=\"315\">80 % ferskt kj\u00f8tt<\/strong> og inneholder kun naturlige ingredienser, uten korn, fyllstoffer eller kunstige tilsetningsstoffer.<\/p>\n<p data-start=\"421\" data-end=\"751\">Den omhyggelige <strong data-start=\"442\" data-end=\"462\">fryset\u00f8rkeprosessen<\/strong> bevarer smak, struktur og n\u00e6ringsstoffer optimalt \u2013 uten oppvarming. Dette gir hunden din et lett ford\u00f8yelig, proteinrikt m\u00e5ltid fullt av essensielle aminosyrer, enzymer og sunt fett. Ideell som daglig mat, som topper over ferskt kj\u00f8tt eller som en sunn matbit p\u00e5 farten.<\/p>\n<p data-start=\"753\" data-end=\"773\"><strong data-start=\"753\" data-end=\"771\">Egenskaper:<\/strong><\/p>\n<ul>\n<li data-start=\"776\" data-end=\"842\">80 % ferskt kalkunkj\u00f8tt \u2013 rikt p\u00e5 animalsk protein av h\u00f8y kvalitet<\/li>\n<li data-start=\"845\" data-end=\"909\">Fryset\u00f8rket \u2013 bevaring av naturlig n\u00e6ringsverdi og smak<\/li>\n<li data-start=\"912\" data-end=\"983\">100 % naturlig \u2013 ingen korn, fyllstoffer eller kunstige tilsetningsstoffer<\/li>\n<li data-start=\"986\" data-end=\"1023\">Lang holdbarhet uten konserveringsmidler<\/li>\n<li data-start=\"1026\" data-end=\"1077\">Ideell for hjemme, p\u00e5 farten eller som en n\u00e6ringsrik matbit<\/li>\n<\/ul>\n<p data-start=\"1079\" data-end=\"1210\"><strong data-start=\"1079\" data-end=\"1098\">F\u00f4ringsanbefaling:<\/strong><br data-start=\"1098\" data-end=\"1101\">F\u00f4r ca. <strong data-start=\"1110\" data-end=\"1148\">1 % kroppsvekt per dag<\/strong>. Se f\u00f4ringsplanen p\u00e5 bildene for en retningslinje.<\/p>\n<p data-start=\"1941\" data-end=\"2062\">\n","protected":false},"excerpt":{"rendered":"<p><strong>Natural Health Fryset\u00f8rket kalkun<\/strong> tilbyr ren, r\u00e5 ern\u00e6ring i en enkel form. Den er n\u00e6ringsrik, lett \u00e5 ford\u00f8ye og perfekt for bevisste hundeelskere. <\/p>\n","protected":false},"featured_media":10096,"comment_status":"open","ping_status":"closed","template":"","meta":[],"product_brand":[],"product_cat":[5067,5124,5142,5058,5125],"product_tag":[],"merken":[],"class_list":{"0":"post-9735","1":"product","2":"type-product","3":"status-publish","4":"has-post-thumbnail","6":"product_cat-dyrebutikk","7":"product_cat-ernaering","8":"product_cat-foringspuslespill-slikkematter-og-snusematter","9":"product_cat-hund","10":"product_cat-torrfor","11":"infinite-scroll-item","12":"sales-flash-overlay","13":"woocommerce-text-align-center","14":"woocommerce-image-align-center","15":"do-quantity-buttons","17":"first","18":"instock","19":"sold-individually","20":"taxable","21":"shipping-taxable","22":"purchasable","23":"product-type-variable"},"_links":{"self":[{"href":"https:\/\/www.ngdcare.nl\/no\/wp-json\/wp\/v2\/product\/9735","targetHints":{"allow":["GET"]}}],"collection":[{"href":"https:\/\/www.ngdcare.nl\/no\/wp-json\/wp\/v2\/product"}],"about":[{"href":"https:\/\/www.ngdcare.nl\/no\/wp-json\/wp\/v2\/types\/product"}],"replies":[{"embeddable":true,"href":"https:\/\/www.ngdcare.nl\/no\/wp-json\/wp\/v2\/comments?post=9735"}],"wp:featuredmedia":[{"embeddable":true,"href":"https:\/\/www.ngdcare.nl\/no\/wp-json\/wp\/v2\/media\/10096"}],"wp:attachment":[{"href":"https:\/\/www.ngdcare.nl\/no\/wp-json\/wp\/v2\/media?parent=9735"}],"wp:term":[{"taxonomy":"product_brand","embeddable":true,"href":"https:\/\/www.ngdcare.nl\/no\/wp-json\/wp\/v2\/product_brand?post=9735"},{"taxonomy":"product_cat","embeddable":true,"href":"https:\/\/www.ngdcare.nl\/no\/wp-json\/wp\/v2\/product_cat?post=9735"},{"taxonomy":"product_tag","embeddable":true,"href":"https:\/\/www.ngdcare.nl\/no\/wp-json\/wp\/v2\/product_tag?post=9735"},{"taxonomy":"merken","embeddable":true,"href":"https:\/\/www.ngdcare.nl\/no\/wp-json\/wp\/v2\/merken?post=9735"}],"curies":[{"name":"wp","href":"https:\/\/api.w.org\/{rel}","templated":true}]}}