{"id":9779,"date":"2025-11-06T13:32:30","date_gmt":"2025-11-06T12:32:30","guid":{"rendered":"https:\/\/www.ngdcare.nl\/product\/ukategorisert\/naturlig-helse-hund-frysetorket-biff-150-gr\/"},"modified":"2025-11-07T12:55:00","modified_gmt":"2025-11-07T11:55:00","slug":"naturlig-helse-hund-frysetorket-biff-150-gr","status":"publish","type":"product","link":"https:\/\/www.ngdcare.nl\/no\/product\/dyrebutikk\/hund\/berikelse-og-moro\/foringspuslespill-slikkematter-og-snusematter\/naturlig-helse-hund-frysetorket-biff-150-gr\/","title":{"rendered":"Natural Health hund fryset\u00f8rket storfekj\u00f8tt"},"content":{"rendered":"<p data-start=\"0\" data-end=\"74\"><strong data-start=\"0\" data-end=\"72\">Naturlig helse Hund Fryset\u00f8rket Biff \u2013 Fryset\u00f8rket r\u00e5f\u00f4r<\/strong><\/p>\n<p data-start=\"76\" data-end=\"406\">Gi hunden din den rene kraften til naturlig mat med <strong data-start=\"126\" data-end=\"162\">Natural Health fryset\u00f8rket biff. <\/strong>Det er et komplett, balansert m\u00e5ltid basert p\u00e5 r\u00e5tt biff. Denne fryset\u00f8rkede maten av h\u00f8y kvalitet best\u00e5r av <strong data-start=\"280\" data-end=\"302\">80 % ferskt kj\u00f8tt<\/strong> og inneholder kun naturlige ingredienser, uten korn, fyllstoffer eller kunstige tilsetningsstoffer.<\/p>\n<p data-start=\"408\" data-end=\"713\">Takket v\u00e6re <strong data-start=\"420\" data-end=\"440\">fryset\u00f8rkeprosessen<\/strong> bevares smak, n\u00e6ringsstoffer og struktur fullt ut \u2013 uten oppvarming eller konserveringsmidler. P\u00e5 denne m\u00e5ten vil hunden din nyte et lett ford\u00f8yelig, proteinrikt f\u00f4r fullpakket med aminosyrer, enzymer og sunt fett som passer perfekt til deres naturlige behov.<\/p>\n<p data-start=\"715\" data-end=\"816\">Bruk den som daglig mat, som en velsmakende topper over kj\u00f8tt eller som en sunn treningssnacks.<\/p>\n<p data-start=\"818\" data-end=\"838\"><strong data-start=\"818\" data-end=\"836\">Egenskaper:<\/strong><\/p>\n<ul>\n<li data-start=\"841\" data-end=\"891\">80 % ferskt biff \u2013 rikt p\u00e5 animalsk protein<\/li>\n<li data-start=\"894\" data-end=\"963\">Fryset\u00f8rket \u2013 beholder all n\u00e6ringsverdi og naturlig smak<\/li>\n<li data-start=\"966\" data-end=\"1039\">100 % naturlig \u2013 uten korn, fyllstoffer eller kunstige tilsetningsstoffer<\/li>\n<li data-start=\"1042\" data-end=\"1079\">Lang holdbarhet uten konserveringsmidler<\/li>\n<li data-start=\"1082\" data-end=\"1132\">Ideell for hjemme, p\u00e5 farten eller som en sunn matbit<\/li>\n<\/ul>\n<p data-start=\"1134\" data-end=\"1263\"><strong data-start=\"1134\" data-end=\"1153\">F\u00f4ringsanbefaling:<\/strong><br data-start=\"1153\" data-end=\"1156\">F\u00f4r ca. <strong data-start=\"1165\" data-end=\"1203\">1 % kroppsvekt per dag<\/strong>. Se f\u00f4ringsplanen p\u00e5 bildene for retningslinjer.<\/p>\n","protected":false},"excerpt":{"rendered":"<p><strong>Natural Health Fryset\u00f8rket biff<\/strong> gir ren, r\u00e5 ern\u00e6ring i en enkel form. Den er n\u00e6ringsrik, lett \u00e5 ford\u00f8ye og perfekt for bevisste hundeelskere. <\/p>\n","protected":false},"featured_media":10085,"comment_status":"open","ping_status":"closed","template":"","meta":[],"product_brand":[],"product_cat":[5067,5124,5142,5058,5125],"product_tag":[],"merken":[],"class_list":{"0":"post-9779","1":"product","2":"type-product","3":"status-publish","4":"has-post-thumbnail","6":"product_cat-dyrebutikk","7":"product_cat-ernaering","8":"product_cat-foringspuslespill-slikkematter-og-snusematter","9":"product_cat-hund","10":"product_cat-torrfor","11":"infinite-scroll-item","12":"sales-flash-overlay","13":"woocommerce-text-align-center","14":"woocommerce-image-align-center","15":"do-quantity-buttons","17":"first","18":"instock","19":"sold-individually","20":"taxable","21":"shipping-taxable","22":"purchasable","23":"product-type-variable"},"_links":{"self":[{"href":"https:\/\/www.ngdcare.nl\/no\/wp-json\/wp\/v2\/product\/9779","targetHints":{"allow":["GET"]}}],"collection":[{"href":"https:\/\/www.ngdcare.nl\/no\/wp-json\/wp\/v2\/product"}],"about":[{"href":"https:\/\/www.ngdcare.nl\/no\/wp-json\/wp\/v2\/types\/product"}],"replies":[{"embeddable":true,"href":"https:\/\/www.ngdcare.nl\/no\/wp-json\/wp\/v2\/comments?post=9779"}],"wp:featuredmedia":[{"embeddable":true,"href":"https:\/\/www.ngdcare.nl\/no\/wp-json\/wp\/v2\/media\/10085"}],"wp:attachment":[{"href":"https:\/\/www.ngdcare.nl\/no\/wp-json\/wp\/v2\/media?parent=9779"}],"wp:term":[{"taxonomy":"product_brand","embeddable":true,"href":"https:\/\/www.ngdcare.nl\/no\/wp-json\/wp\/v2\/product_brand?post=9779"},{"taxonomy":"product_cat","embeddable":true,"href":"https:\/\/www.ngdcare.nl\/no\/wp-json\/wp\/v2\/product_cat?post=9779"},{"taxonomy":"product_tag","embeddable":true,"href":"https:\/\/www.ngdcare.nl\/no\/wp-json\/wp\/v2\/product_tag?post=9779"},{"taxonomy":"merken","embeddable":true,"href":"https:\/\/www.ngdcare.nl\/no\/wp-json\/wp\/v2\/merken?post=9779"}],"curies":[{"name":"wp","href":"https:\/\/api.w.org\/{rel}","templated":true}]}}