{"id":5785,"date":"2023-11-09T20:33:09","date_gmt":"2023-11-09T19:33:09","guid":{"rendered":"https:\/\/www.ngdcare.nl\/declaracao-de-exoneracao-de-responsabilidade\/"},"modified":"2023-11-09T20:33:09","modified_gmt":"2023-11-09T19:33:09","slug":"declaracao-de-exoneracao-de-responsabilidade","status":"publish","type":"page","link":"https:\/\/www.ngdcare.nl\/pt-pt\/declaracao-de-exoneracao-de-responsabilidade\/","title":{"rendered":"Declara\u00e7\u00e3o de exonera\u00e7\u00e3o de responsabilidade"},"content":{"rendered":"<p>O conte\u00fado deste site foi compilado com cuidado e fazemos o nosso melhor para fornecer informa\u00e7\u00f5es completas e corretas em todos os momentos. No entanto, nenhum direito pode ser derivado do conte\u00fado deste site. A NGD Care tamb\u00e9m n\u00e3o se responsabiliza por quaisquer erros neste site e reserva-se o direito de ajustar ou alterar informa\u00e7\u00f5es e\/ou pre\u00e7os a qualquer momento.  <\/p>\n<p>Os textos deste s\u00edtio Web devem ser considerados como uma orienta\u00e7\u00e3o, mas n\u00e3o substituem o aconselhamento de um veterin\u00e1rio. Em caso de d\u00favida sobre a sa\u00fade de um animal, ou a corre\u00e7\u00e3o da terapia escolhida, recomendamos consultar um veterin\u00e1rio em todos os casos. A NGD Care n\u00e3o se responsabiliza por quaisquer danos causados pelo uso incorreto ou recomenda\u00e7\u00e3o de produtos ou informa\u00e7\u00f5es mencionadas no site.  <\/p>\n<p>Todos os produtos NGD Care s\u00e3o suplementos alimentares e n\u00e3o um substituto de um estilo de vida saud\u00e1vel e dieta equilibrada variada. Os produtos n\u00e3o s\u00e3o medicamentos e, portanto, n\u00e3o podem ser usados como medicamento, mas como um suplemento diet\u00e9tico. Em caso de doen\u00e7a ou outra condi\u00e7\u00e3o m\u00e9dica, recomendamos sempre consultar um veterin\u00e1rio antes de usar. Suplementos diet\u00e9ticos podem ter intera\u00e7\u00f5es e efeitos colaterais uns com os outros e com medica\u00e7\u00e3o regular. Estas intera\u00e7\u00f5es e efeitos colaterais est\u00e3o listados nos suplementos diet\u00e9ticos individuais. Porque pouca pesquisa foi feita sobre os suplementos, Estas intera\u00e7\u00f5es e efeitos colaterais n\u00e3o ser\u00e3o completos. Por isso, \u00e9 importante usar os seus pr\u00f3prios poderes de observa\u00e7\u00e3o e consultar-nos ou a um veterin\u00e1rio em caso de d\u00favida.      <\/p>\n<p>Manter os suplementos fora do alcance de crian\u00e7as pequenas.<\/p>\n","protected":false},"excerpt":{"rendered":"<p>O conte\u00fado deste site foi compilado com cuidado e fazemos o nosso melhor para fornecer informa\u00e7\u00f5es completas e corretas em todos os momentos. No entanto, nenhum direito pode ser derivado do conte\u00fado deste site. A NGD Care tamb\u00e9m n\u00e3o se responsabiliza por quaisquer erros neste site e reserva-se o direito de ajustar ou alterar informa\u00e7\u00f5es &#8230; <a title=\"Declara\u00e7\u00e3o de exonera\u00e7\u00e3o de responsabilidade\" class=\"read-more\" href=\"https:\/\/www.ngdcare.nl\/pt-pt\/declaracao-de-exoneracao-de-responsabilidade\/\" aria-label=\"Leia mais sobre Declara\u00e7\u00e3o de exonera\u00e7\u00e3o de responsabilidade\">Ler mais<\/a><\/p>\n","protected":false},"author":1,"featured_media":0,"parent":0,"menu_order":0,"comment_status":"closed","ping_status":"closed","template":"","meta":{"footnotes":""},"class_list":{"0":"post-5785","1":"page","2":"type-page","3":"status-publish","5":"infinite-scroll-item"},"_links":{"self":[{"href":"https:\/\/www.ngdcare.nl\/pt-pt\/wp-json\/wp\/v2\/pages\/5785","targetHints":{"allow":["GET"]}}],"collection":[{"href":"https:\/\/www.ngdcare.nl\/pt-pt\/wp-json\/wp\/v2\/pages"}],"about":[{"href":"https:\/\/www.ngdcare.nl\/pt-pt\/wp-json\/wp\/v2\/types\/page"}],"author":[{"embeddable":true,"href":"https:\/\/www.ngdcare.nl\/pt-pt\/wp-json\/wp\/v2\/users\/1"}],"replies":[{"embeddable":true,"href":"https:\/\/www.ngdcare.nl\/pt-pt\/wp-json\/wp\/v2\/comments?post=5785"}],"version-history":[{"count":0,"href":"https:\/\/www.ngdcare.nl\/pt-pt\/wp-json\/wp\/v2\/pages\/5785\/revisions"}],"wp:attachment":[{"href":"https:\/\/www.ngdcare.nl\/pt-pt\/wp-json\/wp\/v2\/media?parent=5785"}],"curies":[{"name":"wp","href":"https:\/\/api.w.org\/{rel}","templated":true}]}}