{"id":5801,"date":"2023-11-09T20:29:08","date_gmt":"2023-11-09T19:29:08","guid":{"rendered":"https:\/\/www.ngdcare.nl\/opcoes-de-pagamento\/"},"modified":"2023-11-09T20:29:08","modified_gmt":"2023-11-09T19:29:08","slug":"opcoes-de-pagamento","status":"publish","type":"page","link":"https:\/\/www.ngdcare.nl\/pt-pt\/opcoes-de-pagamento\/","title":{"rendered":"Op\u00e7\u00f5es de pagamento"},"content":{"rendered":"<p>Pode pagar-se atrav\u00e9s do nosso n\u00famero de conta por transfer\u00eancia banc\u00e1ria a partir do seu pr\u00f3prio banco. Voc\u00ea tamb\u00e9m pode pagar via Ideal ou pagar depois via Klarna. Tamb\u00e9m \u00e9 poss\u00edvel pagar com cart\u00e3o de cr\u00e9dito.  <\/p>\n","protected":false},"excerpt":{"rendered":"<p>Pode pagar-se atrav\u00e9s do nosso n\u00famero de conta por transfer\u00eancia banc\u00e1ria a partir do seu pr\u00f3prio banco. Voc\u00ea tamb\u00e9m pode pagar via Ideal ou pagar depois via Klarna. Tamb\u00e9m \u00e9 poss\u00edvel pagar com cart\u00e3o de cr\u00e9dito.<\/p>\n","protected":false},"author":1,"featured_media":0,"parent":0,"menu_order":0,"comment_status":"closed","ping_status":"closed","template":"","meta":{"footnotes":""},"class_list":{"0":"post-5801","1":"page","2":"type-page","3":"status-publish","5":"infinite-scroll-item"},"_links":{"self":[{"href":"https:\/\/www.ngdcare.nl\/pt-pt\/wp-json\/wp\/v2\/pages\/5801","targetHints":{"allow":["GET"]}}],"collection":[{"href":"https:\/\/www.ngdcare.nl\/pt-pt\/wp-json\/wp\/v2\/pages"}],"about":[{"href":"https:\/\/www.ngdcare.nl\/pt-pt\/wp-json\/wp\/v2\/types\/page"}],"author":[{"embeddable":true,"href":"https:\/\/www.ngdcare.nl\/pt-pt\/wp-json\/wp\/v2\/users\/1"}],"replies":[{"embeddable":true,"href":"https:\/\/www.ngdcare.nl\/pt-pt\/wp-json\/wp\/v2\/comments?post=5801"}],"version-history":[{"count":0,"href":"https:\/\/www.ngdcare.nl\/pt-pt\/wp-json\/wp\/v2\/pages\/5801\/revisions"}],"wp:attachment":[{"href":"https:\/\/www.ngdcare.nl\/pt-pt\/wp-json\/wp\/v2\/media?parent=5801"}],"curies":[{"name":"wp","href":"https:\/\/api.w.org\/{rel}","templated":true}]}}