{"id":5814,"date":"2023-11-09T20:18:21","date_gmt":"2023-11-09T19:18:21","guid":{"rendered":"https:\/\/www.ngdcare.nl\/envios-e-devolucoes\/"},"modified":"2023-11-09T20:18:21","modified_gmt":"2023-11-09T19:18:21","slug":"envios-e-devolucoes","status":"publish","type":"page","link":"https:\/\/www.ngdcare.nl\/pt-pt\/envios-e-devolucoes\/","title":{"rendered":"Envios e devolu\u00e7\u00f5es"},"content":{"rendered":"<p>Enviar<\/p>\n<ul>\n<li>A NGD Care tenta enviar a encomenda entre 1 e 2 dias \u00fateis. O prazo de entrega n\u00e3o \u00e9 vinculativo. A ultrapassagem do prazo de entrega n\u00e3o coloca a NGD Care em situa\u00e7\u00e3o de incumprimento, tal como referido no artigo 83.\u00ba do Livro 6 do C\u00f3digo Civil neerland\u00eas.  <\/li>\n<li><span style=\"font-size: inherit;\">A NGD Care compromete-se perante o cliente a embalar adequadamente os produtos e a prend\u00ea-los de forma a que cheguem ao seu destino em boas condi\u00e7\u00f5es durante o transporte normal.<\/span><\/li>\n<li><span style=\"font-size: inherit;\">Uma vez recebida a via e rastreio, a responsabilidade recai sobre os servi\u00e7os postais. Lamentamos qualquer atraso, mas pedimos a sua paci\u00eancia. <\/span><\/li>\n<li><span style=\"font-size: inherit;\">Quaisquer defeitos vis\u00edveis devem ser comunicados \u00e0 NGD Care por escrito imediatamente ap\u00f3s a descoberta, mas o mais tardar 3 dias ap\u00f3s a entrega, e defeitos n\u00e3o vis\u00edveis imediatamente ap\u00f3s a descoberta, mas o mais tardar 3 meses ap\u00f3s a entrega.<\/span><\/li>\n<li><span style=\"font-size: inherit;\">Dependendo das dimens\u00f5es e peso do produto, utilizamos a taxa normal dos servi\u00e7os postais para o envio da encomenda. Desta forma, as taxas permanecem transparentes e voc\u00ea paga por pedido, em vez de taxas ocultas por produto. <\/span><\/li>\n<li><span style=\"font-size: inherit;\">Se a NGD Care n\u00e3o puder entregar (a tempo) devido a um caso de for\u00e7a maior, a NGD Care tem o direito de suspender o parto ou abster-se completamente do parto.<\/span><\/li>\n<\/ul>\n<h2>Devolu\u00e7\u00f5es<\/h2>\n<ul>\n<li>A NGD Care n\u00e3o \u00e9 obrigada a aceitar de volta os bens entregues ao cliente.<\/li>\n<li><span style=\"font-size: inherit;\">A NGD Care s\u00f3 pode receber de volta bens n\u00e3o abertos e n\u00e3o danificados.<\/span><\/li>\n<li><span style=\"font-size: inherit;\">O cliente tem o direito de 14 dias para devolver os produtos. Todos os custos adicionais, como embalagem e envio s\u00e3o para o cliente. A sua fatura ser\u00e1 creditada no prazo de 5 dias \u00fateis ap\u00f3s a rece\u00e7\u00e3o de produtos n\u00e3o abertos e n\u00e3o danificados.  <\/span><\/li>\n<li><span style=\"font-size: inherit;\">Devolu\u00e7\u00f5es ap\u00f3s 14 dias n\u00e3o ser\u00e3o mais aceitas pela NGD Care.<\/span><\/li>\n<\/ul>\n","protected":false},"excerpt":{"rendered":"<p>Enviar A NGD Care tenta enviar a encomenda entre 1 e 2 dias \u00fateis. O prazo de entrega n\u00e3o \u00e9 vinculativo. A ultrapassagem do prazo de entrega n\u00e3o coloca a NGD Care em situa\u00e7\u00e3o de incumprimento, tal como referido no artigo 83.\u00ba do Livro 6 do C\u00f3digo Civil neerland\u00eas. A NGD Care compromete-se perante o &#8230; <a title=\"Envios e devolu\u00e7\u00f5es\" class=\"read-more\" href=\"https:\/\/www.ngdcare.nl\/pt-pt\/envios-e-devolucoes\/\" aria-label=\"Leia mais sobre Envios e devolu\u00e7\u00f5es\">Ler mais<\/a><\/p>\n","protected":false},"author":1,"featured_media":0,"parent":0,"menu_order":0,"comment_status":"closed","ping_status":"closed","template":"","meta":{"footnotes":""},"class_list":{"0":"post-5814","1":"page","2":"type-page","3":"status-publish","5":"infinite-scroll-item"},"_links":{"self":[{"href":"https:\/\/www.ngdcare.nl\/pt-pt\/wp-json\/wp\/v2\/pages\/5814","targetHints":{"allow":["GET"]}}],"collection":[{"href":"https:\/\/www.ngdcare.nl\/pt-pt\/wp-json\/wp\/v2\/pages"}],"about":[{"href":"https:\/\/www.ngdcare.nl\/pt-pt\/wp-json\/wp\/v2\/types\/page"}],"author":[{"embeddable":true,"href":"https:\/\/www.ngdcare.nl\/pt-pt\/wp-json\/wp\/v2\/users\/1"}],"replies":[{"embeddable":true,"href":"https:\/\/www.ngdcare.nl\/pt-pt\/wp-json\/wp\/v2\/comments?post=5814"}],"version-history":[{"count":0,"href":"https:\/\/www.ngdcare.nl\/pt-pt\/wp-json\/wp\/v2\/pages\/5814\/revisions"}],"wp:attachment":[{"href":"https:\/\/www.ngdcare.nl\/pt-pt\/wp-json\/wp\/v2\/media?parent=5814"}],"curies":[{"name":"wp","href":"https:\/\/api.w.org\/{rel}","templated":true}]}}