{"id":10048,"date":"2025-11-07T14:25:04","date_gmt":"2025-11-07T13:25:04","guid":{"rendered":"https:\/\/www.ngdcare.nl\/product\/sem%20categoria\/pala-dog-food-frango\/"},"modified":"2025-11-07T14:28:00","modified_gmt":"2025-11-07T13:28:00","slug":"pala-dog-food-frango","status":"publish","type":"product","link":"https:\/\/www.ngdcare.nl\/pt-pt\/product\/loja-de-animais-de-estimacao\/cao\/nutricao\/alimentos-secos\/pala-dog-food-frango\/","title":{"rendered":"Pala Dog Food \u2013 Frango"},"content":{"rendered":"<p data-start=\"0\" data-end=\"79\"><strong data-start=\"0\" data-end=\"77\">Pala Dog Food \u2013 Receita #5 Frango \u2013 Alimento Completo para C\u00e3o Seco ao Ar<\/strong><\/p>\n<p data-start=\"81\" data-end=\"444\">Alimente o seu c\u00e3o com energia pura de frango e ovo \u2013 <strong data-start=\"127\" data-end=\"153\">Pala Receita #5 O frango<\/strong> \u00e9 rico em prote\u00ednas nutritivas, gorduras, vitaminas e minerais. Esta receita apresenta <strong data-start=\"234\" data-end=\"261\">frango inteiro e ovos inteiros<\/strong>, combinados com legumes frescos, bagas e ervas. Os ingredientes s\u00e3o lentamente <strong data-start=\"347\" data-end=\"384\">secos ao ar livre a baixa temperatura<\/strong>, para que todos os nutrientes naturais sejam preservados.<\/p>\n<p data-start=\"446\" data-end=\"751\">Com o seu <strong data-start=\"455\" data-end=\"481\">maior teor cal\u00f3rico<\/strong> de todas as receitas Pala, este alimento \u00e9 perfeito para <strong data-start=\"530\" data-end=\"548\">c\u00e3es ativos<\/strong>, c\u00e3es com um metabolismo elevado ou que precisam de apoio extra na constru\u00e7\u00e3o e recupera\u00e7\u00e3o muscular. Ajuda com uma pele saud\u00e1vel, articula\u00e7\u00f5es fortes, um bom sistema imunol\u00f3gico e uma pelagem brilhante.<\/p>\n<p data-start=\"753\" data-end=\"773\"><strong data-start=\"753\" data-end=\"771\">Propriedades:<\/strong><\/p>\n<ul>\n<li data-start=\"776\" data-end=\"837\">76% frango e 6% ovo \u2013 fonte \u00fanica de prote\u00edna altamente diger\u00edvel<\/li>\n<li data-start=\"840\" data-end=\"908\">Seco ao ar a baixa temperatura \u2013 ret\u00e9m vitaminas e minerais<\/li>\n<li data-start=\"911\" data-end=\"975\">Alto n\u00edvel de energia \u2013 ideal para c\u00e3es ativos ou exigentes<\/li>\n<li data-start=\"978\" data-end=\"1028\">Alimento completo para c\u00e3es de todas as idades<\/li>\n<li data-start=\"1031\" data-end=\"1079\">Rico em \u00e1cidos gordos \u00f3mega 3 &amp; 6 e antioxidantes<\/li>\n<li data-start=\"1082\" data-end=\"1122\">Sem fragr\u00e2ncias, corantes e aromatizantes<\/li>\n<li data-start=\"1125\" data-end=\"1174\">Pode ser forrado seco ou usado como topper<\/li>\n<li data-start=\"1177\" data-end=\"1240\">Alternativa pr\u00e1tica aos alimentos frescos \u2013 ideal para quem viaja<\/li>\n<li data-start=\"1243\" data-end=\"1282\">Feito com ingredientes finlandeses locais<\/li>\n<\/ul>\n<p><strong data-start=\"1884\" data-end=\"1903\">Recomenda\u00e7\u00e3o de alimenta\u00e7\u00e3o:<\/strong><br data-start=\"1903\" data-end=\"1906\">Use aprox. <strong data-start=\"1918\" data-end=\"1938\">65\u2013311 g por dia<\/strong>, dependendo do peso do c\u00e3o (veja a tabela no site do Pala para mais detalhes). Certifique-se sempre de que h\u00e1 muita <strong data-start=\"2052\" data-end=\"2071\">\u00e1gua pot\u00e1vel<\/strong>.<\/p>\n","protected":false},"excerpt":{"rendered":"<p><strong>Pala Receita #5 Frango<\/strong> oferece poder puro, seco ao ar de frango e ovo. \u00c9 nutritivo, energ\u00e9tico e ideal para c\u00e3es ativos de qualquer idade! <\/p>\n","protected":false},"featured_media":10053,"comment_status":"open","ping_status":"closed","template":"","meta":[],"product_brand":[],"product_cat":[5119,5057,5118],"product_tag":[],"merken":[],"class_list":{"0":"post-10048","1":"product","2":"type-product","3":"status-publish","4":"has-post-thumbnail","6":"product_cat-alimentos-secos","7":"product_cat-cao","8":"product_cat-nutricao","9":"infinite-scroll-item","10":"sales-flash-overlay","11":"woocommerce-text-align-center","12":"woocommerce-image-align-center","13":"do-quantity-buttons","15":"first","16":"instock","17":"sold-individually","18":"taxable","19":"shipping-taxable","20":"purchasable","21":"product-type-variable"},"_links":{"self":[{"href":"https:\/\/www.ngdcare.nl\/pt-pt\/wp-json\/wp\/v2\/product\/10048","targetHints":{"allow":["GET"]}}],"collection":[{"href":"https:\/\/www.ngdcare.nl\/pt-pt\/wp-json\/wp\/v2\/product"}],"about":[{"href":"https:\/\/www.ngdcare.nl\/pt-pt\/wp-json\/wp\/v2\/types\/product"}],"replies":[{"embeddable":true,"href":"https:\/\/www.ngdcare.nl\/pt-pt\/wp-json\/wp\/v2\/comments?post=10048"}],"wp:featuredmedia":[{"embeddable":true,"href":"https:\/\/www.ngdcare.nl\/pt-pt\/wp-json\/wp\/v2\/media\/10053"}],"wp:attachment":[{"href":"https:\/\/www.ngdcare.nl\/pt-pt\/wp-json\/wp\/v2\/media?parent=10048"}],"wp:term":[{"taxonomy":"product_brand","embeddable":true,"href":"https:\/\/www.ngdcare.nl\/pt-pt\/wp-json\/wp\/v2\/product_brand?post=10048"},{"taxonomy":"product_cat","embeddable":true,"href":"https:\/\/www.ngdcare.nl\/pt-pt\/wp-json\/wp\/v2\/product_cat?post=10048"},{"taxonomy":"product_tag","embeddable":true,"href":"https:\/\/www.ngdcare.nl\/pt-pt\/wp-json\/wp\/v2\/product_tag?post=10048"},{"taxonomy":"merken","embeddable":true,"href":"https:\/\/www.ngdcare.nl\/pt-pt\/wp-json\/wp\/v2\/merken?post=10048"}],"curies":[{"name":"wp","href":"https:\/\/api.w.org\/{rel}","templated":true}]}}