{"id":10123,"date":"2025-11-07T15:47:06","date_gmt":"2025-11-07T14:47:06","guid":{"rendered":"https:\/\/www.ngdcare.nl\/product\/sem categoria\/pala-dog-food-cordeiro-arenque\/"},"modified":"2025-11-07T15:47:06","modified_gmt":"2025-11-07T14:47:06","slug":"pala-dog-food-cordeiro-arenque","status":"publish","type":"product","link":"https:\/\/www.ngdcare.nl\/pt-pt\/product\/loja-de-animais-de-estimacao\/cao\/nutricao\/alimentos-secos\/pala-dog-food-cordeiro-arenque\/","title":{"rendered":"Pala Dog Food \u2013 Cordeiro &amp; Arenque"},"content":{"rendered":"<p data-start=\"0\" data-end=\"86\"><strong data-start=\"0\" data-end=\"84\">Pala Dog Food \u2013 Receita #7 Cordeiro &amp; Arenque \u2013 Alimento Completo para C\u00e3o Seco ao Ar<\/strong><\/p>\n<p data-start=\"88\" data-end=\"403\">Descubra o sabor mais recente de Pala: <strong data-start=\"123\" data-end=\"151\">Receita #7 Cordeiro &amp; Arenque<\/strong> \u2013 uma refei\u00e7\u00e3o de f\u00e1cil digest\u00e3o, rica em prote\u00ednas, com cordeiro como ingrediente principal e arenque do Atl\u00e2ntico para uma dose saud\u00e1vel de \u00e1cidos gordos \u00f3mega. Perfeito para <strong data-start=\"305\" data-end=\"332\">cachorros, c\u00e3es ativos<\/strong> ou comedores exigentes que adoram comida natural e saborosa. <\/p>\n<p data-start=\"405\" data-end=\"778\">Pala \u00e9 lentamente <strong data-start=\"425\" data-end=\"462\">seco ao ar a baixa temperatura<\/strong>, de modo que todos os nutrientes, vitaminas e enzimas naturais permanecem intactos. Com borrego, arenque, ovo, vegetais frescos e produtos de sa\u00fade como a\u00e7afr\u00e3o, erva de trigo e algas marinhas, esta receita fornece uma nutri\u00e7\u00e3o completa e equilibrada que apoia o seu c\u00e3o de dentro para fora \u2013 desde <strong data-start=\"733\" data-end=\"775\">m\u00fasculos fortes a uma pelagem brilhante<\/strong>. <\/p>\n<p data-start=\"780\" data-end=\"800\"><strong data-start=\"780\" data-end=\"798\">Propriedades:<\/strong><\/p>\n<ul>\n<li data-start=\"803\" data-end=\"869\">44% borrego e 32% arenque do Atl\u00e2ntico \u2013 rico em prote\u00ednas e \u00f3megas<\/li>\n<li data-start=\"872\" data-end=\"935\">Secagem ao ar a baixa temperatura \u2013 preserva\u00e7\u00e3o do valor nutricional<\/li>\n<li data-start=\"938\" data-end=\"1007\">Alimento completo e de f\u00e1cil digest\u00e3o para c\u00e3es de todas as idades<\/li>\n<li data-start=\"1010\" data-end=\"1068\">Suporta a pele, pelo, digest\u00e3o e sistema imunit\u00e1rio<\/li>\n<li data-start=\"1071\" data-end=\"1127\">100% natural \u2013 sem fragr\u00e2ncias, cores ou sabores<\/li>\n<li data-start=\"1130\" data-end=\"1179\">Pode ser forrado a seco ou usado como topper<\/li>\n<li data-start=\"1182\" data-end=\"1254\">Alternativa pr\u00e1tica \u00e0 comida fresca \u2013 ideal para viagem ou f\u00e9rias<\/li>\n<li data-start=\"1257\" data-end=\"1296\">Feito com ingredientes finlandeses locais<\/li>\n<\/ul>\n<p><strong data-start=\"1931\" data-end=\"1950\">Recomenda\u00e7\u00e3o de alimenta\u00e7\u00e3o:<\/strong><br data-start=\"1950\" data-end=\"1953\">Use aprox. <strong data-start=\"1965\" data-end=\"1985\">65\u2013311 g por dia<\/strong>, dependendo do peso do c\u00e3o (veja a tabela no site do Pala para mais detalhes). Certifique-se sempre de que h\u00e1 muita <strong data-start=\"2099\" data-end=\"2118\">\u00e1gua pot\u00e1vel<\/strong>.<\/p>\n","protected":false},"excerpt":{"rendered":"<p><strong>Pala Receita #7 Cordeiro &amp; Arenque<\/strong> \u00e9 poder natural em cada mordida! \u00c9 rico em cordeiro, arenque e superalimentos para um c\u00e3o saud\u00e1vel e en\u00e9rgico com uma pelagem brilhante. <\/p>\n","protected":false},"featured_media":10131,"comment_status":"open","ping_status":"closed","template":"","meta":[],"product_brand":[],"product_cat":[5119,5057,5118],"product_tag":[],"merken":[],"class_list":{"0":"post-10123","1":"product","2":"type-product","3":"status-publish","4":"has-post-thumbnail","6":"product_cat-alimentos-secos","7":"product_cat-cao","8":"product_cat-nutricao","9":"infinite-scroll-item","10":"sales-flash-overlay","11":"woocommerce-text-align-center","12":"woocommerce-image-align-center","13":"do-quantity-buttons","15":"first","16":"instock","17":"sold-individually","18":"taxable","19":"shipping-taxable","20":"purchasable","21":"product-type-variable"},"_links":{"self":[{"href":"https:\/\/www.ngdcare.nl\/pt-pt\/wp-json\/wp\/v2\/product\/10123","targetHints":{"allow":["GET"]}}],"collection":[{"href":"https:\/\/www.ngdcare.nl\/pt-pt\/wp-json\/wp\/v2\/product"}],"about":[{"href":"https:\/\/www.ngdcare.nl\/pt-pt\/wp-json\/wp\/v2\/types\/product"}],"replies":[{"embeddable":true,"href":"https:\/\/www.ngdcare.nl\/pt-pt\/wp-json\/wp\/v2\/comments?post=10123"}],"wp:featuredmedia":[{"embeddable":true,"href":"https:\/\/www.ngdcare.nl\/pt-pt\/wp-json\/wp\/v2\/media\/10131"}],"wp:attachment":[{"href":"https:\/\/www.ngdcare.nl\/pt-pt\/wp-json\/wp\/v2\/media?parent=10123"}],"wp:term":[{"taxonomy":"product_brand","embeddable":true,"href":"https:\/\/www.ngdcare.nl\/pt-pt\/wp-json\/wp\/v2\/product_brand?post=10123"},{"taxonomy":"product_cat","embeddable":true,"href":"https:\/\/www.ngdcare.nl\/pt-pt\/wp-json\/wp\/v2\/product_cat?post=10123"},{"taxonomy":"product_tag","embeddable":true,"href":"https:\/\/www.ngdcare.nl\/pt-pt\/wp-json\/wp\/v2\/product_tag?post=10123"},{"taxonomy":"merken","embeddable":true,"href":"https:\/\/www.ngdcare.nl\/pt-pt\/wp-json\/wp\/v2\/merken?post=10123"}],"curies":[{"name":"wp","href":"https:\/\/api.w.org\/{rel}","templated":true}]}}