{"id":10303,"date":"2025-11-15T21:34:33","date_gmt":"2025-11-15T20:34:33","guid":{"rendered":"https:\/\/www.ngdcare.nl\/?post_type=product&#038;p=10303"},"modified":"2025-11-24T16:16:53","modified_gmt":"2025-11-24T15:16:53","slug":"prebioticos-fibra-prebiotica-kopie","status":"publish","type":"product","link":"https:\/\/www.ngdcare.nl\/pt-pt\/product\/human-health\/suplementos-alimentares\/prebioticos-fibra-prebiotica-kopie\/","title":{"rendered":"Fibra prebi\u00f3tica"},"content":{"rendered":"<div>\n<p style=\"font-weight: 400;\"><strong>Cuidados NGD \u2013 A fibra prebi\u00f3tica <\/strong>\u00e9 uma mistura cuidadosamente composta por fibras naturais e subst\u00e2ncias funcionais que servem de alimento para bact\u00e9rias intestinais ben\u00e9ficas. Ao contr\u00e1rio dos probi\u00f3ticos (bact\u00e9rias vivas), <strong>os prebi\u00f3ticos s\u00e3o fibras ferment\u00e1veis<\/strong> que estimulam o crescimento e a atividade do microbioma existente. Os prebi\u00f3ticos s\u00e3o hidratos de carbono indigest\u00edveis que atravessam o trato gastrointestinal e s\u00e3o fermentados seletivamente no c\u00f3lon por esp\u00e9cies bacterianas ben\u00e9ficas como Bifidobacterium e Lactobacillus. Isto cria \u00e1cidos gordos de cadeia curta (SCFAs), como butirato, propionato e acetato, que nutrem a parede intestinal, baixam o pH, modulam processos inflamat\u00f3rios e apoiam a barreira intestinal. Este Complexo Prebi\u00f3tico foi desenvolvido para promover a diversidade e estabilidade do microbioma de forma moderada, mas eficaz.    <\/p>\n<p style=\"font-weight: 400;\">Esta f\u00f3rmula \u00fanica cont\u00e9m os <strong>cinco principais grupos prebi\u00f3ticos<\/strong>:<\/p>\n<ul>\n<li style=\"font-weight: 400;\"><strong>Inulina e FOS<\/strong> de raiz de chic\u00f3ria<\/li>\n<li><strong>Arabinogalactans<\/strong> de fibra de ac\u00e1cia<\/li>\n<li><strong>MOS<\/strong> de <em>Saccharomyces boulardii<\/em><\/li>\n<li><strong>Beta-glucanos<\/strong> do cogumelo <em>Agaricus blazei<\/em><\/li>\n<\/ul>\n<p>O produto \u00e9 bem adequado para perturba\u00e7\u00f5es do equil\u00edbrio intestinal (ap\u00f3s medica\u00e7\u00e3o, stress, doen\u00e7a), em caso de obstipa\u00e7\u00e3o ou movimentos intestinais irregulares e como parte de um protocolo intestinal integral. Os prebi\u00f3ticos n\u00e3o s\u00f3 ajudam na sa\u00fade intestinal local, como tamb\u00e9m t\u00eam efeitos sist\u00e9micos no eixo intestino-c\u00e9rebro, eixo imune intestinal e eixo metabolismo intestinal. Podem contribuir para uma melhor toler\u00e2ncia aos alimentos, uma energia mais est\u00e1vel e uma resposta imunit\u00e1ria mais equilibrada.<br data-start=\"1961\" data-end=\"1964\">Como os intestinos sens\u00edveis por vezes reagem violentamente a grandes quantidades de fibra ferment\u00e1vel, este complexo destina-se a acumular-se lentamente. Pode ser combinado com probi\u00f3ticos, glutamina, lactoferrina e outros suportes intestinais. Para pessoas com SIBO ou queixas graves de gases\/dor, a dosagem e o tipo de fibra escolhidos s\u00e3o preferencialmente ajustados por um terapeuta.    <\/p>\n<\/div>\n","protected":false},"excerpt":{"rendered":"<p style=\"font-weight: 400;\">Prebiotics Fiber da NGD Care cont\u00e9m uma mistura de fibras sol\u00faveis que servem de alimento para bact\u00e9rias ben\u00e9ficas do intestino. Apoia um microbioma saud\u00e1vel, barreira intestinal e movimentos intestinais. <\/p>\n","protected":false},"featured_media":11817,"comment_status":"open","ping_status":"closed","template":"","meta":{"wds_primary_product_brand":0,"wds_primary_product_cat":0,"wds_primary_merken":0},"product_brand":[],"product_cat":[5314],"product_tag":[5773,1946,5317,1824,5772,2945,2944,2946,5771,1947,5770,1956,1847,2943,1953,5425],"merken":[2756],"class_list":{"0":"post-10303","1":"product","2":"type-product","3":"status-publish","4":"has-post-thumbnail","6":"product_cat-suplementos-alimentares","7":"product_tag-barreira-intestinal","8":"product_tag-cao","9":"product_tag-cuidados-ngd-saude-humana","10":"product_tag-digestao","11":"product_tag-evacuacao","12":"product_tag-excrementos","13":"product_tag-fibra-pt-pt","14":"product_tag-flora-intestinal-pt-pt","15":"product_tag-fos","16":"product_tag-gato-pt-pt","17":"product_tag-inulina","18":"product_tag-microbioma-pt-pt","19":"product_tag-ngd-suplementos-de-cuidados","20":"product_tag-prebioticos-pt-pt","21":"product_tag-saude-intestinal","22":"product_tag-suplementos-humanos","23":"merken-ngdcare","24":"infinite-scroll-item","25":"sales-flash-overlay","26":"woocommerce-text-align-center","27":"woocommerce-image-align-center","28":"do-quantity-buttons","30":"first","31":"instock","32":"taxable","33":"shipping-taxable","34":"purchasable","35":"product-type-simple"},"_links":{"self":[{"href":"https:\/\/www.ngdcare.nl\/pt-pt\/wp-json\/wp\/v2\/product\/10303","targetHints":{"allow":["GET"]}}],"collection":[{"href":"https:\/\/www.ngdcare.nl\/pt-pt\/wp-json\/wp\/v2\/product"}],"about":[{"href":"https:\/\/www.ngdcare.nl\/pt-pt\/wp-json\/wp\/v2\/types\/product"}],"replies":[{"embeddable":true,"href":"https:\/\/www.ngdcare.nl\/pt-pt\/wp-json\/wp\/v2\/comments?post=10303"}],"wp:featuredmedia":[{"embeddable":true,"href":"https:\/\/www.ngdcare.nl\/pt-pt\/wp-json\/wp\/v2\/media\/11817"}],"wp:attachment":[{"href":"https:\/\/www.ngdcare.nl\/pt-pt\/wp-json\/wp\/v2\/media?parent=10303"}],"wp:term":[{"taxonomy":"product_brand","embeddable":true,"href":"https:\/\/www.ngdcare.nl\/pt-pt\/wp-json\/wp\/v2\/product_brand?post=10303"},{"taxonomy":"product_cat","embeddable":true,"href":"https:\/\/www.ngdcare.nl\/pt-pt\/wp-json\/wp\/v2\/product_cat?post=10303"},{"taxonomy":"product_tag","embeddable":true,"href":"https:\/\/www.ngdcare.nl\/pt-pt\/wp-json\/wp\/v2\/product_tag?post=10303"},{"taxonomy":"merken","embeddable":true,"href":"https:\/\/www.ngdcare.nl\/pt-pt\/wp-json\/wp\/v2\/merken?post=10303"}],"curies":[{"name":"wp","href":"https:\/\/api.w.org\/{rel}","templated":true}]}}